{"id":6225,"date":"2021-08-30T11:58:10","date_gmt":"2021-08-30T14:58:10","guid":{"rendered":"https:\/\/www.livrariadocampus.com.br\/?post_type=product&#038;p=6225"},"modified":"2024-09-24T17:53:49","modified_gmt":"2024-09-24T20:53:49","slug":"semiologia-clinica-2021-por-milton-de-arruda-martins-editor","status":"publish","type":"product","link":"https:\/\/livrariadocampus.com.br\/loja\/produto\/semiologia-clinica-2021-por-milton-de-arruda-martins-editor\/","title":{"rendered":"Semiologia Cl\u00ednica  2021   por M\u00edlton de Arruda Martins (Editor),"},"content":{"rendered":"<p>O livro Semiologia Cl\u00ednica foi idealizado com uma nova proposta no ensino da proped\u00eautica, com abordagem humanizada e centrada em sinais, sintomas e exame cl\u00ednico. Visa tamb\u00e9m a preparar o profissional para situa\u00e7\u00f5es n\u00e3o convencionais. Dividido em 5 grandes se\u00e7\u00f5es. Na primeira, s\u00e3o abordados os temas da hist\u00f3ria cl\u00ednica, promo\u00e7\u00e3o da sa\u00fade, semiologia baseada em evid\u00eancias e t\u00e9cnica de comunica\u00e7\u00e3o. A Se\u00e7\u00e3o 2 trata do exame cl\u00ednico de forma padronizada por sistemas. A Se\u00e7\u00e3o 3 aborda o racioc\u00ednio diagn\u00f3stico com base nos sinais e sintomas. Na se\u00e7\u00e3o seguinte, abordam-se as grandes s\u00edndromes da cl\u00ednica m\u00e9dica. Por fim, na quinta se\u00e7\u00e3o, discutem-se situa\u00e7\u00f5es especiais da pr\u00e1tica m\u00e9dica, como as semiologias dos pacientes com incapacidade, com defici\u00eancia intelectual, em fase final de vida e obesidade. Objetivando melhor compreens\u00e3o do conhecimento, h\u00e1 vasto uso de imagens explicativas, tabela-s\u00edntese ao final dos cap\u00edtulos, casos cl\u00ednicos e v\u00eddeos demonstrativos dos diversos exames cl\u00ednicos<\/p>\n","protected":false},"excerpt":{"rendered":"<p>O livro Semiologia Cl\u00ednica foi idealizado com uma nova proposta no ensino da proped\u00eautica, com abordagem humanizada e centrada em sinais, sintomas e exame cl\u00ednico. Visa tamb\u00e9m a preparar o profissional para situa\u00e7\u00f5es n\u00e3o convencionais. Dividido em 5 grandes se\u00e7\u00f5es. Na primeira, s\u00e3o abordados os temas da hist\u00f3ria cl\u00ednica, promo\u00e7\u00e3o da sa\u00fade, semiologia baseada em&hellip;&nbsp;<a href=\"https:\/\/livrariadocampus.com.br\/loja\/produto\/semiologia-clinica-2021-por-milton-de-arruda-martins-editor\/\" class=\"\" rel=\"bookmark\">Continue a ler &raquo;<span class=\"screen-reader-text\">Semiologia Cl\u00ednica  2021   por M\u00edlton de Arruda Martins (Editor),<\/span><\/a><\/p>\n","protected":false},"featured_media":6226,"template":"","meta":{"neve_meta_sidebar":"","neve_meta_container":"","neve_meta_enable_content_width":"off","neve_meta_content_width":0,"neve_meta_title_alignment":"","neve_meta_author_avatar":"","neve_post_elements_order":"","neve_meta_disable_header":"","neve_meta_disable_footer":"","neve_meta_disable_title":"","_joinchat":[]},"product_brand":[],"product_cat":[15,58,68],"product_tag":[],"class_list":{"0":"post-6225","1":"product","2":"type-product","3":"status-publish","4":"has-post-thumbnail","6":"product_cat-outros","7":"product_cat-clinica-medica","8":"product_cat-enfermagem","10":"first","11":"instock","12":"shipping-taxable","13":"purchasable","14":"product-type-simple"},"jetpack_sharing_enabled":true,"_links":{"self":[{"href":"https:\/\/livrariadocampus.com.br\/loja\/wp-json\/wp\/v2\/product\/6225","targetHints":{"allow":["GET"]}}],"collection":[{"href":"https:\/\/livrariadocampus.com.br\/loja\/wp-json\/wp\/v2\/product"}],"about":[{"href":"https:\/\/livrariadocampus.com.br\/loja\/wp-json\/wp\/v2\/types\/product"}],"wp:featuredmedia":[{"embeddable":true,"href":"https:\/\/livrariadocampus.com.br\/loja\/wp-json\/wp\/v2\/media\/6226"}],"wp:attachment":[{"href":"https:\/\/livrariadocampus.com.br\/loja\/wp-json\/wp\/v2\/media?parent=6225"}],"wp:term":[{"taxonomy":"product_brand","embeddable":true,"href":"https:\/\/livrariadocampus.com.br\/loja\/wp-json\/wp\/v2\/product_brand?post=6225"},{"taxonomy":"product_cat","embeddable":true,"href":"https:\/\/livrariadocampus.com.br\/loja\/wp-json\/wp\/v2\/product_cat?post=6225"},{"taxonomy":"product_tag","embeddable":true,"href":"https:\/\/livrariadocampus.com.br\/loja\/wp-json\/wp\/v2\/product_tag?post=6225"}],"curies":[{"name":"wp","href":"https:\/\/api.w.org\/{rel}","templated":true}]}}