{"id":6223,"date":"2021-08-30T11:51:31","date_gmt":"2021-08-30T14:51:31","guid":{"rendered":"https:\/\/www.livrariadocampus.com.br\/?post_type=product&#038;p=6223"},"modified":"2024-09-24T16:08:21","modified_gmt":"2024-09-24T19:08:21","slug":"manual-de-urgencias-e-emergencias-pediatricas-2021","status":"publish","type":"product","link":"https:\/\/livrariadocampus.com.br\/loja\/produto\/manual-de-urgencias-e-emergencias-pediatricas-2021\/","title":{"rendered":"Manual de Urg\u00eancias e Emerg\u00eancias Pedi\u00e1tricas 2021"},"content":{"rendered":"<p>A S\u00e9rie Rotinas nas Emerg\u00eancias do Hospital S\u00edrio-Liban\u00eas tem por proposta a divulga\u00e7\u00e3o dos servi\u00e7os emergenciais e do pronto atendimento que alcan\u00e7am o n\u00edvel da excel\u00eancia dessa reconhecida institui\u00e7\u00e3o hospitalar nacional. Nas situa\u00e7\u00f5es cr\u00edticas, sempre presentes nas emerg\u00eancias, a triagem r\u00e1pida e eficiente \u00e9 condi\u00e7\u00e3o fundamental para a boa assist\u00eancia. Os quadros de maior risco e gravidade t\u00eam prioridade. Na retaguarda, posiciona-se equipe multiprofissional de reconhecida compet\u00eancia t\u00e9cnica e relevante atendimento humanit\u00e1rio, tudo de acordo com as melhores pr\u00e1ticas da emerg\u00eancia. O presente Manual de Urg\u00eancias e Emerg\u00eancias Pedi\u00e1tricas aponta para a especificidade do atendimento do paciente pedi\u00e1trico, cujas manifesta\u00e7\u00f5es fisiol\u00f3gicas e fisiopatol\u00f3gicas muito diferem das do adulto e, por consequ\u00eancia, o curso da doen\u00e7a, os seus sinais, os sintomas e a cl\u00ednica s\u00e3o tamb\u00e9m diferenciados. Cresce, assim, a import\u00e2ncia de forma\u00e7\u00e3o de equipe altamente especializada em urg\u00eancias e emerg\u00eancias pedi\u00e1tricas. Da\u00ed o m\u00e9rito deste trabalho. Os cap\u00edtulos e as se\u00e7\u00f5es est\u00e3o organizados sob formato pr\u00e1tico, de modo a permitir consulta r\u00e1pida e objetiva, possibilitando agilidade nas decis\u00f5es, inerentes ao ambiente de urg\u00eancia e emerg\u00eancia. O livro apresenta 6 Editores, 98 Colaboradores, 18 se\u00e7\u00f5es, 84 cap\u00edtulos, em um total de 508 p\u00e1ginas. Seu p\u00fablico-alvo \u00e9 formado por Pediatras Gerais, Emergencistas-Pediatras, Emergencistas, Intensivistas, Residentes em Pediatria e Emerg\u00eancia M\u00e9dica.<\/p>\n","protected":false},"excerpt":{"rendered":"<p>A S\u00e9rie Rotinas nas Emerg\u00eancias do Hospital S\u00edrio-Liban\u00eas tem por proposta a divulga\u00e7\u00e3o dos servi\u00e7os emergenciais e do pronto atendimento que alcan\u00e7am o n\u00edvel da excel\u00eancia dessa reconhecida institui\u00e7\u00e3o hospitalar nacional. Nas situa\u00e7\u00f5es cr\u00edticas, sempre presentes nas emerg\u00eancias, a triagem r\u00e1pida e eficiente \u00e9 condi\u00e7\u00e3o fundamental para a boa assist\u00eancia. Os quadros de maior risco&hellip;&nbsp;<a href=\"https:\/\/livrariadocampus.com.br\/loja\/produto\/manual-de-urgencias-e-emergencias-pediatricas-2021\/\" class=\"\" rel=\"bookmark\">Continue a ler &raquo;<span class=\"screen-reader-text\">Manual de Urg\u00eancias e Emerg\u00eancias Pedi\u00e1tricas 2021<\/span><\/a><\/p>\n","protected":false},"featured_media":6224,"template":"","meta":{"neve_meta_sidebar":"","neve_meta_container":"","neve_meta_enable_content_width":"off","neve_meta_content_width":0,"neve_meta_title_alignment":"","neve_meta_author_avatar":"","neve_post_elements_order":"","neve_meta_disable_header":"","neve_meta_disable_footer":"","neve_meta_disable_title":"","_joinchat":[]},"product_brand":[],"product_cat":[15,54,56,182,76],"product_tag":[],"class_list":{"0":"post-6223","1":"product","2":"type-product","3":"status-publish","4":"has-post-thumbnail","6":"product_cat-outros","7":"product_cat-emergencias-e-pronto-socorro","8":"product_cat-pediatria","9":"product_cat-pediatria-neonatologia","10":"product_cat-pediatria-neonatologia-pediatria-neonatologia","12":"first","13":"instock","14":"shipping-taxable","15":"purchasable","16":"product-type-simple"},"jetpack_sharing_enabled":true,"_links":{"self":[{"href":"https:\/\/livrariadocampus.com.br\/loja\/wp-json\/wp\/v2\/product\/6223","targetHints":{"allow":["GET"]}}],"collection":[{"href":"https:\/\/livrariadocampus.com.br\/loja\/wp-json\/wp\/v2\/product"}],"about":[{"href":"https:\/\/livrariadocampus.com.br\/loja\/wp-json\/wp\/v2\/types\/product"}],"wp:featuredmedia":[{"embeddable":true,"href":"https:\/\/livrariadocampus.com.br\/loja\/wp-json\/wp\/v2\/media\/6224"}],"wp:attachment":[{"href":"https:\/\/livrariadocampus.com.br\/loja\/wp-json\/wp\/v2\/media?parent=6223"}],"wp:term":[{"taxonomy":"product_brand","embeddable":true,"href":"https:\/\/livrariadocampus.com.br\/loja\/wp-json\/wp\/v2\/product_brand?post=6223"},{"taxonomy":"product_cat","embeddable":true,"href":"https:\/\/livrariadocampus.com.br\/loja\/wp-json\/wp\/v2\/product_cat?post=6223"},{"taxonomy":"product_tag","embeddable":true,"href":"https:\/\/livrariadocampus.com.br\/loja\/wp-json\/wp\/v2\/product_tag?post=6223"}],"curies":[{"name":"wp","href":"https:\/\/api.w.org\/{rel}","templated":true}]}}