{"id":6217,"date":"2021-08-30T11:32:26","date_gmt":"2021-08-30T14:32:26","guid":{"rendered":"https:\/\/www.livrariadocampus.com.br\/?post_type=product&#038;p=6217"},"modified":"2023-06-07T17:22:53","modified_gmt":"2023-06-07T20:22:53","slug":"gestao-em-uti-pediatrica-e-neonatal-2021","status":"publish","type":"product","link":"https:\/\/livrariadocampus.com.br\/loja\/produto\/gestao-em-uti-pediatrica-e-neonatal-2021\/","title":{"rendered":"GEST\u00c3O EM UTI PEDI\u00c1TRICA E NEONATAL  2021"},"content":{"rendered":"<p>&#8211; A UTI \u00e9 um dos setores mais importantes do hospital, e o gestor da UTI preocupa-se com aspectos financeiros, de seguran\u00e7a, qualidade, educa\u00e7\u00e3o e inova\u00e7\u00e3o do atendimento aos clientes interno e externo. &#8211; O livro traz o aspecto multiprofissional da gest\u00e3o das UTI pedi\u00e1tricas e neonatais, que \u00e9 fundamental para seu adequado funcionamento. &#8211; A obra orienta o gerenciamento das UTI pedi\u00e1tricas e neonatais para elevar os padr\u00f5es de qualidade do servi\u00e7o.<\/p>\n","protected":false},"excerpt":{"rendered":"<p>&#8211; A UTI \u00e9 um dos setores mais importantes do hospital, e o gestor da UTI preocupa-se com aspectos financeiros, de seguran\u00e7a, qualidade, educa\u00e7\u00e3o e inova\u00e7\u00e3o do atendimento aos clientes interno e externo. &#8211; O livro traz o aspecto multiprofissional da gest\u00e3o das UTI pedi\u00e1tricas e neonatais, que \u00e9 fundamental para seu adequado funcionamento. &#8211;&hellip;&nbsp;<a href=\"https:\/\/livrariadocampus.com.br\/loja\/produto\/gestao-em-uti-pediatrica-e-neonatal-2021\/\" class=\"\" rel=\"bookmark\">Continue a ler &raquo;<span class=\"screen-reader-text\">GEST\u00c3O EM UTI PEDI\u00c1TRICA E NEONATAL  2021<\/span><\/a><\/p>\n","protected":false},"featured_media":6218,"template":"","meta":{"neve_meta_sidebar":"","neve_meta_container":"","neve_meta_enable_content_width":"off","neve_meta_content_width":0,"neve_meta_title_alignment":"","neve_meta_author_avatar":"","neve_post_elements_order":"","neve_meta_disable_header":"","neve_meta_disable_footer":"","neve_meta_disable_title":"","_joinchat":[]},"product_brand":[],"product_cat":[15,56,182],"product_tag":[],"class_list":{"0":"post-6217","1":"product","2":"type-product","3":"status-publish","4":"has-post-thumbnail","6":"product_cat-outros","7":"product_cat-pediatria","8":"product_cat-pediatria-neonatologia","10":"first","11":"outofstock","12":"shipping-taxable","13":"product-type-simple"},"jetpack_sharing_enabled":true,"_links":{"self":[{"href":"https:\/\/livrariadocampus.com.br\/loja\/wp-json\/wp\/v2\/product\/6217","targetHints":{"allow":["GET"]}}],"collection":[{"href":"https:\/\/livrariadocampus.com.br\/loja\/wp-json\/wp\/v2\/product"}],"about":[{"href":"https:\/\/livrariadocampus.com.br\/loja\/wp-json\/wp\/v2\/types\/product"}],"wp:featuredmedia":[{"embeddable":true,"href":"https:\/\/livrariadocampus.com.br\/loja\/wp-json\/wp\/v2\/media\/6218"}],"wp:attachment":[{"href":"https:\/\/livrariadocampus.com.br\/loja\/wp-json\/wp\/v2\/media?parent=6217"}],"wp:term":[{"taxonomy":"product_brand","embeddable":true,"href":"https:\/\/livrariadocampus.com.br\/loja\/wp-json\/wp\/v2\/product_brand?post=6217"},{"taxonomy":"product_cat","embeddable":true,"href":"https:\/\/livrariadocampus.com.br\/loja\/wp-json\/wp\/v2\/product_cat?post=6217"},{"taxonomy":"product_tag","embeddable":true,"href":"https:\/\/livrariadocampus.com.br\/loja\/wp-json\/wp\/v2\/product_tag?post=6217"}],"curies":[{"name":"wp","href":"https:\/\/api.w.org\/{rel}","templated":true}]}}