{"id":6172,"date":"2021-05-10T17:30:09","date_gmt":"2021-05-10T20:30:09","guid":{"rendered":"https:\/\/www.livrariadocampus.com.br\/?post_type=product&#038;p=6172"},"modified":"2023-06-07T17:27:06","modified_gmt":"2023-06-07T20:27:06","slug":"pratica-de-enfermagem-portugues-2021-por-sandra-m-nettina-autor","status":"publish","type":"product","link":"https:\/\/livrariadocampus.com.br\/loja\/produto\/pratica-de-enfermagem-portugues-2021-por-sandra-m-nettina-autor\/","title":{"rendered":"Pr\u00e1tica de Enfermagem (Portugu\u00eas) 2021 por Sandra M. NETTINA (Autor)"},"content":{"rendered":"<p>A refer\u00eancia com as melhores pr\u00e1ticas de enfermagem. Did\u00e1tico e objetivo, este livro oferece recentes pesquisas na \u00e1rea e inclui novos temas e recursos que facilitam o acesso \u00e0s informa\u00e7\u00f5es na pr\u00e1tica e traduzem o conhecimento para uma melhor assist\u00eancia. Pr\u00e1tica de Enfermagem traz conte\u00fado ilustrado e distribu\u00eddo didaticamente em cinco partes: Processo e Pr\u00e1tica de Enfermagem, Enfermagem M\u00e9dico-Cir\u00fargica, Enfermagem Materna e Neonatal, Enfermagem Pedi\u00e1trica e Enfermagem Psiqui\u00e1trica. Elementos, como organiza\u00e7\u00e3o, formato, desenho gr\u00e1fico e recursos pedag\u00f3gicos, foram escolhidos criteriosamente para tornar as informa\u00e7\u00f5es mais diretas e facilitar a consulta. Al\u00e9m disso, traz recursos elaborados para complementar o texto, como boxes, tabelas e se\u00e7\u00f5es.?<\/p>\n","protected":false},"excerpt":{"rendered":"<p>A refer\u00eancia com as melhores pr\u00e1ticas de enfermagem. Did\u00e1tico e objetivo, este livro oferece recentes pesquisas na \u00e1rea e inclui novos temas e recursos que facilitam o acesso \u00e0s informa\u00e7\u00f5es na pr\u00e1tica e traduzem o conhecimento para uma melhor assist\u00eancia. Pr\u00e1tica de Enfermagem traz conte\u00fado ilustrado e distribu\u00eddo didaticamente em cinco partes: Processo e Pr\u00e1tica&hellip;&nbsp;<a href=\"https:\/\/livrariadocampus.com.br\/loja\/produto\/pratica-de-enfermagem-portugues-2021-por-sandra-m-nettina-autor\/\" class=\"\" rel=\"bookmark\">Continue a ler &raquo;<span class=\"screen-reader-text\">Pr\u00e1tica de Enfermagem (Portugu\u00eas) 2021 por Sandra M. NETTINA (Autor)<\/span><\/a><\/p>\n","protected":false},"featured_media":6173,"template":"","meta":{"neve_meta_sidebar":"","neve_meta_container":"","neve_meta_enable_content_width":"off","neve_meta_content_width":0,"neve_meta_title_alignment":"","neve_meta_author_avatar":"","neve_post_elements_order":"","neve_meta_disable_header":"","neve_meta_disable_footer":"","neve_meta_disable_title":"","_joinchat":[]},"product_brand":[],"product_cat":[68,25],"product_tag":[],"class_list":{"0":"post-6172","1":"product","2":"type-product","3":"status-publish","4":"has-post-thumbnail","6":"product_cat-enfermagem","7":"product_cat-lancamentos","9":"first","10":"instock","11":"sale","12":"shipping-taxable","13":"purchasable","14":"product-type-simple"},"jetpack_sharing_enabled":true,"_links":{"self":[{"href":"https:\/\/livrariadocampus.com.br\/loja\/wp-json\/wp\/v2\/product\/6172","targetHints":{"allow":["GET"]}}],"collection":[{"href":"https:\/\/livrariadocampus.com.br\/loja\/wp-json\/wp\/v2\/product"}],"about":[{"href":"https:\/\/livrariadocampus.com.br\/loja\/wp-json\/wp\/v2\/types\/product"}],"wp:featuredmedia":[{"embeddable":true,"href":"https:\/\/livrariadocampus.com.br\/loja\/wp-json\/wp\/v2\/media\/6173"}],"wp:attachment":[{"href":"https:\/\/livrariadocampus.com.br\/loja\/wp-json\/wp\/v2\/media?parent=6172"}],"wp:term":[{"taxonomy":"product_brand","embeddable":true,"href":"https:\/\/livrariadocampus.com.br\/loja\/wp-json\/wp\/v2\/product_brand?post=6172"},{"taxonomy":"product_cat","embeddable":true,"href":"https:\/\/livrariadocampus.com.br\/loja\/wp-json\/wp\/v2\/product_cat?post=6172"},{"taxonomy":"product_tag","embeddable":true,"href":"https:\/\/livrariadocampus.com.br\/loja\/wp-json\/wp\/v2\/product_tag?post=6172"}],"curies":[{"name":"wp","href":"https:\/\/api.w.org\/{rel}","templated":true}]}}