{"id":6168,"date":"2021-05-10T17:03:57","date_gmt":"2021-05-10T20:03:57","guid":{"rendered":"https:\/\/www.livrariadocampus.com.br\/?post_type=product&#038;p=6168"},"modified":"2023-06-07T17:29:11","modified_gmt":"2023-06-07T20:29:11","slug":"doencas-de-alta-prevalencia-na-pratica-ambulatorial-2021-por-francisco-de-assis-vale-autor-meliza-goi-roscani","status":"publish","type":"product","link":"https:\/\/livrariadocampus.com.br\/loja\/produto\/doencas-de-alta-prevalencia-na-pratica-ambulatorial-2021-por-francisco-de-assis-vale-autor-meliza-goi-roscani\/","title":{"rendered":"Doen\u00e7as de Alta Preval\u00eancia na Pr\u00e1tica Ambulatorial  2021 por Francisco de Assis VALE (Autor), Meliza Goi ROSCANI"},"content":{"rendered":"<p>oen\u00e7as de Alta Preval\u00eancia na Pr\u00e1tica Ambulatorial foi elaborado com o objetivo de difundir, de maneira clara, detalhada e objetiva, conhecimentos sobre doen\u00e7as e dist\u00farbios cl\u00ednicos de ocorr\u00eancia comum na pr\u00e1tica cl\u00ednica do ambulat\u00f3rio e do consult\u00f3rio, de modo a auxiliar no diagn\u00f3stico e no cuidado do paciente.Escrito com a colabora\u00e7\u00e3o de profissionais experientes e altamente qualificados, este livro se destina a estudantes, m\u00e9dicos residentes, cl\u00ednicos em geral e at\u00e9 mesmo especialistas, nas pr\u00e1ticas de sa\u00fade p\u00fablicas e privadas.Didaticamente organizado em seis partes \u2013 Sa\u00fade do Adulto e do Idoso, Sa\u00fade da Crian\u00e7a e do Adolescente, Sa\u00fade da Mulher, Sa\u00fade Mental, Sa\u00fade da Fam\u00edlia e da Comunidade e Sa\u00fade Coletiva \u2013, este rico conte\u00fado de 50 cap\u00edtulos, fundamentado em evid\u00eancias cient\u00edficas, abrange doen\u00e7as de gravidade variada que se destacam por sua alta preval\u00eancia, bem como assuntos relevantes relacionados com a pr\u00e1tica cl\u00ednica. No texto, s\u00e3o apresentados aspectos de epidemiologia, diagn\u00f3stico, fisiopatologia, terap\u00eautica e preven\u00e7\u00e3o, caracter\u00edsticas fundamentais para a pr\u00e1tica cl\u00ednica de excel\u00eancia.?<\/p>\n","protected":false},"excerpt":{"rendered":"<p>oen\u00e7as de Alta Preval\u00eancia na Pr\u00e1tica Ambulatorial foi elaborado com o objetivo de difundir, de maneira clara, detalhada e objetiva, conhecimentos sobre doen\u00e7as e dist\u00farbios cl\u00ednicos de ocorr\u00eancia comum na pr\u00e1tica cl\u00ednica do ambulat\u00f3rio e do consult\u00f3rio, de modo a auxiliar no diagn\u00f3stico e no cuidado do paciente.Escrito com a colabora\u00e7\u00e3o de profissionais experientes e&hellip;&nbsp;<a href=\"https:\/\/livrariadocampus.com.br\/loja\/produto\/doencas-de-alta-prevalencia-na-pratica-ambulatorial-2021-por-francisco-de-assis-vale-autor-meliza-goi-roscani\/\" class=\"\" rel=\"bookmark\">Continue a ler &raquo;<span class=\"screen-reader-text\">Doen\u00e7as de Alta Preval\u00eancia na Pr\u00e1tica Ambulatorial  2021 por Francisco de Assis VALE (Autor), Meliza Goi ROSCANI<\/span><\/a><\/p>\n","protected":false},"featured_media":6169,"template":"","meta":{"neve_meta_sidebar":"","neve_meta_container":"","neve_meta_enable_content_width":"off","neve_meta_content_width":0,"neve_meta_title_alignment":"","neve_meta_author_avatar":"","neve_post_elements_order":"","neve_meta_disable_header":"","neve_meta_disable_footer":"","neve_meta_disable_title":"","_joinchat":[]},"product_brand":[],"product_cat":[104,57,25,119],"product_tag":[],"class_list":{"0":"post-6168","1":"product","2":"type-product","3":"status-publish","4":"has-post-thumbnail","6":"product_cat-clinica-medica-semiologia","7":"product_cat-doenca-infecciosas","8":"product_cat-lancamentos","9":"product_cat-medicina-de-fam-comunidade","11":"first","12":"instock","13":"sale","14":"shipping-taxable","15":"purchasable","16":"product-type-simple"},"jetpack_sharing_enabled":true,"_links":{"self":[{"href":"https:\/\/livrariadocampus.com.br\/loja\/wp-json\/wp\/v2\/product\/6168","targetHints":{"allow":["GET"]}}],"collection":[{"href":"https:\/\/livrariadocampus.com.br\/loja\/wp-json\/wp\/v2\/product"}],"about":[{"href":"https:\/\/livrariadocampus.com.br\/loja\/wp-json\/wp\/v2\/types\/product"}],"wp:featuredmedia":[{"embeddable":true,"href":"https:\/\/livrariadocampus.com.br\/loja\/wp-json\/wp\/v2\/media\/6169"}],"wp:attachment":[{"href":"https:\/\/livrariadocampus.com.br\/loja\/wp-json\/wp\/v2\/media?parent=6168"}],"wp:term":[{"taxonomy":"product_brand","embeddable":true,"href":"https:\/\/livrariadocampus.com.br\/loja\/wp-json\/wp\/v2\/product_brand?post=6168"},{"taxonomy":"product_cat","embeddable":true,"href":"https:\/\/livrariadocampus.com.br\/loja\/wp-json\/wp\/v2\/product_cat?post=6168"},{"taxonomy":"product_tag","embeddable":true,"href":"https:\/\/livrariadocampus.com.br\/loja\/wp-json\/wp\/v2\/product_tag?post=6168"}],"curies":[{"name":"wp","href":"https:\/\/api.w.org\/{rel}","templated":true}]}}