{"id":6166,"date":"2021-05-10T16:57:25","date_gmt":"2021-05-10T19:57:25","guid":{"rendered":"https:\/\/www.livrariadocampus.com.br\/?post_type=product&#038;p=6166"},"modified":"2023-06-07T17:30:00","modified_gmt":"2023-06-07T20:30:00","slug":"protocolos-clinicos-em-endocrinologia-e-diabetes-4-ed-2021-por-francisco-bandeira-autor","status":"publish","type":"product","link":"https:\/\/livrariadocampus.com.br\/loja\/produto\/protocolos-clinicos-em-endocrinologia-e-diabetes-4-ed-2021-por-francisco-bandeira-autor\/","title":{"rendered":"Protocolos Cl\u00ednicos Em Endocrinologia E Diabetes 4 ed.  2021 por Francisco Bandeira (Autor)"},"content":{"rendered":"<p>Organizado Pelo Prof. Francisco Bandeira, Refer\u00eancia Na \u00c1rea De Endocrinologia E Diabetes, Este Livro Foi Escrito Com A Colabora\u00e7\u00e3o De Conceituados Especialistas E Oferece, De Modo Conciso E Din\u00e2mico, Conte\u00fado Atual E Fundamentado Em Evid\u00eancias Sobre O Diagn\u00f3stico E O Tratamento Das Doen\u00e7as End\u00f3crinas Mais Comuns Na Pr\u00e1tica Cl\u00ednica.\\N\\NIndispens\u00e1vel Para M\u00e9dicos, Residentes E Demais Profissionais Que Prestar\u00e3o O Exame Para Obten\u00e7\u00e3o Do T\u00edtulo De Especialista Em Endocrinologia E Metabologia (Teem), Protocolos Cl\u00ednicos Em Endocrinologia E Diabetes Abrange As Constantes Mudan\u00e7as E Evolu\u00e7\u00f5es Na \u00c1rea Da Endocrinologia E Da Diabetologia.<\/p>\n","protected":false},"excerpt":{"rendered":"<p>Organizado Pelo Prof. Francisco Bandeira, Refer\u00eancia Na \u00c1rea De Endocrinologia E Diabetes, Este Livro Foi Escrito Com A Colabora\u00e7\u00e3o De Conceituados Especialistas E Oferece, De Modo Conciso E Din\u00e2mico, Conte\u00fado Atual E Fundamentado Em Evid\u00eancias Sobre O Diagn\u00f3stico E O Tratamento Das Doen\u00e7as End\u00f3crinas Mais Comuns Na Pr\u00e1tica Cl\u00ednica.\\N\\NIndispens\u00e1vel Para M\u00e9dicos, Residentes E Demais Profissionais&hellip;&nbsp;<a href=\"https:\/\/livrariadocampus.com.br\/loja\/produto\/protocolos-clinicos-em-endocrinologia-e-diabetes-4-ed-2021-por-francisco-bandeira-autor\/\" class=\"\" rel=\"bookmark\">Continue a ler &raquo;<span class=\"screen-reader-text\">Protocolos Cl\u00ednicos Em Endocrinologia E Diabetes 4 ed.  2021 por Francisco Bandeira (Autor)<\/span><\/a><\/p>\n","protected":false},"featured_media":6167,"template":"","meta":{"neve_meta_sidebar":"","neve_meta_container":"","neve_meta_enable_content_width":"off","neve_meta_content_width":0,"neve_meta_title_alignment":"","neve_meta_author_avatar":"","neve_post_elements_order":"","neve_meta_disable_header":"","neve_meta_disable_footer":"","neve_meta_disable_title":"","_joinchat":[]},"product_brand":[],"product_cat":[58,195,25],"product_tag":[],"class_list":{"0":"post-6166","1":"product","2":"type-product","3":"status-publish","4":"has-post-thumbnail","6":"product_cat-clinica-medica","7":"product_cat-endocrinologia","8":"product_cat-lancamentos","10":"first","11":"instock","12":"sale","13":"shipping-taxable","14":"purchasable","15":"product-type-simple"},"jetpack_sharing_enabled":true,"_links":{"self":[{"href":"https:\/\/livrariadocampus.com.br\/loja\/wp-json\/wp\/v2\/product\/6166","targetHints":{"allow":["GET"]}}],"collection":[{"href":"https:\/\/livrariadocampus.com.br\/loja\/wp-json\/wp\/v2\/product"}],"about":[{"href":"https:\/\/livrariadocampus.com.br\/loja\/wp-json\/wp\/v2\/types\/product"}],"wp:featuredmedia":[{"embeddable":true,"href":"https:\/\/livrariadocampus.com.br\/loja\/wp-json\/wp\/v2\/media\/6167"}],"wp:attachment":[{"href":"https:\/\/livrariadocampus.com.br\/loja\/wp-json\/wp\/v2\/media?parent=6166"}],"wp:term":[{"taxonomy":"product_brand","embeddable":true,"href":"https:\/\/livrariadocampus.com.br\/loja\/wp-json\/wp\/v2\/product_brand?post=6166"},{"taxonomy":"product_cat","embeddable":true,"href":"https:\/\/livrariadocampus.com.br\/loja\/wp-json\/wp\/v2\/product_cat?post=6166"},{"taxonomy":"product_tag","embeddable":true,"href":"https:\/\/livrariadocampus.com.br\/loja\/wp-json\/wp\/v2\/product_tag?post=6166"}],"curies":[{"name":"wp","href":"https:\/\/api.w.org\/{rel}","templated":true}]}}