{"id":6162,"date":"2021-05-05T16:57:25","date_gmt":"2021-05-05T19:57:25","guid":{"rendered":"https:\/\/www.livrariadocampus.com.br\/?post_type=product&#038;p=6162"},"modified":"2023-06-07T17:30:53","modified_gmt":"2023-06-07T20:30:53","slug":"fisioterapia-em-gerontologia-clinica-2021","status":"publish","type":"product","link":"https:\/\/livrariadocampus.com.br\/loja\/produto\/fisioterapia-em-gerontologia-clinica-2021\/","title":{"rendered":"FISIOTERAPIA EM GERONTOLOGIA CL\u00cdNICA 2021"},"content":{"rendered":"<p>Nesse cen\u00e1rio, a Fisioterapia, como a ci\u00eancia da sa\u00fade que estuda, previne e trata dist\u00farbios cin\u00e9ticos funcionais, assume um papel de relevo ao atuar na sa\u00fade, envelhecimento, funcionalidade e independ\u00eancia da pessoa idosa.<\/p>\n<p>Fisioterapia em Gerontologia Cl\u00ednica \u00e9 uma obra de refer\u00eancia a todos os profissionais de sa\u00fade que atuam no cuidado ao paciente idoso e est\u00e1 dividida em 2 se\u00e7\u00f5es, 31 cap\u00edtulos, em um total de 456 p\u00e1ginas.<\/p>\n<p>As duas se\u00e7\u00f5es s\u00e3o as que seguem:<\/p>\n<p>Se\u00e7\u00e3o 1 Aspectos Gerais estudos dos principais conceitos que envolvem o envelhecimento: anat\u00f4micos, fisiol\u00f3gicos, patol\u00f3gicos, psicol\u00f3gicos, tecidos cognitivo e osteomuscular, fraturas e defici\u00eancias nutricionais.<\/p>\n<p>Se\u00e7\u00e3o 2 Pr\u00e1tica de Reabilita\u00e7\u00e3o t\u00e9cnicas aplicadas. Manobras, mobiliza\u00e7\u00f5es e outros recursos destinados \u00e0s doen\u00e7as mais comuns do envelhecimento: neurol\u00f3gicas, cardiorrespirat\u00f3rias, end\u00f3crinas, metab\u00f3licas, nutricionais, urogenitais e outras.<\/p>\n<p>O livro tem como p\u00fablico-alvo Fisioterapeutas, pesquisadores, profissionais e estudantes das diversas \u00e1reas de atua\u00e7\u00e3o em Geriatria e Gerontologia.<\/p>\n","protected":false},"excerpt":{"rendered":"<p>Nesse cen\u00e1rio, a Fisioterapia, como a ci\u00eancia da sa\u00fade que estuda, previne e trata dist\u00farbios cin\u00e9ticos funcionais, assume um papel de relevo ao atuar na sa\u00fade, envelhecimento, funcionalidade e independ\u00eancia da pessoa idosa. Fisioterapia em Gerontologia Cl\u00ednica \u00e9 uma obra de refer\u00eancia a todos os profissionais de sa\u00fade que atuam no cuidado ao paciente idoso&hellip;&nbsp;<a href=\"https:\/\/livrariadocampus.com.br\/loja\/produto\/fisioterapia-em-gerontologia-clinica-2021\/\" class=\"\" rel=\"bookmark\">Continue a ler &raquo;<span class=\"screen-reader-text\">FISIOTERAPIA EM GERONTOLOGIA CL\u00cdNICA 2021<\/span><\/a><\/p>\n","protected":false},"featured_media":6163,"template":"","meta":{"neve_meta_sidebar":"","neve_meta_container":"","neve_meta_enable_content_width":"off","neve_meta_content_width":0,"neve_meta_title_alignment":"","neve_meta_author_avatar":"","neve_post_elements_order":"","neve_meta_disable_header":"","neve_meta_disable_footer":"","neve_meta_disable_title":"","_joinchat":[]},"product_brand":[],"product_cat":[104,181,189,25],"product_tag":[],"class_list":{"0":"post-6162","1":"product","2":"type-product","3":"status-publish","4":"has-post-thumbnail","6":"product_cat-clinica-medica-semiologia","7":"product_cat-fisioterapia-e-reabilitacao","8":"product_cat-geriatria-gerontologia","9":"product_cat-lancamentos","11":"first","12":"instock","13":"sale","14":"shipping-taxable","15":"purchasable","16":"product-type-simple"},"jetpack_sharing_enabled":true,"_links":{"self":[{"href":"https:\/\/livrariadocampus.com.br\/loja\/wp-json\/wp\/v2\/product\/6162","targetHints":{"allow":["GET"]}}],"collection":[{"href":"https:\/\/livrariadocampus.com.br\/loja\/wp-json\/wp\/v2\/product"}],"about":[{"href":"https:\/\/livrariadocampus.com.br\/loja\/wp-json\/wp\/v2\/types\/product"}],"wp:featuredmedia":[{"embeddable":true,"href":"https:\/\/livrariadocampus.com.br\/loja\/wp-json\/wp\/v2\/media\/6163"}],"wp:attachment":[{"href":"https:\/\/livrariadocampus.com.br\/loja\/wp-json\/wp\/v2\/media?parent=6162"}],"wp:term":[{"taxonomy":"product_brand","embeddable":true,"href":"https:\/\/livrariadocampus.com.br\/loja\/wp-json\/wp\/v2\/product_brand?post=6162"},{"taxonomy":"product_cat","embeddable":true,"href":"https:\/\/livrariadocampus.com.br\/loja\/wp-json\/wp\/v2\/product_cat?post=6162"},{"taxonomy":"product_tag","embeddable":true,"href":"https:\/\/livrariadocampus.com.br\/loja\/wp-json\/wp\/v2\/product_tag?post=6162"}],"curies":[{"name":"wp","href":"https:\/\/api.w.org\/{rel}","templated":true}]}}