{"id":6158,"date":"2021-05-05T16:10:50","date_gmt":"2021-05-05T19:10:50","guid":{"rendered":"https:\/\/www.livrariadocampus.com.br\/?post_type=product&#038;p=6158"},"modified":"2023-06-07T17:31:32","modified_gmt":"2023-06-07T20:31:32","slug":"condutas-em-anestesia-procedimentos-diagnosticos-e-terapeuticos-2021-por-jose-otavio-costa-auler-junior","status":"publish","type":"product","link":"https:\/\/livrariadocampus.com.br\/loja\/produto\/condutas-em-anestesia-procedimentos-diagnosticos-e-terapeuticos-2021-por-jose-otavio-costa-auler-junior\/","title":{"rendered":"Condutas em Anestesia \u2013 Procedimentos Diagn\u00f3sticos e Terap\u00eauticos  2021 por Jos\u00e9 Ot\u00e1vio Costa Auler Junior"},"content":{"rendered":"<p>Condutas em Anestesia \u2013 Procedimentos Diagn\u00f3sticos e Terap\u00eauticos integra como volume a s\u00e9rie de livros objetivos e simplificados, destinados a oferecer informa\u00e7\u00f5es e coment\u00e1rios atuais, fundamentados nas melhores evid\u00eancias m\u00e9dicas. Seguem os protocolos e o padr\u00e3o de excel\u00eancia da Disciplina de Anestesiologia da Faculdade de Medicina da USP e do Hospital das Cl\u00ednicas da Faculdade de Medicina da Universidade de S\u00e3o Paulo. O presente volume apresenta o estado da arte da anestesia e seda\u00e7\u00e3o para procedimentos diagn\u00f3sticos e terap\u00eauticos dentro ou fora do centro cir\u00fargico, tais como: (1) Cuidados e prote\u00e7\u00e3o nos procedimentos radiol\u00f3gicos; (2) Equipamentos de anestesia; (3) Anestesia para radioterapia e braquiterapia; (4) Anestesia para angioplastia da car\u00f3tida; (5) Anestesia para emboliza\u00e7\u00e3o de aneurisma cerebral e tantos outros que identificam os mais recentes e atualizados avan\u00e7os de t\u00e9cnicas e procedimentos, como, por exemplo: (6) Anestesia para diversos tipos de bi\u00f3psia: renal, pulmonar, hep\u00e1tica, \u00f3ssea etc. \u2013 todas guiadas por tomografia computadorizada.<\/p>\n","protected":false},"excerpt":{"rendered":"<p>Condutas em Anestesia \u2013 Procedimentos Diagn\u00f3sticos e Terap\u00eauticos integra como volume a s\u00e9rie de livros objetivos e simplificados, destinados a oferecer informa\u00e7\u00f5es e coment\u00e1rios atuais, fundamentados nas melhores evid\u00eancias m\u00e9dicas. Seguem os protocolos e o padr\u00e3o de excel\u00eancia da Disciplina de Anestesiologia da Faculdade de Medicina da USP e do Hospital das Cl\u00ednicas da Faculdade&hellip;&nbsp;<a href=\"https:\/\/livrariadocampus.com.br\/loja\/produto\/condutas-em-anestesia-procedimentos-diagnosticos-e-terapeuticos-2021-por-jose-otavio-costa-auler-junior\/\" class=\"\" rel=\"bookmark\">Continue a ler &raquo;<span class=\"screen-reader-text\">Condutas em Anestesia \u2013 Procedimentos Diagn\u00f3sticos e Terap\u00eauticos  2021 por Jos\u00e9 Ot\u00e1vio Costa Auler Junior<\/span><\/a><\/p>\n","protected":false},"featured_media":6159,"template":"","meta":{"neve_meta_sidebar":"","neve_meta_container":"","neve_meta_enable_content_width":"off","neve_meta_content_width":0,"neve_meta_title_alignment":"","neve_meta_author_avatar":"","neve_post_elements_order":"","neve_meta_disable_header":"","neve_meta_disable_footer":"","neve_meta_disable_title":"","_joinchat":[]},"product_brand":[],"product_cat":[70,104,25],"product_tag":[],"class_list":{"0":"post-6158","1":"product","2":"type-product","3":"status-publish","4":"has-post-thumbnail","6":"product_cat-anestesiologia","7":"product_cat-clinica-medica-semiologia","8":"product_cat-lancamentos","10":"first","11":"outofstock","12":"shipping-taxable","13":"product-type-simple"},"jetpack_sharing_enabled":true,"_links":{"self":[{"href":"https:\/\/livrariadocampus.com.br\/loja\/wp-json\/wp\/v2\/product\/6158","targetHints":{"allow":["GET"]}}],"collection":[{"href":"https:\/\/livrariadocampus.com.br\/loja\/wp-json\/wp\/v2\/product"}],"about":[{"href":"https:\/\/livrariadocampus.com.br\/loja\/wp-json\/wp\/v2\/types\/product"}],"wp:featuredmedia":[{"embeddable":true,"href":"https:\/\/livrariadocampus.com.br\/loja\/wp-json\/wp\/v2\/media\/6159"}],"wp:attachment":[{"href":"https:\/\/livrariadocampus.com.br\/loja\/wp-json\/wp\/v2\/media?parent=6158"}],"wp:term":[{"taxonomy":"product_brand","embeddable":true,"href":"https:\/\/livrariadocampus.com.br\/loja\/wp-json\/wp\/v2\/product_brand?post=6158"},{"taxonomy":"product_cat","embeddable":true,"href":"https:\/\/livrariadocampus.com.br\/loja\/wp-json\/wp\/v2\/product_cat?post=6158"},{"taxonomy":"product_tag","embeddable":true,"href":"https:\/\/livrariadocampus.com.br\/loja\/wp-json\/wp\/v2\/product_tag?post=6158"}],"curies":[{"name":"wp","href":"https:\/\/api.w.org\/{rel}","templated":true}]}}