{"id":6156,"date":"2021-05-05T16:00:24","date_gmt":"2021-05-05T19:00:24","guid":{"rendered":"https:\/\/www.livrariadocampus.com.br\/?post_type=product&#038;p=6156"},"modified":"2023-06-07T17:33:35","modified_gmt":"2023-06-07T20:33:35","slug":"guia-de-bolso-de-hematologia-2019-por-otavio-cesar-carvalho-guimaraes-baiocchi","status":"publish","type":"product","link":"https:\/\/livrariadocampus.com.br\/loja\/produto\/guia-de-bolso-de-hematologia-2019-por-otavio-cesar-carvalho-guimaraes-baiocchi\/","title":{"rendered":"Guia de Bolso de Hematologia  2019 por Ot\u00e1vio Cesar Carvalho Guimar\u00e3es Baiocchi"},"content":{"rendered":"<p>Guia de Bolso de Hematologia surge em sua 2\u00aa edi\u00e7\u00e3o, integralmente revista, ampliada e atualizada. Sua proposta \u00e9 transmitir as melhores informa\u00e7\u00f5es t\u00e9cnicas, al\u00e9m de esclarecer d\u00favidas e quest\u00f5es encontradas com mais frequ\u00eancia no dia a dia da pr\u00e1tica do Hematologista. Apresenta par\u00e1grafos curtos, linguagem sint\u00e9tica e itemiza\u00e7\u00e3o sequencial e inteligente, tudo de modo a facilitar o entendimento e a leitura do seu conte\u00fado. Como todo livro de bolso, os cap\u00edtulos abordam os temas mais recorrentes: hematologia, hemoterapia, onco-hematologia e transplante de c\u00e9lulas tronco-hematopoi\u00e9ticas. Destacam-se os cap\u00edtulos sobre diagn\u00f3stico e condutas presentes no dia a dia do atendimento multidisciplinar dos portadores de enfermidades hematol\u00f3gicas. Guia de Bolso de Hematologia, 2\u00e1 edi\u00e7\u00e3o, apresenta 2 Editores, 30 Colaboradores, 8 partes, 32 cap\u00edtulos, em um total de 400 p\u00e1ginas. \u00c9 livro que ter\u00e1 como p\u00fablico-alvo Hematologistas Cl\u00ednicos, Onco-hematologistas, Hemoterapeutas, residentes e internos em Hematologia Cl\u00ednica e Onco-hematologia, al\u00e9m de estudantes de gradua\u00e7\u00e3o das faculdades de Medicina<\/p>\n","protected":false},"excerpt":{"rendered":"<p>Guia de Bolso de Hematologia surge em sua 2\u00aa edi\u00e7\u00e3o, integralmente revista, ampliada e atualizada. Sua proposta \u00e9 transmitir as melhores informa\u00e7\u00f5es t\u00e9cnicas, al\u00e9m de esclarecer d\u00favidas e quest\u00f5es encontradas com mais frequ\u00eancia no dia a dia da pr\u00e1tica do Hematologista. Apresenta par\u00e1grafos curtos, linguagem sint\u00e9tica e itemiza\u00e7\u00e3o sequencial e inteligente, tudo de modo a&hellip;&nbsp;<a href=\"https:\/\/livrariadocampus.com.br\/loja\/produto\/guia-de-bolso-de-hematologia-2019-por-otavio-cesar-carvalho-guimaraes-baiocchi\/\" class=\"\" rel=\"bookmark\">Continue a ler &raquo;<span class=\"screen-reader-text\">Guia de Bolso de Hematologia  2019 por Ot\u00e1vio Cesar Carvalho Guimar\u00e3es Baiocchi<\/span><\/a><\/p>\n","protected":false},"featured_media":6157,"template":"","meta":{"neve_meta_sidebar":"","neve_meta_container":"","neve_meta_enable_content_width":"off","neve_meta_content_width":0,"neve_meta_title_alignment":"","neve_meta_author_avatar":"","neve_post_elements_order":"","neve_meta_disable_header":"","neve_meta_disable_footer":"","neve_meta_disable_title":"","_joinchat":[]},"product_brand":[],"product_cat":[104,69,72,25],"product_tag":[],"class_list":{"0":"post-6156","1":"product","2":"type-product","3":"status-publish","4":"has-post-thumbnail","6":"product_cat-clinica-medica-semiologia","7":"product_cat-hematologia-e-hemoterapia","8":"product_cat-laboratorio-clinico","9":"product_cat-lancamentos","11":"first","12":"outofstock","13":"shipping-taxable","14":"product-type-simple"},"jetpack_sharing_enabled":true,"_links":{"self":[{"href":"https:\/\/livrariadocampus.com.br\/loja\/wp-json\/wp\/v2\/product\/6156","targetHints":{"allow":["GET"]}}],"collection":[{"href":"https:\/\/livrariadocampus.com.br\/loja\/wp-json\/wp\/v2\/product"}],"about":[{"href":"https:\/\/livrariadocampus.com.br\/loja\/wp-json\/wp\/v2\/types\/product"}],"wp:featuredmedia":[{"embeddable":true,"href":"https:\/\/livrariadocampus.com.br\/loja\/wp-json\/wp\/v2\/media\/6157"}],"wp:attachment":[{"href":"https:\/\/livrariadocampus.com.br\/loja\/wp-json\/wp\/v2\/media?parent=6156"}],"wp:term":[{"taxonomy":"product_brand","embeddable":true,"href":"https:\/\/livrariadocampus.com.br\/loja\/wp-json\/wp\/v2\/product_brand?post=6156"},{"taxonomy":"product_cat","embeddable":true,"href":"https:\/\/livrariadocampus.com.br\/loja\/wp-json\/wp\/v2\/product_cat?post=6156"},{"taxonomy":"product_tag","embeddable":true,"href":"https:\/\/livrariadocampus.com.br\/loja\/wp-json\/wp\/v2\/product_tag?post=6156"}],"curies":[{"name":"wp","href":"https:\/\/api.w.org\/{rel}","templated":true}]}}