{"id":6148,"date":"2021-04-28T13:01:53","date_gmt":"2021-04-28T16:01:53","guid":{"rendered":"https:\/\/www.livrariadocampus.com.br\/?post_type=product&#038;p=6148"},"modified":"2023-06-07T17:34:30","modified_gmt":"2023-06-07T20:34:30","slug":"manual-da-residencia-de-medicina-intensiva-2020-por-andrea-remigio-de-oliveira-autor-marcelo-park","status":"publish","type":"product","link":"https:\/\/livrariadocampus.com.br\/loja\/produto\/manual-da-residencia-de-medicina-intensiva-2020-por-andrea-remigio-de-oliveira-autor-marcelo-park\/","title":{"rendered":"Manual da Resid\u00eancia de Medicina Intensiva  2020 por Andr\u00e9a Remigio de Oliveira (Autor), Marcelo Park"},"content":{"rendered":"<p>exto claro e objetivo, ideal para consulta r\u00e1pida. _ Cont\u00e9m informa\u00e7\u00f5es b\u00e1sicas sobre doses, dilui\u00e7\u00f5es, indica\u00e7\u00f5es, efeitos colaterais, crit\u00e9rios diagn\u00f3sticos e tratamento das situa\u00e7\u00f5es mais frequentes do dia a dia do intensivista. _ Recomendado para todos os profissionais que trabalham com pacientes graves, no pronto-socorro, em UTI ou enfermaria. _ Re\u00fane as evid\u00eancias existentes sobre o manejo intensivo do paciente com o novo coronav\u00edrus (COVID-19)<\/p>\n","protected":false},"excerpt":{"rendered":"<p>exto claro e objetivo, ideal para consulta r\u00e1pida. _ Cont\u00e9m informa\u00e7\u00f5es b\u00e1sicas sobre doses, dilui\u00e7\u00f5es, indica\u00e7\u00f5es, efeitos colaterais, crit\u00e9rios diagn\u00f3sticos e tratamento das situa\u00e7\u00f5es mais frequentes do dia a dia do intensivista. _ Recomendado para todos os profissionais que trabalham com pacientes graves, no pronto-socorro, em UTI ou enfermaria. _ Re\u00fane as evid\u00eancias existentes sobre&hellip;&nbsp;<a href=\"https:\/\/livrariadocampus.com.br\/loja\/produto\/manual-da-residencia-de-medicina-intensiva-2020-por-andrea-remigio-de-oliveira-autor-marcelo-park\/\" class=\"\" rel=\"bookmark\">Continue a ler &raquo;<span class=\"screen-reader-text\">Manual da Resid\u00eancia de Medicina Intensiva  2020 por Andr\u00e9a Remigio de Oliveira (Autor), Marcelo Park<\/span><\/a><\/p>\n","protected":false},"featured_media":6149,"template":"","meta":{"neve_meta_sidebar":"","neve_meta_container":"","neve_meta_enable_content_width":"off","neve_meta_content_width":0,"neve_meta_title_alignment":"","neve_meta_author_avatar":"","neve_post_elements_order":"","neve_meta_disable_header":"","neve_meta_disable_footer":"","neve_meta_disable_title":"","_joinchat":[]},"product_brand":[],"product_cat":[58,104,25,55,124],"product_tag":[],"class_list":{"0":"post-6148","1":"product","2":"type-product","3":"status-publish","4":"has-post-thumbnail","6":"product_cat-clinica-medica","7":"product_cat-clinica-medica-semiologia","8":"product_cat-lancamentos","9":"product_cat-terapia-intensiva-adulto-e-pediatrico","10":"product_cat-terapia-intensiva-medicina-de","12":"first","13":"instock","14":"sale","15":"shipping-taxable","16":"purchasable","17":"product-type-simple"},"jetpack_sharing_enabled":true,"_links":{"self":[{"href":"https:\/\/livrariadocampus.com.br\/loja\/wp-json\/wp\/v2\/product\/6148","targetHints":{"allow":["GET"]}}],"collection":[{"href":"https:\/\/livrariadocampus.com.br\/loja\/wp-json\/wp\/v2\/product"}],"about":[{"href":"https:\/\/livrariadocampus.com.br\/loja\/wp-json\/wp\/v2\/types\/product"}],"wp:featuredmedia":[{"embeddable":true,"href":"https:\/\/livrariadocampus.com.br\/loja\/wp-json\/wp\/v2\/media\/6149"}],"wp:attachment":[{"href":"https:\/\/livrariadocampus.com.br\/loja\/wp-json\/wp\/v2\/media?parent=6148"}],"wp:term":[{"taxonomy":"product_brand","embeddable":true,"href":"https:\/\/livrariadocampus.com.br\/loja\/wp-json\/wp\/v2\/product_brand?post=6148"},{"taxonomy":"product_cat","embeddable":true,"href":"https:\/\/livrariadocampus.com.br\/loja\/wp-json\/wp\/v2\/product_cat?post=6148"},{"taxonomy":"product_tag","embeddable":true,"href":"https:\/\/livrariadocampus.com.br\/loja\/wp-json\/wp\/v2\/product_tag?post=6148"}],"curies":[{"name":"wp","href":"https:\/\/api.w.org\/{rel}","templated":true}]}}