{"id":6144,"date":"2021-04-28T12:32:42","date_gmt":"2021-04-28T15:32:42","guid":{"rendered":"https:\/\/www.livrariadocampus.com.br\/?post_type=product&#038;p=6144"},"modified":"2022-05-12T11:48:45","modified_gmt":"2022-05-12T14:48:45","slug":"eletrocardiografia-avancada-2021-por-frederico-arnaud","status":"publish","type":"product","link":"https:\/\/livrariadocampus.com.br\/loja\/produto\/eletrocardiografia-avancada-2021-por-frederico-arnaud\/","title":{"rendered":"ELETROCARDIOGRAFIA AVAN\u00c7ADA 2021 por Frederico Arnaud"},"content":{"rendered":"<p>O ECG \u00e9 um exame de realiza\u00e7\u00e3o simples mas de interpreta\u00e7\u00e3o muitas vezes complexa. Este livro re\u00fane de forma viva e instigante um grande n\u00famero de eletrocardiogramas organizados em forma de exerc\u00edcios e coment\u00e1rios que com certeza prender\u00e3o a aten\u00e7\u00e3o do leitor. Atual, traz altera\u00e7\u00f5es eletrocardiogr\u00e1ficas nos pacientes acometidos pelo Covid-19 ou drogas relacionadas.<\/p>\n","protected":false},"excerpt":{"rendered":"<p>O ECG \u00e9 um exame de realiza\u00e7\u00e3o simples mas de interpreta\u00e7\u00e3o muitas vezes complexa. Este livro re\u00fane de forma viva e instigante um grande n\u00famero de eletrocardiogramas organizados em forma de exerc\u00edcios e coment\u00e1rios que com certeza prender\u00e3o a aten\u00e7\u00e3o do leitor. Atual, traz altera\u00e7\u00f5es eletrocardiogr\u00e1ficas nos pacientes acometidos pelo Covid-19 ou drogas relacionadas.<\/p>\n","protected":false},"featured_media":6145,"template":"","meta":{"neve_meta_sidebar":"","neve_meta_container":"","neve_meta_enable_content_width":"off","neve_meta_content_width":0,"neve_meta_title_alignment":"","neve_meta_author_avatar":"","neve_post_elements_order":"","neve_meta_disable_header":"","neve_meta_disable_footer":"","neve_meta_disable_title":"","_joinchat":[]},"product_brand":[],"product_cat":[65,104,25],"product_tag":[],"class_list":{"0":"post-6144","1":"product","2":"type-product","3":"status-publish","4":"has-post-thumbnail","6":"product_cat-cardiologia","7":"product_cat-clinica-medica-semiologia","8":"product_cat-lancamentos","10":"first","11":"instock","12":"shipping-taxable","13":"purchasable","14":"product-type-simple"},"jetpack_sharing_enabled":true,"_links":{"self":[{"href":"https:\/\/livrariadocampus.com.br\/loja\/wp-json\/wp\/v2\/product\/6144","targetHints":{"allow":["GET"]}}],"collection":[{"href":"https:\/\/livrariadocampus.com.br\/loja\/wp-json\/wp\/v2\/product"}],"about":[{"href":"https:\/\/livrariadocampus.com.br\/loja\/wp-json\/wp\/v2\/types\/product"}],"wp:featuredmedia":[{"embeddable":true,"href":"https:\/\/livrariadocampus.com.br\/loja\/wp-json\/wp\/v2\/media\/6145"}],"wp:attachment":[{"href":"https:\/\/livrariadocampus.com.br\/loja\/wp-json\/wp\/v2\/media?parent=6144"}],"wp:term":[{"taxonomy":"product_brand","embeddable":true,"href":"https:\/\/livrariadocampus.com.br\/loja\/wp-json\/wp\/v2\/product_brand?post=6144"},{"taxonomy":"product_cat","embeddable":true,"href":"https:\/\/livrariadocampus.com.br\/loja\/wp-json\/wp\/v2\/product_cat?post=6144"},{"taxonomy":"product_tag","embeddable":true,"href":"https:\/\/livrariadocampus.com.br\/loja\/wp-json\/wp\/v2\/product_tag?post=6144"}],"curies":[{"name":"wp","href":"https:\/\/api.w.org\/{rel}","templated":true}]}}