{"id":6119,"date":"2021-02-22T16:35:13","date_gmt":"2021-02-22T19:35:13","guid":{"rendered":"https:\/\/www.livrariadocampus.com.br\/?post_type=product&#038;p=6119"},"modified":"2024-09-24T16:09:19","modified_gmt":"2024-09-24T19:09:19","slug":"reumatologia-pediatrica-para-o-residente","status":"publish","type":"product","link":"https:\/\/livrariadocampus.com.br\/loja\/produto\/reumatologia-pediatrica-para-o-residente\/","title":{"rendered":"Reumatologia Pedi\u00e1trica Para o Residente"},"content":{"rendered":"<p>O objetivo do livro \u00e9 proporcionar ao m\u00e9dico residente o acesso aos principais temas da especialidade de forma clara, objetiva e atualizada, versando sobre os mais diversos assuntos: anamnese e exame f\u00edsico, medicamentos mais utilizados, artrites relacionadas a infec\u00e7\u00f5es, artrites cr\u00f4nicas, doen\u00e7as do tecido conjuntivo, vasculites prim\u00e1rias e s\u00edndromes autoinflamat\u00f3rias.Trata-se de uma abordagem ampla, essencial e indispens\u00e1vel para quem est\u00e1 cursando a Resid\u00eancia M\u00e9dica em Pediatria, Reumatologia Pedi\u00e1trica e Reumatologia Geral, bem como para o estudante de Medicina e o m\u00e9dico em sua pr\u00e1tica di\u00e1ria.<\/p>\n","protected":false},"excerpt":{"rendered":"<p>O objetivo do livro \u00e9 proporcionar ao m\u00e9dico residente o acesso aos principais temas da especialidade de forma clara, objetiva e atualizada, versando sobre os mais diversos assuntos: anamnese e exame f\u00edsico, medicamentos mais utilizados, artrites relacionadas a infec\u00e7\u00f5es, artrites cr\u00f4nicas, doen\u00e7as do tecido conjuntivo, vasculites prim\u00e1rias e s\u00edndromes autoinflamat\u00f3rias.Trata-se de uma abordagem ampla, essencial&hellip;&nbsp;<a href=\"https:\/\/livrariadocampus.com.br\/loja\/produto\/reumatologia-pediatrica-para-o-residente\/\" class=\"\" rel=\"bookmark\">Continue a ler &raquo;<span class=\"screen-reader-text\">Reumatologia Pedi\u00e1trica Para o Residente<\/span><\/a><\/p>\n","protected":false},"featured_media":6120,"template":"","meta":{"neve_meta_sidebar":"","neve_meta_container":"","neve_meta_enable_content_width":"off","neve_meta_content_width":0,"neve_meta_title_alignment":"","neve_meta_author_avatar":"","neve_post_elements_order":"","neve_meta_disable_header":"","neve_meta_disable_footer":"","neve_meta_disable_title":"","_joinchat":[]},"product_brand":[],"product_cat":[56,258],"product_tag":[],"class_list":{"0":"post-6119","1":"product","2":"type-product","3":"status-publish","4":"has-post-thumbnail","6":"product_cat-pediatria","7":"product_cat-reumatologia","9":"first","10":"instock","11":"shipping-taxable","12":"purchasable","13":"product-type-simple"},"jetpack_sharing_enabled":true,"_links":{"self":[{"href":"https:\/\/livrariadocampus.com.br\/loja\/wp-json\/wp\/v2\/product\/6119","targetHints":{"allow":["GET"]}}],"collection":[{"href":"https:\/\/livrariadocampus.com.br\/loja\/wp-json\/wp\/v2\/product"}],"about":[{"href":"https:\/\/livrariadocampus.com.br\/loja\/wp-json\/wp\/v2\/types\/product"}],"wp:featuredmedia":[{"embeddable":true,"href":"https:\/\/livrariadocampus.com.br\/loja\/wp-json\/wp\/v2\/media\/6120"}],"wp:attachment":[{"href":"https:\/\/livrariadocampus.com.br\/loja\/wp-json\/wp\/v2\/media?parent=6119"}],"wp:term":[{"taxonomy":"product_brand","embeddable":true,"href":"https:\/\/livrariadocampus.com.br\/loja\/wp-json\/wp\/v2\/product_brand?post=6119"},{"taxonomy":"product_cat","embeddable":true,"href":"https:\/\/livrariadocampus.com.br\/loja\/wp-json\/wp\/v2\/product_cat?post=6119"},{"taxonomy":"product_tag","embeddable":true,"href":"https:\/\/livrariadocampus.com.br\/loja\/wp-json\/wp\/v2\/product_tag?post=6119"}],"curies":[{"name":"wp","href":"https:\/\/api.w.org\/{rel}","templated":true}]}}