{"id":6077,"date":"2020-12-18T16:56:00","date_gmt":"2020-12-18T19:56:00","guid":{"rendered":"https:\/\/www.livrariadocampus.com.br\/?post_type=product&#038;p=6077"},"modified":"2022-05-12T15:48:49","modified_gmt":"2022-05-12T18:48:49","slug":"endoscopia-baseada-em-evidencias-portugues-capa-dura-5-setembro-2017-por-eduardo-guimaraes-hourneaux-moura-autor-paulo-sakai-autor","status":"publish","type":"product","link":"https:\/\/livrariadocampus.com.br\/loja\/produto\/endoscopia-baseada-em-evidencias-portugues-capa-dura-5-setembro-2017-por-eduardo-guimaraes-hourneaux-moura-autor-paulo-sakai-autor\/","title":{"rendered":"Endoscopia baseada em evid\u00eancias (Portugu\u00eas) Capa dura \u2013 5 setembro 2017 por Eduardo Guimar\u00e3es Hourneaux Moura (Autor), Paulo Sakai (Autor)"},"content":{"rendered":"<p>A S\u00e9rie Manual do M\u00e9dico-Residente do Hospital das Cl\u00ednicas da Faculdade de Medicina da Universidade de S\u00e3o Paulo &#8211; HCFMUSP tem por objetivo difundir os conhecimentos da pr\u00e1tica e assist\u00eancia m\u00e9dica, altamente qualificadas, ora desenvolvidas no complexo HCFMUSP, por sinal, o maior da Am\u00e9rica Latina. No complexo HCFMUSP, s\u00e3o oferecidos um centro m\u00e9dico hospitalar amplo, bem estruturado e moderno, com os melhores recursos diagn\u00f3sticos e terap\u00eauticos para o treinamento adequado dos residentes. Assinala-se os residentes contarem permanentemente com m\u00e9dicos<\/p>\n","protected":false},"excerpt":{"rendered":"<p>A S\u00e9rie Manual do M\u00e9dico-Residente do Hospital das Cl\u00ednicas da Faculdade de Medicina da Universidade de S\u00e3o Paulo &#8211; HCFMUSP tem por objetivo difundir os conhecimentos da pr\u00e1tica e assist\u00eancia m\u00e9dica, altamente qualificadas, ora desenvolvidas no complexo HCFMUSP, por sinal, o maior da Am\u00e9rica Latina. No complexo HCFMUSP, s\u00e3o oferecidos um centro m\u00e9dico hospitalar amplo,&hellip;&nbsp;<a href=\"https:\/\/livrariadocampus.com.br\/loja\/produto\/endoscopia-baseada-em-evidencias-portugues-capa-dura-5-setembro-2017-por-eduardo-guimaraes-hourneaux-moura-autor-paulo-sakai-autor\/\" class=\"\" rel=\"bookmark\">Continue a ler &raquo;<span class=\"screen-reader-text\">Endoscopia baseada em evid\u00eancias (Portugu\u00eas) Capa dura \u2013 5 setembro 2017 por Eduardo Guimar\u00e3es Hourneaux Moura (Autor), Paulo Sakai (Autor)<\/span><\/a><\/p>\n","protected":false},"featured_media":6078,"template":"","meta":{"neve_meta_sidebar":"","neve_meta_container":"","neve_meta_enable_content_width":"off","neve_meta_content_width":0,"neve_meta_title_alignment":"","neve_meta_author_avatar":"","neve_post_elements_order":"","neve_meta_disable_header":"","neve_meta_disable_footer":"","neve_meta_disable_title":"","_joinchat":[]},"product_brand":[],"product_cat":[176,67],"product_tag":[],"class_list":{"0":"post-6077","1":"product","2":"type-product","3":"status-publish","4":"has-post-thumbnail","6":"product_cat-cirurgia","7":"product_cat-gastroenterologia-clinica","9":"first","10":"instock","11":"shipping-taxable","12":"purchasable","13":"product-type-simple"},"jetpack_sharing_enabled":true,"_links":{"self":[{"href":"https:\/\/livrariadocampus.com.br\/loja\/wp-json\/wp\/v2\/product\/6077","targetHints":{"allow":["GET"]}}],"collection":[{"href":"https:\/\/livrariadocampus.com.br\/loja\/wp-json\/wp\/v2\/product"}],"about":[{"href":"https:\/\/livrariadocampus.com.br\/loja\/wp-json\/wp\/v2\/types\/product"}],"wp:featuredmedia":[{"embeddable":true,"href":"https:\/\/livrariadocampus.com.br\/loja\/wp-json\/wp\/v2\/media\/6078"}],"wp:attachment":[{"href":"https:\/\/livrariadocampus.com.br\/loja\/wp-json\/wp\/v2\/media?parent=6077"}],"wp:term":[{"taxonomy":"product_brand","embeddable":true,"href":"https:\/\/livrariadocampus.com.br\/loja\/wp-json\/wp\/v2\/product_brand?post=6077"},{"taxonomy":"product_cat","embeddable":true,"href":"https:\/\/livrariadocampus.com.br\/loja\/wp-json\/wp\/v2\/product_cat?post=6077"},{"taxonomy":"product_tag","embeddable":true,"href":"https:\/\/livrariadocampus.com.br\/loja\/wp-json\/wp\/v2\/product_tag?post=6077"}],"curies":[{"name":"wp","href":"https:\/\/api.w.org\/{rel}","templated":true}]}}