{"id":6074,"date":"2020-12-18T16:46:53","date_gmt":"2020-12-18T19:46:53","guid":{"rendered":"https:\/\/www.livrariadocampus.com.br\/?post_type=product&#038;p=6074"},"modified":"2023-06-07T17:42:16","modified_gmt":"2023-06-07T20:42:16","slug":"oftalmologia-smmr-hcfmusp-2020-por-mirko-babic-autor-susanna-junior-remo","status":"publish","type":"product","link":"https:\/\/livrariadocampus.com.br\/loja\/produto\/oftalmologia-smmr-hcfmusp-2020-por-mirko-babic-autor-susanna-junior-remo\/","title":{"rendered":"Oftalmologia &#8211; Smmr &#8211; Hcfmusp  2020 por mirko Babic (Autor), Susanna Junior Remo"},"content":{"rendered":"<p>Este livro faz parte do Programa Educacional de Oftalmologia criado pela Cl\u00ednica de Oftalmologia da Faculdade de Medicina da Universidade de S\u00e3o Paulo, sendo resultado do esfor\u00e7o conjunto de professores, assistentes, colaboradores e residentes dessa institui\u00e7\u00e3o, com o objetivo de levar aos oftalmologistas e estudantes de Medicina os conhecimentos necess\u00e1rios para o bom desempenho da pr\u00e1tica m\u00e9dica. Esse programa recebeu in\u00fameros elogios dos acad\u00eamicos e m\u00e9dicos, inclusive internacionais, e foi considerado um dos melhores livros para o ensino de Oftalmologia ao graduando e como introdu\u00e7\u00e3o \u00e0 especialidade. \u00c9 fundamental que os estudantes de Medicina, ao se formarem,<\/p>\n","protected":false},"excerpt":{"rendered":"<p>Este livro faz parte do Programa Educacional de Oftalmologia criado pela Cl\u00ednica de Oftalmologia da Faculdade de Medicina da Universidade de S\u00e3o Paulo, sendo resultado do esfor\u00e7o conjunto de professores, assistentes, colaboradores e residentes dessa institui\u00e7\u00e3o, com o objetivo de levar aos oftalmologistas e estudantes de Medicina os conhecimentos necess\u00e1rios para o bom desempenho da&hellip;&nbsp;<a href=\"https:\/\/livrariadocampus.com.br\/loja\/produto\/oftalmologia-smmr-hcfmusp-2020-por-mirko-babic-autor-susanna-junior-remo\/\" class=\"\" rel=\"bookmark\">Continue a ler &raquo;<span class=\"screen-reader-text\">Oftalmologia &#8211; Smmr &#8211; Hcfmusp  2020 por mirko Babic (Autor), Susanna Junior Remo<\/span><\/a><\/p>\n","protected":false},"featured_media":6075,"template":"","meta":{"neve_meta_sidebar":"","neve_meta_container":"","neve_meta_enable_content_width":"off","neve_meta_content_width":0,"neve_meta_title_alignment":"","neve_meta_author_avatar":"","neve_post_elements_order":"","neve_meta_disable_header":"","neve_meta_disable_footer":"","neve_meta_disable_title":"","_joinchat":[]},"product_brand":[],"product_cat":[236],"product_tag":[],"class_list":{"0":"post-6074","1":"product","2":"type-product","3":"status-publish","4":"has-post-thumbnail","6":"product_cat-oftalmologia","8":"first","9":"instock","10":"sale","11":"shipping-taxable","12":"purchasable","13":"product-type-simple"},"jetpack_sharing_enabled":true,"_links":{"self":[{"href":"https:\/\/livrariadocampus.com.br\/loja\/wp-json\/wp\/v2\/product\/6074","targetHints":{"allow":["GET"]}}],"collection":[{"href":"https:\/\/livrariadocampus.com.br\/loja\/wp-json\/wp\/v2\/product"}],"about":[{"href":"https:\/\/livrariadocampus.com.br\/loja\/wp-json\/wp\/v2\/types\/product"}],"wp:featuredmedia":[{"embeddable":true,"href":"https:\/\/livrariadocampus.com.br\/loja\/wp-json\/wp\/v2\/media\/6075"}],"wp:attachment":[{"href":"https:\/\/livrariadocampus.com.br\/loja\/wp-json\/wp\/v2\/media?parent=6074"}],"wp:term":[{"taxonomy":"product_brand","embeddable":true,"href":"https:\/\/livrariadocampus.com.br\/loja\/wp-json\/wp\/v2\/product_brand?post=6074"},{"taxonomy":"product_cat","embeddable":true,"href":"https:\/\/livrariadocampus.com.br\/loja\/wp-json\/wp\/v2\/product_cat?post=6074"},{"taxonomy":"product_tag","embeddable":true,"href":"https:\/\/livrariadocampus.com.br\/loja\/wp-json\/wp\/v2\/product_tag?post=6074"}],"curies":[{"name":"wp","href":"https:\/\/api.w.org\/{rel}","templated":true}]}}