{"id":6068,"date":"2020-12-11T16:46:18","date_gmt":"2020-12-11T19:46:18","guid":{"rendered":"https:\/\/www.livrariadocampus.com.br\/?post_type=product&#038;p=6068"},"modified":"2024-09-23T16:18:28","modified_gmt":"2024-09-23T19:18:28","slug":"endocrinologia-clinica-2021-por-lucio-ed-vilar-autor","status":"publish","type":"product","link":"https:\/\/livrariadocampus.com.br\/loja\/produto\/endocrinologia-clinica-2021-por-lucio-ed-vilar-autor\/","title":{"rendered":"Endocrinologia Cl\u00ednica  2021 por Lucio (Ed.) VILAR (Autor)"},"content":{"rendered":"<p>Um guia para diagn\u00f3stico e tratamento de dist\u00farbios end\u00f3crinos. Atualizado com base nos mais recentes dados cient\u00edficos e com 15 cap\u00edtulos in\u00e9ditos, Endocrinologia Cl\u00ednica oferece conte\u00fado completo sobre os mais relevantes casos da pr\u00e1tica cl\u00ednica di\u00e1ria. Lucio Vilar e renomados especialistas da \u00e1rea apresentam uma fonte segura para estudantes de gradua\u00e7\u00e3o e p\u00f3s-gradua\u00e7\u00e3o em Medicina e, especialmente, a endocrinologistas e cl\u00ednicos gerais, com o objetivo de auxiliar a compreens\u00e3o e o aprimoramento dos conceitos referentes \u00e0 abordagem diagn\u00f3stico-terap\u00eautica dos dist\u00farbios end\u00f3crinos mais importantes.<\/p>\n","protected":false},"excerpt":{"rendered":"<p>Um guia para diagn\u00f3stico e tratamento de dist\u00farbios end\u00f3crinos. Atualizado com base nos mais recentes dados cient\u00edficos e com 15 cap\u00edtulos in\u00e9ditos, Endocrinologia Cl\u00ednica oferece conte\u00fado completo sobre os mais relevantes casos da pr\u00e1tica cl\u00ednica di\u00e1ria. Lucio Vilar e renomados especialistas da \u00e1rea apresentam uma fonte segura para estudantes de gradua\u00e7\u00e3o e p\u00f3s-gradua\u00e7\u00e3o em Medicina&hellip;&nbsp;<a href=\"https:\/\/livrariadocampus.com.br\/loja\/produto\/endocrinologia-clinica-2021-por-lucio-ed-vilar-autor\/\" class=\"\" rel=\"bookmark\">Continue a ler &raquo;<span class=\"screen-reader-text\">Endocrinologia Cl\u00ednica  2021 por Lucio (Ed.) VILAR (Autor)<\/span><\/a><\/p>\n","protected":false},"featured_media":6069,"template":"","meta":{"neve_meta_sidebar":"","neve_meta_container":"","neve_meta_enable_content_width":"off","neve_meta_content_width":0,"neve_meta_title_alignment":"","neve_meta_author_avatar":"","neve_post_elements_order":"","neve_meta_disable_header":"","neve_meta_disable_footer":"","neve_meta_disable_title":"","_joinchat":[]},"product_brand":[],"product_cat":[104,195,182,76],"product_tag":[],"class_list":{"0":"post-6068","1":"product","2":"type-product","3":"status-publish","4":"has-post-thumbnail","6":"product_cat-clinica-medica-semiologia","7":"product_cat-endocrinologia","8":"product_cat-pediatria-neonatologia","9":"product_cat-pediatria-neonatologia-pediatria-neonatologia","11":"first","12":"instock","13":"shipping-taxable","14":"purchasable","15":"product-type-simple"},"jetpack_sharing_enabled":true,"_links":{"self":[{"href":"https:\/\/livrariadocampus.com.br\/loja\/wp-json\/wp\/v2\/product\/6068","targetHints":{"allow":["GET"]}}],"collection":[{"href":"https:\/\/livrariadocampus.com.br\/loja\/wp-json\/wp\/v2\/product"}],"about":[{"href":"https:\/\/livrariadocampus.com.br\/loja\/wp-json\/wp\/v2\/types\/product"}],"wp:featuredmedia":[{"embeddable":true,"href":"https:\/\/livrariadocampus.com.br\/loja\/wp-json\/wp\/v2\/media\/6069"}],"wp:attachment":[{"href":"https:\/\/livrariadocampus.com.br\/loja\/wp-json\/wp\/v2\/media?parent=6068"}],"wp:term":[{"taxonomy":"product_brand","embeddable":true,"href":"https:\/\/livrariadocampus.com.br\/loja\/wp-json\/wp\/v2\/product_brand?post=6068"},{"taxonomy":"product_cat","embeddable":true,"href":"https:\/\/livrariadocampus.com.br\/loja\/wp-json\/wp\/v2\/product_cat?post=6068"},{"taxonomy":"product_tag","embeddable":true,"href":"https:\/\/livrariadocampus.com.br\/loja\/wp-json\/wp\/v2\/product_tag?post=6068"}],"curies":[{"name":"wp","href":"https:\/\/api.w.org\/{rel}","templated":true}]}}