{"id":6041,"date":"2020-11-26T17:41:51","date_gmt":"2020-11-26T20:41:51","guid":{"rendered":"https:\/\/www.livrariadocampus.com.br\/?post_type=product&#038;p=6041"},"modified":"2023-06-13T09:00:07","modified_gmt":"2023-06-13T12:00:07","slug":"livro-manual-de-emergencias-cardiovasculares-cardiopapers-cardiopapers","status":"publish","type":"product","link":"https:\/\/livrariadocampus.com.br\/loja\/produto\/livro-manual-de-emergencias-cardiovasculares-cardiopapers-cardiopapers\/","title":{"rendered":"Livro Manual de Emerg\u00eancias Cardiovasculares &#8211; CARDIOPAPERS &#8211;  Cardiopapers"},"content":{"rendered":"<p>Manual de Emerg\u00eancias Cardiovasculares &#8211; Cardiopapers Manual de Emerg\u00eancias Cardiovasculares &#8211; Cardiopapers \u00e9 livro que nasce da pr\u00e1tica m\u00e9dica e da insubstitu\u00edvel experi\u00eancia do beira-leito, e se associa aos mais atuais guidelines em seus conceitos e teorias. Reproduz, em seu percurso did\u00e1tico, as m\u00e1ximas do pai da Cl\u00ednica M\u00e9dica, Sir William Osler: &#8220;Praticar a Medicina sem a teoria \u00e9 como entrar no mar sem b\u00fassola. Praticar a medicina apenas com a teoria \u00e9 jamais entrar no mar.&#8221; Seu texto linear, objetivo e conciso \u00e9 rico em dicas, que se destacam nas rotinas para o manejo das principais condi\u00e7\u00f5es cardiovasculares. Nesse sentido, citam-se algumas perguntas comuns e que s\u00e3o assertivamente respondidas no texto: * Fa\u00e7o o trombol\u00edtico junto com o AAS, o clopidogrel e a heparina no IAM com supra? Tudo de uma s\u00f3 vez? Ou tenho que esperar um tempo entre as medica\u00e7\u00f5es? * Qual \u00e9 mesmo a dose de morfina no edema agudo de pulm\u00e3o? * Como fa\u00e7o para ajustar o marca-passo transcut\u00e2neo? E o que fa\u00e7o para o paciente n\u00e3o reclamar da dor do est\u00edmulo do marca-passo? Manual de Emerg\u00eancias Cardiovasculares &#8211; Cardiopapers apresenta 2 Editores, 2 Editores Associados, 35 Colaboradores, 37 cap\u00edtulos e 464 p\u00e1ginas. Seu p\u00fablico-alvo \u00e9 formado por Cardiologistas, Emergencistas, Intensivistas, Cl\u00ednicos e residentes em Cardiologia, Emerg\u00eancias Cl\u00ednicas, Medicina Intensiva e Cl\u00ednica Medica<\/p>\n","protected":false},"excerpt":{"rendered":"<p>Manual de Emerg\u00eancias Cardiovasculares &#8211; Cardiopapers Manual de Emerg\u00eancias Cardiovasculares &#8211; Cardiopapers \u00e9 livro que nasce da pr\u00e1tica m\u00e9dica e da insubstitu\u00edvel experi\u00eancia do beira-leito, e se associa aos mais atuais guidelines em seus conceitos e teorias. Reproduz, em seu percurso did\u00e1tico, as m\u00e1ximas do pai da Cl\u00ednica M\u00e9dica, Sir William Osler: &#8220;Praticar a Medicina&hellip;&nbsp;<a href=\"https:\/\/livrariadocampus.com.br\/loja\/produto\/livro-manual-de-emergencias-cardiovasculares-cardiopapers-cardiopapers\/\" class=\"\" rel=\"bookmark\">Continue a ler &raquo;<span class=\"screen-reader-text\">Livro Manual de Emerg\u00eancias Cardiovasculares &#8211; CARDIOPAPERS &#8211;  Cardiopapers<\/span><\/a><\/p>\n","protected":false},"featured_media":6042,"template":"","meta":{"neve_meta_sidebar":"","neve_meta_container":"","neve_meta_enable_content_width":"off","neve_meta_content_width":0,"neve_meta_title_alignment":"","neve_meta_author_avatar":"","neve_post_elements_order":"","neve_meta_disable_header":"","neve_meta_disable_footer":"","neve_meta_disable_title":"","_joinchat":[]},"product_brand":[],"product_cat":[65,58],"product_tag":[],"class_list":{"0":"post-6041","1":"product","2":"type-product","3":"status-publish","4":"has-post-thumbnail","6":"product_cat-cardiologia","7":"product_cat-clinica-medica","9":"first","10":"instock","11":"sale","12":"shipping-taxable","13":"purchasable","14":"product-type-simple"},"jetpack_sharing_enabled":true,"_links":{"self":[{"href":"https:\/\/livrariadocampus.com.br\/loja\/wp-json\/wp\/v2\/product\/6041","targetHints":{"allow":["GET"]}}],"collection":[{"href":"https:\/\/livrariadocampus.com.br\/loja\/wp-json\/wp\/v2\/product"}],"about":[{"href":"https:\/\/livrariadocampus.com.br\/loja\/wp-json\/wp\/v2\/types\/product"}],"wp:featuredmedia":[{"embeddable":true,"href":"https:\/\/livrariadocampus.com.br\/loja\/wp-json\/wp\/v2\/media\/6042"}],"wp:attachment":[{"href":"https:\/\/livrariadocampus.com.br\/loja\/wp-json\/wp\/v2\/media?parent=6041"}],"wp:term":[{"taxonomy":"product_brand","embeddable":true,"href":"https:\/\/livrariadocampus.com.br\/loja\/wp-json\/wp\/v2\/product_brand?post=6041"},{"taxonomy":"product_cat","embeddable":true,"href":"https:\/\/livrariadocampus.com.br\/loja\/wp-json\/wp\/v2\/product_cat?post=6041"},{"taxonomy":"product_tag","embeddable":true,"href":"https:\/\/livrariadocampus.com.br\/loja\/wp-json\/wp\/v2\/product_tag?post=6041"}],"curies":[{"name":"wp","href":"https:\/\/api.w.org\/{rel}","templated":true}]}}