{"id":6034,"date":"2020-11-24T17:53:25","date_gmt":"2020-11-24T20:53:25","guid":{"rendered":"https:\/\/www.livrariadocampus.com.br\/?post_type=product&#038;p=6034"},"modified":"2025-01-17T15:12:05","modified_gmt":"2025-01-17T18:12:05","slug":"guia-de-medicina-de-urgencia-2020-por-elisa-mieko-suemitsu-higa-editor-antonio-tonete-bafi","status":"publish","type":"product","link":"https:\/\/livrariadocampus.com.br\/loja\/produto\/guia-de-medicina-de-urgencia-2020-por-elisa-mieko-suemitsu-higa-editor-antonio-tonete-bafi\/","title":{"rendered":"Guia de medicina de urg\u00eancia  2020 por Elisa Mieko Suemitsu Higa (Editor), Antonio Tonete Bafi"},"content":{"rendered":"<p>Esta 4\u00aa edi\u00e7\u00e3o de Guia de Medicina de Urg\u00eancia foi inteiramente revisada e atualizada por especialistas de cada tema, tendo sido dividida nas seguintes se\u00e7\u00f5es (especialidades): \u2022 Algoritmo para atendimento da parada cardiorrespirat\u00f3ria \u2022 Temas gerais \u2022 Cardiologia \u2022 Endocrinologia \u2022 Gastroenterologia \u2022 Hematologia \u2022 Infectologia \u2013 com cap\u00edtulo novo sobre a infec\u00e7\u00e3o pelo Sars-CoV-2 \u2022 Nefrologia \u2022 Neurologia \u2022 Emerg\u00eancias oncol\u00f3gicas \u2022 Pneumologia \u2022 Psiquiatria \u2022 Reumatologia Esta obra \u00e9 indispens\u00e1vel para os estudantes de medicina, residentes e m\u00e9dicos que atuam na linha de frente dos hospitais, compreendendo os prontos-socorros, as unidades de pronto atendimento e tamb\u00e9m aos profissionais das unidades de terapia intensiva<\/p>\n","protected":false},"excerpt":{"rendered":"<p>Esta 4\u00aa edi\u00e7\u00e3o de Guia de Medicina de Urg\u00eancia foi inteiramente revisada e atualizada por especialistas de cada tema, tendo sido dividida nas seguintes se\u00e7\u00f5es (especialidades): \u2022 Algoritmo para atendimento da parada cardiorrespirat\u00f3ria \u2022 Temas gerais \u2022 Cardiologia \u2022 Endocrinologia \u2022 Gastroenterologia \u2022 Hematologia \u2022 Infectologia \u2013 com cap\u00edtulo novo sobre a infec\u00e7\u00e3o pelo Sars-CoV-2&hellip;&nbsp;<a href=\"https:\/\/livrariadocampus.com.br\/loja\/produto\/guia-de-medicina-de-urgencia-2020-por-elisa-mieko-suemitsu-higa-editor-antonio-tonete-bafi\/\" class=\"\" rel=\"bookmark\">Continue a ler &raquo;<span class=\"screen-reader-text\">Guia de medicina de urg\u00eancia  2020 por Elisa Mieko Suemitsu Higa (Editor), Antonio Tonete Bafi<\/span><\/a><\/p>\n","protected":false},"featured_media":6035,"template":"","meta":{"neve_meta_sidebar":"","neve_meta_container":"","neve_meta_enable_content_width":"off","neve_meta_content_width":0,"neve_meta_title_alignment":"","neve_meta_author_avatar":"","neve_post_elements_order":"","neve_meta_disable_header":"","neve_meta_disable_footer":"","neve_meta_disable_title":"","_joinchat":[]},"product_brand":[],"product_cat":[58,54],"product_tag":[],"class_list":{"0":"post-6034","1":"product","2":"type-product","3":"status-publish","4":"has-post-thumbnail","6":"product_cat-clinica-medica","7":"product_cat-emergencias-e-pronto-socorro","9":"first","10":"outofstock","11":"shipping-taxable","12":"product-type-simple"},"jetpack_sharing_enabled":true,"_links":{"self":[{"href":"https:\/\/livrariadocampus.com.br\/loja\/wp-json\/wp\/v2\/product\/6034","targetHints":{"allow":["GET"]}}],"collection":[{"href":"https:\/\/livrariadocampus.com.br\/loja\/wp-json\/wp\/v2\/product"}],"about":[{"href":"https:\/\/livrariadocampus.com.br\/loja\/wp-json\/wp\/v2\/types\/product"}],"wp:featuredmedia":[{"embeddable":true,"href":"https:\/\/livrariadocampus.com.br\/loja\/wp-json\/wp\/v2\/media\/6035"}],"wp:attachment":[{"href":"https:\/\/livrariadocampus.com.br\/loja\/wp-json\/wp\/v2\/media?parent=6034"}],"wp:term":[{"taxonomy":"product_brand","embeddable":true,"href":"https:\/\/livrariadocampus.com.br\/loja\/wp-json\/wp\/v2\/product_brand?post=6034"},{"taxonomy":"product_cat","embeddable":true,"href":"https:\/\/livrariadocampus.com.br\/loja\/wp-json\/wp\/v2\/product_cat?post=6034"},{"taxonomy":"product_tag","embeddable":true,"href":"https:\/\/livrariadocampus.com.br\/loja\/wp-json\/wp\/v2\/product_tag?post=6034"}],"curies":[{"name":"wp","href":"https:\/\/api.w.org\/{rel}","templated":true}]}}