{"id":6028,"date":"2020-11-24T16:57:20","date_gmt":"2020-11-24T19:57:20","guid":{"rendered":"https:\/\/www.livrariadocampus.com.br\/?post_type=product&#038;p=6028"},"modified":"2024-09-23T15:48:24","modified_gmt":"2024-09-23T18:48:24","slug":"alergia-alimentar-alimentacao-nutricao-e-terapia-nutricional-2020-por-lauce-hiromi-yonamine-compilador-renata-pinotti","status":"publish","type":"product","link":"https:\/\/livrariadocampus.com.br\/loja\/produto\/alergia-alimentar-alimentacao-nutricao-e-terapia-nutricional-2020-por-lauce-hiromi-yonamine-compilador-renata-pinotti\/","title":{"rendered":"ALERGIA ALIMENTAR: ALIMENTA\u00c7\u00c3O, NUTRI\u00c7\u00c3O E TERAPIA NUTRICIONAL  2020 por lauce Hiromi Yonamine (Compilador), Renata Pinotti"},"content":{"rendered":"<p>H\u00e1 algumas d\u00e9cadas as infec\u00e7\u00f5es eram as maiores respons\u00e1veis pela mortalidade infantil. Essa realidade foi substitu\u00edda por doen\u00e7as que acometem o sistema imunol\u00f3gico e refletem as altera\u00e7\u00f5es de comportamento, estilos de vida e adapta\u00e7\u00f5es do meio ambiente. As alergias alimentares ocupam lugar de destaque entre as \u201cdoen\u00e7as da vida moderna\u201d. Algumas das perguntas recorrentes s\u00e3o: O que \u00e9 e como se manifesta? At\u00e9 quando vai perdurar? Por que apareceu na minha fam\u00edlia? Como lidar com acidentes de ingest\u00e3o? Como tornar a vida social poss\u00edvel? Como substituir? Alergia alimentar: alimenta\u00e7\u00e3o, nutri\u00e7\u00e3o e terapia nutricional mostra como trabalhar com essas quest\u00f5es. Escrito por renomados especialistas, o livro est\u00e1 dividido em 5 partes: Conceitos; Al\u00e9rgenos alimentares; Diagn\u00f3stico da alergia alimentar; Tratamento da alergia alimentar e Preven\u00e7\u00e3o. Trata-se de obra de refer\u00eancia para profissionais e estudantes de Nutri\u00e7\u00e3o, Medicina e outras \u00e1reas da Sa\u00fade<\/p>\n","protected":false},"excerpt":{"rendered":"<p>H\u00e1 algumas d\u00e9cadas as infec\u00e7\u00f5es eram as maiores respons\u00e1veis pela mortalidade infantil. Essa realidade foi substitu\u00edda por doen\u00e7as que acometem o sistema imunol\u00f3gico e refletem as altera\u00e7\u00f5es de comportamento, estilos de vida e adapta\u00e7\u00f5es do meio ambiente. As alergias alimentares ocupam lugar de destaque entre as \u201cdoen\u00e7as da vida moderna\u201d. Algumas das perguntas recorrentes s\u00e3o:&hellip;&nbsp;<a href=\"https:\/\/livrariadocampus.com.br\/loja\/produto\/alergia-alimentar-alimentacao-nutricao-e-terapia-nutricional-2020-por-lauce-hiromi-yonamine-compilador-renata-pinotti\/\" class=\"\" rel=\"bookmark\">Continue a ler &raquo;<span class=\"screen-reader-text\">ALERGIA ALIMENTAR: ALIMENTA\u00c7\u00c3O, NUTRI\u00c7\u00c3O E TERAPIA NUTRICIONAL  2020 por lauce Hiromi Yonamine (Compilador), Renata Pinotti<\/span><\/a><\/p>\n","protected":false},"featured_media":6029,"template":"","meta":{"neve_meta_sidebar":"","neve_meta_container":"","neve_meta_enable_content_width":"off","neve_meta_content_width":0,"neve_meta_title_alignment":"","neve_meta_author_avatar":"","neve_post_elements_order":"","neve_meta_disable_header":"","neve_meta_disable_footer":"","neve_meta_disable_title":"","_joinchat":[]},"product_brand":[],"product_cat":[58,60,254,154],"product_tag":[],"class_list":{"0":"post-6028","1":"product","2":"type-product","3":"status-publish","4":"has-post-thumbnail","6":"product_cat-clinica-medica","7":"product_cat-geriatria-e-gerotologia","8":"product_cat-nutricao-e-parenteral","9":"product_cat-nutricao-e-tecnologia-de-alime","11":"first","12":"instock","13":"shipping-taxable","14":"purchasable","15":"product-type-simple"},"jetpack_sharing_enabled":true,"_links":{"self":[{"href":"https:\/\/livrariadocampus.com.br\/loja\/wp-json\/wp\/v2\/product\/6028","targetHints":{"allow":["GET"]}}],"collection":[{"href":"https:\/\/livrariadocampus.com.br\/loja\/wp-json\/wp\/v2\/product"}],"about":[{"href":"https:\/\/livrariadocampus.com.br\/loja\/wp-json\/wp\/v2\/types\/product"}],"wp:featuredmedia":[{"embeddable":true,"href":"https:\/\/livrariadocampus.com.br\/loja\/wp-json\/wp\/v2\/media\/6029"}],"wp:attachment":[{"href":"https:\/\/livrariadocampus.com.br\/loja\/wp-json\/wp\/v2\/media?parent=6028"}],"wp:term":[{"taxonomy":"product_brand","embeddable":true,"href":"https:\/\/livrariadocampus.com.br\/loja\/wp-json\/wp\/v2\/product_brand?post=6028"},{"taxonomy":"product_cat","embeddable":true,"href":"https:\/\/livrariadocampus.com.br\/loja\/wp-json\/wp\/v2\/product_cat?post=6028"},{"taxonomy":"product_tag","embeddable":true,"href":"https:\/\/livrariadocampus.com.br\/loja\/wp-json\/wp\/v2\/product_tag?post=6028"}],"curies":[{"name":"wp","href":"https:\/\/api.w.org\/{rel}","templated":true}]}}