{"id":6026,"date":"2020-11-24T16:51:57","date_gmt":"2020-11-24T19:51:57","guid":{"rendered":"https:\/\/www.livrariadocampus.com.br\/?post_type=product&#038;p=6026"},"modified":"2022-05-12T15:55:16","modified_gmt":"2022-05-12T18:55:16","slug":"ginecologia-e-obstetricia-febrasgo-para-o-medico-residente-2020-por-almir-antonio-urbanetz-autor","status":"publish","type":"product","link":"https:\/\/livrariadocampus.com.br\/loja\/produto\/ginecologia-e-obstetricia-febrasgo-para-o-medico-residente-2020-por-almir-antonio-urbanetz-autor\/","title":{"rendered":"Ginecologia e Obstetr\u00edcia Febrasgo para o m\u00e9dico residente  2020 por ALMIR ANTONIO URBANETZ (Autor)"},"content":{"rendered":"<p>Esta 2\u00aa edi\u00e7\u00e3o de Ginecologia e Obstetr\u00edcia Febrasgo para o m\u00e9dico residente tem como miss\u00e3o promover aperfei\u00e7oamento t\u00e9cnico-cient\u00edfico aos profissionais m\u00e9dicos em forma\u00e7\u00e3o, trazendo as melhores e mais atuais diretrizes em ginecologia e obstetr\u00edcia. \u00c9 uma obra fundamental para os residentes que atuam na \u00e1rea da sa\u00fade e bem-estar da mulher. Foi escrita por mais de 260 renomados especialistas da \u00e1rea no Brasil e coordenada pelo nosso querido Dr. Almir Antonio Urbanetz, o respons\u00e1vel por organizar toda a obra. Esta nova edi\u00e7\u00e3o foi totalmente revisada e atualizada. S\u00e3o 133 cap\u00edtulos, 50 deles in\u00e9ditos em rela\u00e7\u00e3o \u00e0 1\u00aa edi\u00e7\u00e3o. S\u00e3o abordados novos temas, como COVID-19, nos cap\u00edtulos sobre infec\u00e7\u00f5es em obstetr\u00edcia e imuniza\u00e7\u00e3o em gestantes, processos inflamat\u00f3rios e infecciosos da mama, exames hormonais na menacme, horm\u00f4nios bioid\u00eanticos, prematuridade, cirurgia fetal, macrossomia fetal, entre muitos outro<\/p>\n","protected":false},"excerpt":{"rendered":"<p>Esta 2\u00aa edi\u00e7\u00e3o de Ginecologia e Obstetr\u00edcia Febrasgo para o m\u00e9dico residente tem como miss\u00e3o promover aperfei\u00e7oamento t\u00e9cnico-cient\u00edfico aos profissionais m\u00e9dicos em forma\u00e7\u00e3o, trazendo as melhores e mais atuais diretrizes em ginecologia e obstetr\u00edcia. \u00c9 uma obra fundamental para os residentes que atuam na \u00e1rea da sa\u00fade e bem-estar da mulher. Foi escrita por mais&hellip;&nbsp;<a href=\"https:\/\/livrariadocampus.com.br\/loja\/produto\/ginecologia-e-obstetricia-febrasgo-para-o-medico-residente-2020-por-almir-antonio-urbanetz-autor\/\" class=\"\" rel=\"bookmark\">Continue a ler &raquo;<span class=\"screen-reader-text\">Ginecologia e Obstetr\u00edcia Febrasgo para o m\u00e9dico residente  2020 por ALMIR ANTONIO URBANETZ (Autor)<\/span><\/a><\/p>\n","protected":false},"featured_media":6027,"template":"","meta":{"neve_meta_sidebar":"","neve_meta_container":"","neve_meta_enable_content_width":"off","neve_meta_content_width":0,"neve_meta_title_alignment":"","neve_meta_author_avatar":"","neve_post_elements_order":"","neve_meta_disable_header":"","neve_meta_disable_footer":"","neve_meta_disable_title":"","_joinchat":[]},"product_brand":[],"product_cat":[145],"product_tag":[],"class_list":{"0":"post-6026","1":"product","2":"type-product","3":"status-publish","4":"has-post-thumbnail","6":"product_cat-ginecologia-obstetricia-mastol","8":"first","9":"instock","10":"shipping-taxable","11":"purchasable","12":"product-type-simple"},"jetpack_sharing_enabled":true,"_links":{"self":[{"href":"https:\/\/livrariadocampus.com.br\/loja\/wp-json\/wp\/v2\/product\/6026","targetHints":{"allow":["GET"]}}],"collection":[{"href":"https:\/\/livrariadocampus.com.br\/loja\/wp-json\/wp\/v2\/product"}],"about":[{"href":"https:\/\/livrariadocampus.com.br\/loja\/wp-json\/wp\/v2\/types\/product"}],"wp:featuredmedia":[{"embeddable":true,"href":"https:\/\/livrariadocampus.com.br\/loja\/wp-json\/wp\/v2\/media\/6027"}],"wp:attachment":[{"href":"https:\/\/livrariadocampus.com.br\/loja\/wp-json\/wp\/v2\/media?parent=6026"}],"wp:term":[{"taxonomy":"product_brand","embeddable":true,"href":"https:\/\/livrariadocampus.com.br\/loja\/wp-json\/wp\/v2\/product_brand?post=6026"},{"taxonomy":"product_cat","embeddable":true,"href":"https:\/\/livrariadocampus.com.br\/loja\/wp-json\/wp\/v2\/product_cat?post=6026"},{"taxonomy":"product_tag","embeddable":true,"href":"https:\/\/livrariadocampus.com.br\/loja\/wp-json\/wp\/v2\/product_tag?post=6026"}],"curies":[{"name":"wp","href":"https:\/\/api.w.org\/{rel}","templated":true}]}}