{"id":5960,"date":"2020-10-16T15:15:55","date_gmt":"2020-10-16T18:15:55","guid":{"rendered":"https:\/\/www.livrariadocampus.com.br\/?post_type=product&#038;p=5960"},"modified":"2024-09-23T15:34:20","modified_gmt":"2024-09-23T18:34:20","slug":"compendio-de-neurologia-infantil-por-luiz-fernando-fonseca-autor-christovao-de-c-xavier","status":"publish","type":"product","link":"https:\/\/livrariadocampus.com.br\/loja\/produto\/compendio-de-neurologia-infantil-por-luiz-fernando-fonseca-autor-christovao-de-c-xavier\/","title":{"rendered":"Comp\u00eandio de Neurologia Infantil  por Luiz Fernando Fonseca (Autor), Christov\u00e3o de C. Xavier"},"content":{"rendered":"<p>Comp\u00eandio de Neurologia Infantil&#8221; \u2013 2\u00aa edi\u00e7\u00e3o procura buscar as informa\u00e7\u00f5es mais recentes na especialidade e que foram formatadas de modo mais did\u00e1tico, agrupando temas que se interrelacionam, com destaques para proped\u00eautica, terapias diversas, infec\u00e7\u00f5es do SNC, manifesta\u00e7\u00f5es psiqui\u00e1tricas, gen\u00e9ticas, neurocirurgia, erros inatos do metabolismo, manifesta\u00e7\u00f5es neurol\u00f3gicas do neonato, epilepsias, paralisia cerebral entre outros temas, enfim, abrangendo toda essa imensid\u00e3o da Neurologia Infantil.<\/p>\n","protected":false},"excerpt":{"rendered":"<p>Comp\u00eandio de Neurologia Infantil&#8221; \u2013 2\u00aa edi\u00e7\u00e3o procura buscar as informa\u00e7\u00f5es mais recentes na especialidade e que foram formatadas de modo mais did\u00e1tico, agrupando temas que se interrelacionam, com destaques para proped\u00eautica, terapias diversas, infec\u00e7\u00f5es do SNC, manifesta\u00e7\u00f5es psiqui\u00e1tricas, gen\u00e9ticas, neurocirurgia, erros inatos do metabolismo, manifesta\u00e7\u00f5es neurol\u00f3gicas do neonato, epilepsias, paralisia cerebral entre outros temas,&hellip;&nbsp;<a href=\"https:\/\/livrariadocampus.com.br\/loja\/produto\/compendio-de-neurologia-infantil-por-luiz-fernando-fonseca-autor-christovao-de-c-xavier\/\" class=\"\" rel=\"bookmark\">Continue a ler &raquo;<span class=\"screen-reader-text\">Comp\u00eandio de Neurologia Infantil  por Luiz Fernando Fonseca (Autor), Christov\u00e3o de C. Xavier<\/span><\/a><\/p>\n","protected":false},"featured_media":5961,"template":"","meta":{"neve_meta_sidebar":"","neve_meta_container":"","neve_meta_enable_content_width":"off","neve_meta_content_width":0,"neve_meta_title_alignment":"","neve_meta_author_avatar":"","neve_post_elements_order":"","neve_meta_disable_header":"","neve_meta_disable_footer":"","neve_meta_disable_title":"","_joinchat":[]},"product_brand":[],"product_cat":[111,257,64,182],"product_tag":[],"class_list":{"0":"post-5960","1":"product","2":"type-product","3":"status-publish","4":"has-post-thumbnail","6":"product_cat-neurologia","7":"product_cat-neurologia-infantil","8":"product_cat-neuroogia-e-neurocirurgia","9":"product_cat-pediatria-neonatologia","11":"first","12":"instock","13":"shipping-taxable","14":"purchasable","15":"product-type-simple"},"jetpack_sharing_enabled":true,"_links":{"self":[{"href":"https:\/\/livrariadocampus.com.br\/loja\/wp-json\/wp\/v2\/product\/5960","targetHints":{"allow":["GET"]}}],"collection":[{"href":"https:\/\/livrariadocampus.com.br\/loja\/wp-json\/wp\/v2\/product"}],"about":[{"href":"https:\/\/livrariadocampus.com.br\/loja\/wp-json\/wp\/v2\/types\/product"}],"wp:featuredmedia":[{"embeddable":true,"href":"https:\/\/livrariadocampus.com.br\/loja\/wp-json\/wp\/v2\/media\/5961"}],"wp:attachment":[{"href":"https:\/\/livrariadocampus.com.br\/loja\/wp-json\/wp\/v2\/media?parent=5960"}],"wp:term":[{"taxonomy":"product_brand","embeddable":true,"href":"https:\/\/livrariadocampus.com.br\/loja\/wp-json\/wp\/v2\/product_brand?post=5960"},{"taxonomy":"product_cat","embeddable":true,"href":"https:\/\/livrariadocampus.com.br\/loja\/wp-json\/wp\/v2\/product_cat?post=5960"},{"taxonomy":"product_tag","embeddable":true,"href":"https:\/\/livrariadocampus.com.br\/loja\/wp-json\/wp\/v2\/product_tag?post=5960"}],"curies":[{"name":"wp","href":"https:\/\/api.w.org\/{rel}","templated":true}]}}