{"id":5944,"date":"2020-10-15T16:59:23","date_gmt":"2020-10-15T19:59:23","guid":{"rendered":"https:\/\/www.livrariadocampus.com.br\/?post_type=product&#038;p=5944"},"modified":"2025-01-17T15:06:58","modified_gmt":"2025-01-17T18:06:58","slug":"manual-de-psicopatologia-2020-por-elie-cheniaux-autor","status":"publish","type":"product","link":"https:\/\/livrariadocampus.com.br\/loja\/produto\/manual-de-psicopatologia-2020-por-elie-cheniaux-autor\/","title":{"rendered":"Manual de Psicopatologia 2020 por Elie CHENIAUX (Autor)"},"content":{"rendered":"<p>Manual de Psicopatologia chega \u00e0 sua sexta edi\u00e7\u00e3o com texto totalmente revisado e atualizado, novo projeto gr\u00e1fico e a inclus\u00e3o de tr\u00eas novos ap\u00eandices, aspectos que aprimoram ainda mais seu conte\u00fado, j\u00e1 consagrado e respeitado por estudantes e profissionais das \u00e1reas de psiquiatria, psicologia e sa\u00fade mental.Pr\u00e1tica e objetiva, a sexta edi\u00e7\u00e3o mant\u00e9m a proposta de s\u00edntese e revis\u00e3o dos conceitos da psicopatologia descritiva, reunindo informa\u00e7\u00f5es seguras, imprescind\u00edveis ao p\u00fablico a que se destina.Principais caracter\u00edsticasPref\u00e1cios do Prof. Miguel Chalub e do Prof. Antonio Egidio NardiApresenta\u00e7\u00e3o das altera\u00e7\u00f5es quantitativas e qualitativas de cada fun\u00e7\u00e3o ps\u00edquica (com diversos exemplos cl\u00ednicos)Introdu\u00e7\u00e3o psicol\u00f3gica e estudo de como as altera\u00e7\u00f5es quantitativas e qualitativas de cada fun\u00e7\u00e3o ps\u00edquica se manifestam nos principais transtornos mentaisEstudo da t\u00e9cnica de exame correspondente a cada fun\u00e7\u00e3o ps\u00edquicaDiscuss\u00e3o sobre descobertas das neuroci\u00eancias e formula\u00e7\u00f5es te\u00f3ricas da psican\u00e1lise relacionadas \u00e0 fun\u00e7\u00e3o estudadaCap\u00edtulo sobre as principais s\u00edndromes psiqui\u00e1tricasSeis ap\u00eandices: o primeiro aborda diverg\u00eancias entre autores quanto aos termos psicopatol\u00f3gicos e suas defini\u00e7\u00f5es; o segundo apresenta um modelo de exame ps\u00edquico e de s\u00famula psicopatol\u00f3gica; o terceiro lista todas as altera\u00e7\u00f5es psicopatol\u00f3gicas discutidas no livro, classificadas segundo a fun\u00e7\u00e3o ps\u00edquica; o quarto, o quinto e o sexto discutem, respectivamente, a distin\u00e7\u00e3o entre ideia delirante e ideia deliroide, o del\u00edrio na obra Dom Casmurro, de Machado de Assis, e os conceitos de comportamento impulsivo e comportamento compulsiv<\/p>\n","protected":false},"excerpt":{"rendered":"<p>Manual de Psicopatologia chega \u00e0 sua sexta edi\u00e7\u00e3o com texto totalmente revisado e atualizado, novo projeto gr\u00e1fico e a inclus\u00e3o de tr\u00eas novos ap\u00eandices, aspectos que aprimoram ainda mais seu conte\u00fado, j\u00e1 consagrado e respeitado por estudantes e profissionais das \u00e1reas de psiquiatria, psicologia e sa\u00fade mental.Pr\u00e1tica e objetiva, a sexta edi\u00e7\u00e3o mant\u00e9m a proposta&hellip;&nbsp;<a href=\"https:\/\/livrariadocampus.com.br\/loja\/produto\/manual-de-psicopatologia-2020-por-elie-cheniaux-autor\/\" class=\"\" rel=\"bookmark\">Continue a ler &raquo;<span class=\"screen-reader-text\">Manual de Psicopatologia 2020 por Elie CHENIAUX (Autor)<\/span><\/a><\/p>\n","protected":false},"featured_media":5945,"template":"","meta":{"neve_meta_sidebar":"","neve_meta_container":"","neve_meta_enable_content_width":"off","neve_meta_content_width":0,"neve_meta_title_alignment":"","neve_meta_author_avatar":"","neve_post_elements_order":"","neve_meta_disable_header":"","neve_meta_disable_footer":"","neve_meta_disable_title":"","_joinchat":[]},"product_brand":[],"product_cat":[81,100,153,73],"product_tag":[],"class_list":{"0":"post-5944","1":"product","2":"type-product","3":"status-publish","4":"has-post-thumbnail","6":"product_cat-psicologia-do-desenvolvimento","7":"product_cat-psicologia-geral-e-da-personal","8":"product_cat-psicologia-social-institucio","9":"product_cat-psiquiatria","11":"first","12":"instock","13":"shipping-taxable","14":"purchasable","15":"product-type-simple"},"jetpack_sharing_enabled":true,"_links":{"self":[{"href":"https:\/\/livrariadocampus.com.br\/loja\/wp-json\/wp\/v2\/product\/5944","targetHints":{"allow":["GET"]}}],"collection":[{"href":"https:\/\/livrariadocampus.com.br\/loja\/wp-json\/wp\/v2\/product"}],"about":[{"href":"https:\/\/livrariadocampus.com.br\/loja\/wp-json\/wp\/v2\/types\/product"}],"wp:featuredmedia":[{"embeddable":true,"href":"https:\/\/livrariadocampus.com.br\/loja\/wp-json\/wp\/v2\/media\/5945"}],"wp:attachment":[{"href":"https:\/\/livrariadocampus.com.br\/loja\/wp-json\/wp\/v2\/media?parent=5944"}],"wp:term":[{"taxonomy":"product_brand","embeddable":true,"href":"https:\/\/livrariadocampus.com.br\/loja\/wp-json\/wp\/v2\/product_brand?post=5944"},{"taxonomy":"product_cat","embeddable":true,"href":"https:\/\/livrariadocampus.com.br\/loja\/wp-json\/wp\/v2\/product_cat?post=5944"},{"taxonomy":"product_tag","embeddable":true,"href":"https:\/\/livrariadocampus.com.br\/loja\/wp-json\/wp\/v2\/product_tag?post=5944"}],"curies":[{"name":"wp","href":"https:\/\/api.w.org\/{rel}","templated":true}]}}