{"id":5931,"date":"2020-10-13T16:39:15","date_gmt":"2020-10-13T19:39:15","guid":{"rendered":"https:\/\/www.livrariadocampus.com.br\/?post_type=product&#038;p=5931"},"modified":"2021-10-19T14:53:02","modified_gmt":"2021-10-19T17:53:02","slug":"manual-de-cardiogeriatria-do-incor-2020-por-joao-batista-costa-carvalho-de-serro-azul-editor","status":"publish","type":"product","link":"https:\/\/livrariadocampus.com.br\/loja\/produto\/manual-de-cardiogeriatria-do-incor-2020-por-joao-batista-costa-carvalho-de-serro-azul-editor\/","title":{"rendered":"Manual de CardioGeriatria do InCor 2020 por Jo\u00e3o Batista Costa Carvalho de Serro Azul (Editor)"},"content":{"rendered":"<p>Como especialidade m\u00e9dica, a Geriatria praticamente sucede todas as demais. Essa condi\u00e7\u00e3o lhe prop\u00f5e uma dif\u00edcil, mas estimulante, miss\u00e3o: juntar todo o conhecimento que foi progressivamente acumulado, por d\u00e9cadas, em cada \u00e1rea do saber e organiz\u00e1-lo em prol da aten\u00e7\u00e3o \u00e0 sa\u00fade focada no indiv\u00edduo, al\u00e9m do que nas doen\u00e7as que foram acumuladas durante a sua longa exist\u00eancia. Engana-se, por\u00e9m, quem entende que essa compet\u00eancia do geriatra substitui a do especialista. Al\u00e9m de ser imposs\u00edvel, seria ainda de grande preju\u00edzo que este, ao se responsabilizar tamb\u00e9m pelas condutas mais complexas, perdesse a sua melhor capacita\u00e7\u00e3o, que \u00e9 a de cuidar do todo, para que o especialista possa encontrar o paciente mais bem preparado para ser alvo da sua atua\u00e7\u00e3o. Nesse intento, fica ainda mais evidente a necessidade de coopera\u00e7\u00e3o entre a Geriatria e as j\u00e1 consagradas especialidades m\u00e9dicas. Este foi o esp\u00edrito principal que determinou a concep\u00e7\u00e3o deste Manual de CardioGeriatria do Instituto do Cora\u00e7\u00e3o (InCor): unir o mais profundo conhecimento cardiol\u00f3gico ao mais amplo conhecimento geri\u00e1trico, resultando em uma fus\u00e3o que interessa a ambas as especialidades, bem como a todas as outras que atuam em prol da sa\u00fade de quem envelhece. Proponho que sejam lidas as linhas e entrelinhas de cada cap\u00edtulo desta obra, a come\u00e7ar pelo pref\u00e1cio do professor Luiz Gast\u00e3o Serro-Azul, a quem devemos o in\u00edcio de ambos Servi\u00e7os no Hospital das Cl\u00ednicas da Faculdade de Medicina da Universidade de S\u00e3o Paulo (FMUSP). Somente com essa aprecia\u00e7\u00e3o dos detalhes de cada abordagem o leitor poder\u00e1 transitar nas m\u00faltiplas dimens\u00f5es do conhecimento, alternando a profundidade com a abrang\u00eancia, a fim de conhecer com maior propriedade as in\u00fameras intera\u00e7\u00f5es compreendidas no multifacetado universo da sa\u00fade do cardiopata idoso. Importante salientar, ademais, que n\u00e3o seria poss\u00edvel depender apenas do saber m\u00e9dico, por mais amplo e profundo que seja, para atender a todas as demandas desse perfil de paciente. Por isso, torna-se imprescind\u00edvel o culto \u00e0 interdisciplinaridade, agregando as diferentes \u00e1reas da sa\u00fade a fim de otimizar benef\u00edcios e minimizar riscos na escolha das melhores condutas que caracterizam a verdadeira Cardiogeriatria<\/p>\n","protected":false},"excerpt":{"rendered":"<p>Como especialidade m\u00e9dica, a Geriatria praticamente sucede todas as demais. Essa condi\u00e7\u00e3o lhe prop\u00f5e uma dif\u00edcil, mas estimulante, miss\u00e3o: juntar todo o conhecimento que foi progressivamente acumulado, por d\u00e9cadas, em cada \u00e1rea do saber e organiz\u00e1-lo em prol da aten\u00e7\u00e3o \u00e0 sa\u00fade focada no indiv\u00edduo, al\u00e9m do que nas doen\u00e7as que foram acumuladas durante a&hellip;&nbsp;<a href=\"https:\/\/livrariadocampus.com.br\/loja\/produto\/manual-de-cardiogeriatria-do-incor-2020-por-joao-batista-costa-carvalho-de-serro-azul-editor\/\" class=\"\" rel=\"bookmark\">Continue a ler &raquo;<span class=\"screen-reader-text\">Manual de CardioGeriatria do InCor 2020 por Jo\u00e3o Batista Costa Carvalho de Serro Azul (Editor)<\/span><\/a><\/p>\n","protected":false},"featured_media":5932,"template":"","meta":{"neve_meta_sidebar":"","neve_meta_container":"","neve_meta_enable_content_width":"off","neve_meta_content_width":0,"neve_meta_title_alignment":"","neve_meta_author_avatar":"","neve_post_elements_order":"","neve_meta_disable_header":"","neve_meta_disable_footer":"","neve_meta_disable_title":"","_joinchat":[]},"product_brand":[],"product_cat":[58,60],"product_tag":[],"class_list":{"0":"post-5931","1":"product","2":"type-product","3":"status-publish","4":"has-post-thumbnail","6":"product_cat-clinica-medica","7":"product_cat-geriatria-e-gerotologia","9":"first","10":"instock","11":"sale","12":"shipping-taxable","13":"purchasable","14":"product-type-simple"},"jetpack_sharing_enabled":true,"_links":{"self":[{"href":"https:\/\/livrariadocampus.com.br\/loja\/wp-json\/wp\/v2\/product\/5931","targetHints":{"allow":["GET"]}}],"collection":[{"href":"https:\/\/livrariadocampus.com.br\/loja\/wp-json\/wp\/v2\/product"}],"about":[{"href":"https:\/\/livrariadocampus.com.br\/loja\/wp-json\/wp\/v2\/types\/product"}],"wp:featuredmedia":[{"embeddable":true,"href":"https:\/\/livrariadocampus.com.br\/loja\/wp-json\/wp\/v2\/media\/5932"}],"wp:attachment":[{"href":"https:\/\/livrariadocampus.com.br\/loja\/wp-json\/wp\/v2\/media?parent=5931"}],"wp:term":[{"taxonomy":"product_brand","embeddable":true,"href":"https:\/\/livrariadocampus.com.br\/loja\/wp-json\/wp\/v2\/product_brand?post=5931"},{"taxonomy":"product_cat","embeddable":true,"href":"https:\/\/livrariadocampus.com.br\/loja\/wp-json\/wp\/v2\/product_cat?post=5931"},{"taxonomy":"product_tag","embeddable":true,"href":"https:\/\/livrariadocampus.com.br\/loja\/wp-json\/wp\/v2\/product_tag?post=5931"}],"curies":[{"name":"wp","href":"https:\/\/api.w.org\/{rel}","templated":true}]}}