{"id":5928,"date":"2020-10-07T16:19:16","date_gmt":"2020-10-07T19:19:16","guid":{"rendered":"https:\/\/www.livrariadocampus.com.br\/?post_type=product&#038;p=5928"},"modified":"2022-01-19T10:50:39","modified_gmt":"2022-01-19T13:50:39","slug":"guia-de-bolso-de-obstetricia-2017-por-antonio-carlos-vieira-cabral-autor","status":"publish","type":"product","link":"https:\/\/livrariadocampus.com.br\/loja\/produto\/guia-de-bolso-de-obstetricia-2017-por-antonio-carlos-vieira-cabral-autor\/","title":{"rendered":"Guia de bolso de obstetr\u00edcia  2017 por Ant\u00f4nio Carlos Vieira Cabral (Autor)"},"content":{"rendered":"<p>Obstetr\u00edcia \u00e9 uma especialidade m\u00e9dica com grande conte\u00fado de urg\u00eancias e de rotina assistencial. O cotidiano em plant\u00f5es \u00e9 a norma para os profissionais que est\u00e3o em fase final de forma\u00e7\u00e3o, Internos e Residentes, que precisam de textos de apoio \u00e0s decis\u00f5es a serem tomadas nas pacientes atendidas. O nosso Guia de Bolso de Obstetr\u00edcia tem como objetivo auxiliar nessas circunst\u00e2ncias, provendo o conhecimento necess\u00e1rio para uma conduta segura e imediata. A complementa\u00e7\u00e3o e o aprofundamento do conhecimento a ser incorporado na condu\u00e7\u00e3o do caso atendido vir\u00e3o com as consultas aos Tratados e a outras fontes mais ampliadas. O livro aborda desde as rotinas a serem utilizadas na gestante durante o pr\u00e9-natal, tanto de risco habitual quanto nas intercorr\u00eancias mais comuns de alto risco, at\u00e9 a assist\u00eancia ao parto eut\u00f3cico e os partos complicados, e encerra mostrando a evolu\u00e7\u00e3o habitual e patol\u00f3gica do puerp\u00e9rio. Dentro do objetivo destacado para o Guia de Bolso de Obstetr\u00edcia, esperamos que ele seja um companheiro dos Obstetras em forma\u00e7\u00e3o e tamb\u00e9m dos que precisam de uma resposta r\u00e1pida para uma abordagem t\u00e9cnica segura.<\/p>\n","protected":false},"excerpt":{"rendered":"<p>Obstetr\u00edcia \u00e9 uma especialidade m\u00e9dica com grande conte\u00fado de urg\u00eancias e de rotina assistencial. O cotidiano em plant\u00f5es \u00e9 a norma para os profissionais que est\u00e3o em fase final de forma\u00e7\u00e3o, Internos e Residentes, que precisam de textos de apoio \u00e0s decis\u00f5es a serem tomadas nas pacientes atendidas. O nosso Guia de Bolso de Obstetr\u00edcia&hellip;&nbsp;<a href=\"https:\/\/livrariadocampus.com.br\/loja\/produto\/guia-de-bolso-de-obstetricia-2017-por-antonio-carlos-vieira-cabral-autor\/\" class=\"\" rel=\"bookmark\">Continue a ler &raquo;<span class=\"screen-reader-text\">Guia de bolso de obstetr\u00edcia  2017 por Ant\u00f4nio Carlos Vieira Cabral (Autor)<\/span><\/a><\/p>\n","protected":false},"featured_media":5929,"template":"","meta":{"neve_meta_sidebar":"","neve_meta_container":"","neve_meta_enable_content_width":"off","neve_meta_content_width":0,"neve_meta_title_alignment":"","neve_meta_author_avatar":"","neve_post_elements_order":"","neve_meta_disable_header":"","neve_meta_disable_footer":"","neve_meta_disable_title":"","_joinchat":[]},"product_brand":[],"product_cat":[68,145],"product_tag":[],"class_list":{"0":"post-5928","1":"product","2":"type-product","3":"status-publish","4":"has-post-thumbnail","6":"product_cat-enfermagem","7":"product_cat-ginecologia-obstetricia-mastol","9":"first","10":"instock","11":"sale","12":"shipping-taxable","13":"purchasable","14":"product-type-simple"},"jetpack_sharing_enabled":true,"_links":{"self":[{"href":"https:\/\/livrariadocampus.com.br\/loja\/wp-json\/wp\/v2\/product\/5928","targetHints":{"allow":["GET"]}}],"collection":[{"href":"https:\/\/livrariadocampus.com.br\/loja\/wp-json\/wp\/v2\/product"}],"about":[{"href":"https:\/\/livrariadocampus.com.br\/loja\/wp-json\/wp\/v2\/types\/product"}],"wp:featuredmedia":[{"embeddable":true,"href":"https:\/\/livrariadocampus.com.br\/loja\/wp-json\/wp\/v2\/media\/5929"}],"wp:attachment":[{"href":"https:\/\/livrariadocampus.com.br\/loja\/wp-json\/wp\/v2\/media?parent=5928"}],"wp:term":[{"taxonomy":"product_brand","embeddable":true,"href":"https:\/\/livrariadocampus.com.br\/loja\/wp-json\/wp\/v2\/product_brand?post=5928"},{"taxonomy":"product_cat","embeddable":true,"href":"https:\/\/livrariadocampus.com.br\/loja\/wp-json\/wp\/v2\/product_cat?post=5928"},{"taxonomy":"product_tag","embeddable":true,"href":"https:\/\/livrariadocampus.com.br\/loja\/wp-json\/wp\/v2\/product_tag?post=5928"}],"curies":[{"name":"wp","href":"https:\/\/api.w.org\/{rel}","templated":true}]}}