{"id":5920,"date":"2020-10-07T16:05:34","date_gmt":"2020-10-07T19:05:34","guid":{"rendered":"https:\/\/www.livrariadocampus.com.br\/?post_type=product&#038;p=5920"},"modified":"2024-09-23T15:45:48","modified_gmt":"2024-09-23T18:45:48","slug":"rotinas-em-cirurgia-digestiva-2017-por-luiz-rohde-autor-alessandro-bersch-osvaldt","status":"publish","type":"product","link":"https:\/\/livrariadocampus.com.br\/loja\/produto\/rotinas-em-cirurgia-digestiva-2017-por-luiz-rohde-autor-alessandro-bersch-osvaldt\/","title":{"rendered":"Rotinas em Cirurgia Digestiva  2017 por Luiz Rohde (Autor), Alessandro Bersch Osvaldt"},"content":{"rendered":"<p>Did\u00e1tica e amplamente ilustrada, a 3\u00aa edi\u00e7\u00e3o de Rotinas em cirurgia digestiva, originada do Servi\u00e7o de Cirurgia do Aparelho Digestivo do HCPA, vinculado \u00e0 Faculdade de Medicina da UFRGS, inclui hoje professores e cirurgi\u00f5es de relevantes institui\u00e7\u00f5es brasileiras, que trazem para esta obra o conhecimento cient\u00edfico consolidado e atualizado da \u00e1rea.Os 101 cap\u00edtulos que comp\u00f5em a obra s\u00e3o agrupados por subespecialidades, abordando conte\u00fados como princ\u00edpios de reconstru\u00e7\u00f5es digestivas, cirurgia rob\u00f3tica, sondas e drenos, s\u00edndromes heredit\u00e1rias de tumores do aparelho digestivo, avalia\u00e7\u00e3o e manejo do risco nutricional, radiologia aplicada \u00e0 cirurgia digestiva, cirurgia digestiva na crian\u00e7a, cirurgias de es\u00f4fago, est\u00f4mago, intestino delgado, c\u00f3lon, reto, \u00e2nus, f\u00edgado, vias biliares, p\u00e2ncreas e de parede abdominal. Completam o assunto trauma, cirurgia metab\u00f3lica e bari\u00e1trica e emerg\u00eancias em cirurgia do aparelho digestivo, fazendo deste Rotinas a refer\u00eancia ideal para residentes e profissionais da \u00e1rea<\/p>\n","protected":false},"excerpt":{"rendered":"<p>Did\u00e1tica e amplamente ilustrada, a 3\u00aa edi\u00e7\u00e3o de Rotinas em cirurgia digestiva, originada do Servi\u00e7o de Cirurgia do Aparelho Digestivo do HCPA, vinculado \u00e0 Faculdade de Medicina da UFRGS, inclui hoje professores e cirurgi\u00f5es de relevantes institui\u00e7\u00f5es brasileiras, que trazem para esta obra o conhecimento cient\u00edfico consolidado e atualizado da \u00e1rea.Os 101 cap\u00edtulos que comp\u00f5em&hellip;&nbsp;<a href=\"https:\/\/livrariadocampus.com.br\/loja\/produto\/rotinas-em-cirurgia-digestiva-2017-por-luiz-rohde-autor-alessandro-bersch-osvaldt\/\" class=\"\" rel=\"bookmark\">Continue a ler &raquo;<span class=\"screen-reader-text\">Rotinas em Cirurgia Digestiva  2017 por Luiz Rohde (Autor), Alessandro Bersch Osvaldt<\/span><\/a><\/p>\n","protected":false},"featured_media":5923,"template":"","meta":{"neve_meta_sidebar":"","neve_meta_container":"","neve_meta_enable_content_width":"off","neve_meta_content_width":0,"neve_meta_title_alignment":"","neve_meta_author_avatar":"","neve_post_elements_order":"","neve_meta_disable_header":"","neve_meta_disable_footer":"","neve_meta_disable_title":"","_joinchat":[]},"product_brand":[],"product_cat":[176,67],"product_tag":[],"class_list":{"0":"post-5920","1":"product","2":"type-product","3":"status-publish","4":"has-post-thumbnail","6":"product_cat-cirurgia","7":"product_cat-gastroenterologia-clinica","9":"first","10":"instock","11":"shipping-taxable","12":"purchasable","13":"product-type-simple"},"jetpack_sharing_enabled":true,"_links":{"self":[{"href":"https:\/\/livrariadocampus.com.br\/loja\/wp-json\/wp\/v2\/product\/5920","targetHints":{"allow":["GET"]}}],"collection":[{"href":"https:\/\/livrariadocampus.com.br\/loja\/wp-json\/wp\/v2\/product"}],"about":[{"href":"https:\/\/livrariadocampus.com.br\/loja\/wp-json\/wp\/v2\/types\/product"}],"wp:featuredmedia":[{"embeddable":true,"href":"https:\/\/livrariadocampus.com.br\/loja\/wp-json\/wp\/v2\/media\/5923"}],"wp:attachment":[{"href":"https:\/\/livrariadocampus.com.br\/loja\/wp-json\/wp\/v2\/media?parent=5920"}],"wp:term":[{"taxonomy":"product_brand","embeddable":true,"href":"https:\/\/livrariadocampus.com.br\/loja\/wp-json\/wp\/v2\/product_brand?post=5920"},{"taxonomy":"product_cat","embeddable":true,"href":"https:\/\/livrariadocampus.com.br\/loja\/wp-json\/wp\/v2\/product_cat?post=5920"},{"taxonomy":"product_tag","embeddable":true,"href":"https:\/\/livrariadocampus.com.br\/loja\/wp-json\/wp\/v2\/product_tag?post=5920"}],"curies":[{"name":"wp","href":"https:\/\/api.w.org\/{rel}","templated":true}]}}