{"id":5918,"date":"2020-10-07T15:39:59","date_gmt":"2020-10-07T18:39:59","guid":{"rendered":"https:\/\/www.livrariadocampus.com.br\/?post_type=product&#038;p=5918"},"modified":"2020-10-07T15:39:59","modified_gmt":"2020-10-07T18:39:59","slug":"noc-classificacao-dos-resultados-de-enfermagem-2020-por-sue-et-al-moorhead-autor","status":"publish","type":"product","link":"https:\/\/livrariadocampus.com.br\/loja\/produto\/noc-classificacao-dos-resultados-de-enfermagem-2020-por-sue-et-al-moorhead-autor\/","title":{"rendered":"NOC &#8211; Classifica\u00e7\u00e3o dos Resultados de Enfermagem  2020 por Sue et al. MOORHEAD (Autor)"},"content":{"rendered":"<p>Avalia\u00e7\u00e3o de resultados de interven\u00e7\u00f5es de enfermagem. De modo did\u00e1tico e objetivo, este livro padroniza a terminologia e os crit\u00e9rios necess\u00e1rios para identificar e avaliar os resultados das interven\u00e7\u00f5es de enfermagem e os cuidados antes do procedimento.Esta nova edi\u00e7\u00e3o de NOC \u2013 Classifica\u00e7\u00e3o dos Resultados de Enfermagem oferece diversas novidades, como:540 resultados baseados em pesquisas para padronizar a medi\u00e7\u00e3o de resultados de sa\u00fade em indiv\u00edduos, fam\u00edlias e comunidades52 novos resultados55 resultados atualizadosResultados estruturados com t\u00edtulo, defini\u00e7\u00e3o, conjunto de indicadores, escala de mensura\u00e7\u00e3o de Likert de 5 pontos e linha de evid\u00eanciasMaterial suplementar com refer\u00eancias bibliogr\u00e1ficas e leituras sugeridasPrincipais resultados para a pr\u00e1tica de enfermagemExemplos de implementa\u00e7\u00e3o do NOC na assist\u00eancia, no ensino e na pesquisaExemplos de liga\u00e7\u00f5es NNN para assist\u00eanciaExemplos de uso do NOC em produtosRevis\u00e3o de resultados para pacientes que necessitam de cuidados de sa\u00fade pela primeira vez<\/p>\n","protected":false},"excerpt":{"rendered":"<p>Avalia\u00e7\u00e3o de resultados de interven\u00e7\u00f5es de enfermagem. De modo did\u00e1tico e objetivo, este livro padroniza a terminologia e os crit\u00e9rios necess\u00e1rios para identificar e avaliar os resultados das interven\u00e7\u00f5es de enfermagem e os cuidados antes do procedimento.Esta nova edi\u00e7\u00e3o de NOC \u2013 Classifica\u00e7\u00e3o dos Resultados de Enfermagem oferece diversas novidades, como:540 resultados baseados em pesquisas&hellip;&nbsp;<a href=\"https:\/\/livrariadocampus.com.br\/loja\/produto\/noc-classificacao-dos-resultados-de-enfermagem-2020-por-sue-et-al-moorhead-autor\/\" class=\"\" rel=\"bookmark\">Continue a ler &raquo;<span class=\"screen-reader-text\">NOC &#8211; Classifica\u00e7\u00e3o dos Resultados de Enfermagem  2020 por Sue et al. MOORHEAD (Autor)<\/span><\/a><\/p>\n","protected":false},"featured_media":5919,"template":"","meta":{"neve_meta_sidebar":"","neve_meta_container":"","neve_meta_enable_content_width":"off","neve_meta_content_width":0,"neve_meta_title_alignment":"","neve_meta_author_avatar":"","neve_post_elements_order":"","neve_meta_disable_header":"","neve_meta_disable_footer":"","neve_meta_disable_title":"","_joinchat":[]},"product_brand":[],"product_cat":[68],"product_tag":[],"class_list":{"0":"post-5918","1":"product","2":"type-product","3":"status-publish","4":"has-post-thumbnail","6":"product_cat-enfermagem","8":"first","9":"instock","10":"sale","11":"shipping-taxable","12":"purchasable","13":"product-type-simple"},"jetpack_sharing_enabled":true,"_links":{"self":[{"href":"https:\/\/livrariadocampus.com.br\/loja\/wp-json\/wp\/v2\/product\/5918","targetHints":{"allow":["GET"]}}],"collection":[{"href":"https:\/\/livrariadocampus.com.br\/loja\/wp-json\/wp\/v2\/product"}],"about":[{"href":"https:\/\/livrariadocampus.com.br\/loja\/wp-json\/wp\/v2\/types\/product"}],"wp:featuredmedia":[{"embeddable":true,"href":"https:\/\/livrariadocampus.com.br\/loja\/wp-json\/wp\/v2\/media\/5919"}],"wp:attachment":[{"href":"https:\/\/livrariadocampus.com.br\/loja\/wp-json\/wp\/v2\/media?parent=5918"}],"wp:term":[{"taxonomy":"product_brand","embeddable":true,"href":"https:\/\/livrariadocampus.com.br\/loja\/wp-json\/wp\/v2\/product_brand?post=5918"},{"taxonomy":"product_cat","embeddable":true,"href":"https:\/\/livrariadocampus.com.br\/loja\/wp-json\/wp\/v2\/product_cat?post=5918"},{"taxonomy":"product_tag","embeddable":true,"href":"https:\/\/livrariadocampus.com.br\/loja\/wp-json\/wp\/v2\/product_tag?post=5918"}],"curies":[{"name":"wp","href":"https:\/\/api.w.org\/{rel}","templated":true}]}}