{"id":5916,"date":"2020-10-07T15:31:26","date_gmt":"2020-10-07T18:31:26","guid":{"rendered":"https:\/\/www.livrariadocampus.com.br\/?post_type=product&#038;p=5916"},"modified":"2020-10-07T15:31:26","modified_gmt":"2020-10-07T18:31:26","slug":"sae-sistematizacao-da-assistencia-de-enfermagem-guia-pratico-2019-por-meire-chucre-tannure-autor-ana-maria-pinheiro-autor","status":"publish","type":"product","link":"https:\/\/livrariadocampus.com.br\/loja\/produto\/sae-sistematizacao-da-assistencia-de-enfermagem-guia-pratico-2019-por-meire-chucre-tannure-autor-ana-maria-pinheiro-autor\/","title":{"rendered":"SAE &#8211; Sistematiza\u00e7\u00e3o da Assist\u00eancia de Enfermagem &#8211; Guia Pr\u00e1tico  2019 por Meire Chucre Tannure (Autor), Ana Maria Pinheiro (Autor)"},"content":{"rendered":"<p>Chegou a nova edi\u00e7\u00e3o do livro mais importante sobre SAE no Brasil! SAE | Sistematiza\u00e7\u00e3o da Assist\u00eancia de Enfermagem: Guia Pr\u00e1tico est\u00e1 ainda melhor e compartilha novas discuss\u00f5es, atualiza\u00e7\u00f5es e estrat\u00e9gias para a implanta\u00e7\u00e3o da SAE e do Processo de Enfermagem. Sinopse: Ampliada e atualizada, a nova edi\u00e7\u00e3o do livro SAE | Sistematiza\u00e7\u00e3o da Assist\u00eancia de Enfermagem: Guia Pr\u00e1tico tem o objetivo de compartilhar novas discuss\u00f5es, atualiza\u00e7\u00f5es e estrat\u00e9gias para a implanta\u00e7\u00e3o da Sistematiza\u00e7\u00e3o da Assist\u00eancia de Enfermagem (SAE) e do Processo de Enfermagem (PE). Escrita pelas refer\u00eancias na \u00e1rea, Meire Chucre Tannure e Ana Maria Pinheiro, com a colabora\u00e7\u00e3o de renomados especialistas, este livro auxilia enfermeiros e estudantes a compreender o que s\u00e3o Teorias de Enfermagem e como utiliz\u00e1-las de maneira did\u00e1tica e aplicada \u00e0s etapas do PE, bem como as ferramentas de gest\u00e3o da qualidade necess\u00e1rias para implement\u00e1-las. Novidades: \u2022 Inclus\u00e3o de casos cl\u00ednicos que exemplificam a aplica\u00e7\u00e3o das teorias e classifica\u00e7\u00f5es de enfermagem. \u2022 Novos cap\u00edtulos sobre &#8220;teoria das necessidades humanas b\u00e1sicas&#8221;, &#8220;teoria da adapta\u00e7\u00e3o&#8221; e &#8220;teoria do d\u00e9ficit do autocuidado&#8221;. \u2022 Material suplementar: Tutorial em v\u00eddeo para uso do SIPETi (software do Sistema de Informa\u00e7\u00e3o com o Processo de Enfermagem em Terapia Intensiva).<\/p>\n","protected":false},"excerpt":{"rendered":"<p>Chegou a nova edi\u00e7\u00e3o do livro mais importante sobre SAE no Brasil! SAE | Sistematiza\u00e7\u00e3o da Assist\u00eancia de Enfermagem: Guia Pr\u00e1tico est\u00e1 ainda melhor e compartilha novas discuss\u00f5es, atualiza\u00e7\u00f5es e estrat\u00e9gias para a implanta\u00e7\u00e3o da SAE e do Processo de Enfermagem. Sinopse: Ampliada e atualizada, a nova edi\u00e7\u00e3o do livro SAE | Sistematiza\u00e7\u00e3o da Assist\u00eancia&hellip;&nbsp;<a href=\"https:\/\/livrariadocampus.com.br\/loja\/produto\/sae-sistematizacao-da-assistencia-de-enfermagem-guia-pratico-2019-por-meire-chucre-tannure-autor-ana-maria-pinheiro-autor\/\" class=\"\" rel=\"bookmark\">Continue a ler &raquo;<span class=\"screen-reader-text\">SAE &#8211; Sistematiza\u00e7\u00e3o da Assist\u00eancia de Enfermagem &#8211; Guia Pr\u00e1tico  2019 por Meire Chucre Tannure (Autor), Ana Maria Pinheiro (Autor)<\/span><\/a><\/p>\n","protected":false},"featured_media":5917,"template":"","meta":{"neve_meta_sidebar":"","neve_meta_container":"","neve_meta_enable_content_width":"off","neve_meta_content_width":0,"neve_meta_title_alignment":"","neve_meta_author_avatar":"","neve_post_elements_order":"","neve_meta_disable_header":"","neve_meta_disable_footer":"","neve_meta_disable_title":"","_joinchat":[]},"product_brand":[],"product_cat":[68],"product_tag":[],"class_list":{"0":"post-5916","1":"product","2":"type-product","3":"status-publish","4":"has-post-thumbnail","6":"product_cat-enfermagem","8":"first","9":"instock","10":"sale","11":"shipping-taxable","12":"purchasable","13":"product-type-simple"},"jetpack_sharing_enabled":true,"_links":{"self":[{"href":"https:\/\/livrariadocampus.com.br\/loja\/wp-json\/wp\/v2\/product\/5916","targetHints":{"allow":["GET"]}}],"collection":[{"href":"https:\/\/livrariadocampus.com.br\/loja\/wp-json\/wp\/v2\/product"}],"about":[{"href":"https:\/\/livrariadocampus.com.br\/loja\/wp-json\/wp\/v2\/types\/product"}],"wp:featuredmedia":[{"embeddable":true,"href":"https:\/\/livrariadocampus.com.br\/loja\/wp-json\/wp\/v2\/media\/5917"}],"wp:attachment":[{"href":"https:\/\/livrariadocampus.com.br\/loja\/wp-json\/wp\/v2\/media?parent=5916"}],"wp:term":[{"taxonomy":"product_brand","embeddable":true,"href":"https:\/\/livrariadocampus.com.br\/loja\/wp-json\/wp\/v2\/product_brand?post=5916"},{"taxonomy":"product_cat","embeddable":true,"href":"https:\/\/livrariadocampus.com.br\/loja\/wp-json\/wp\/v2\/product_cat?post=5916"},{"taxonomy":"product_tag","embeddable":true,"href":"https:\/\/livrariadocampus.com.br\/loja\/wp-json\/wp\/v2\/product_tag?post=5916"}],"curies":[{"name":"wp","href":"https:\/\/api.w.org\/{rel}","templated":true}]}}