{"id":5914,"date":"2020-10-07T15:27:25","date_gmt":"2020-10-07T18:27:25","guid":{"rendered":"https:\/\/www.livrariadocampus.com.br\/?post_type=product&#038;p=5914"},"modified":"2024-09-24T17:54:11","modified_gmt":"2024-09-24T20:54:11","slug":"nic-classificacao-das-intervencoes-de-enfermagem-2020-por-howard-k-et-al-butcher-autor","status":"publish","type":"product","link":"https:\/\/livrariadocampus.com.br\/loja\/produto\/nic-classificacao-das-intervencoes-de-enfermagem-2020-por-howard-k-et-al-butcher-autor\/","title":{"rendered":"NIC &#8211; Classifica\u00e7\u00e3o das Interven\u00e7\u00f5es de Enfermagem  2020 por Howard K. et al. BUTCHER (Autor)"},"content":{"rendered":"<p>Uma ferramenta para a documenta\u00e7\u00e3o das interven\u00e7\u00f5es de enfermagem. NIC &#8211; Classifica\u00e7\u00e3o das Interven\u00e7\u00f5es de Enfermagem padroniza a linguagem para a documenta\u00e7\u00e3o das interven\u00e7\u00f5es de enfermagem e auxilia o pro?ssional na sele\u00e7\u00e3o das interven\u00e7\u00f5es apropriadas.Com conte\u00fados in\u00e9ditos, esta edi\u00e7\u00e3o oferece as seguintes novidades:565 interven\u00e7\u00f5es de enfermagem baseadas em pesquisa, que abrangem uma ampla gama de aplica\u00e7\u00f5es: ?siol\u00f3gicas e psicossociais; para tratamento e preven\u00e7\u00e3o das enfermidades; para promo\u00e7\u00e3o da sa\u00fade; individuais ou para grupos, fam\u00edlia e comunidade; cuidados diretos e indiretos; e interven\u00e7\u00f5es independentes e colaborativas. Cada interven\u00e7\u00e3o inclui de?ni\u00e7\u00e3o, lista de atividades e linha de evid\u00eanciasMaterial suplementar com refer\u00eancias bibliogr\u00e1?cas e leituras sugeridas15 novas interven\u00e7\u00f5es Conte\u00fado totalmente atualizado em 95 interven\u00e7\u00f5esCap\u00edtulo minuciosamente revisado sobre a aplica\u00e7\u00e3o da NIC no ensino, na pr\u00e1tica e na pesquisa em enfermagem Atualiza\u00e7\u00e3o das interven\u00e7\u00f5es essenciais fornecidas para 53 especialidadesAtualiza\u00e7\u00e3o da lista de tempo estimado e n\u00edvel de forma\u00e7\u00e3o necess\u00e1rio para a realiza\u00e7\u00e3o de cada interven\u00e7\u00e3o<\/p>\n","protected":false},"excerpt":{"rendered":"<p>Uma ferramenta para a documenta\u00e7\u00e3o das interven\u00e7\u00f5es de enfermagem. NIC &#8211; Classifica\u00e7\u00e3o das Interven\u00e7\u00f5es de Enfermagem padroniza a linguagem para a documenta\u00e7\u00e3o das interven\u00e7\u00f5es de enfermagem e auxilia o pro?ssional na sele\u00e7\u00e3o das interven\u00e7\u00f5es apropriadas.Com conte\u00fados in\u00e9ditos, esta edi\u00e7\u00e3o oferece as seguintes novidades:565 interven\u00e7\u00f5es de enfermagem baseadas em pesquisa, que abrangem uma ampla gama de&hellip;&nbsp;<a href=\"https:\/\/livrariadocampus.com.br\/loja\/produto\/nic-classificacao-das-intervencoes-de-enfermagem-2020-por-howard-k-et-al-butcher-autor\/\" class=\"\" rel=\"bookmark\">Continue a ler &raquo;<span class=\"screen-reader-text\">NIC &#8211; Classifica\u00e7\u00e3o das Interven\u00e7\u00f5es de Enfermagem  2020 por Howard K. et al. BUTCHER (Autor)<\/span><\/a><\/p>\n","protected":false},"featured_media":5915,"template":"","meta":{"neve_meta_sidebar":"","neve_meta_container":"","neve_meta_enable_content_width":"off","neve_meta_content_width":0,"neve_meta_title_alignment":"","neve_meta_author_avatar":"","neve_post_elements_order":"","neve_meta_disable_header":"","neve_meta_disable_footer":"","neve_meta_disable_title":"","_joinchat":[]},"product_brand":[],"product_cat":[68],"product_tag":[],"class_list":{"0":"post-5914","1":"product","2":"type-product","3":"status-publish","4":"has-post-thumbnail","6":"product_cat-enfermagem","8":"first","9":"instock","10":"shipping-taxable","11":"purchasable","12":"product-type-simple"},"jetpack_sharing_enabled":true,"_links":{"self":[{"href":"https:\/\/livrariadocampus.com.br\/loja\/wp-json\/wp\/v2\/product\/5914","targetHints":{"allow":["GET"]}}],"collection":[{"href":"https:\/\/livrariadocampus.com.br\/loja\/wp-json\/wp\/v2\/product"}],"about":[{"href":"https:\/\/livrariadocampus.com.br\/loja\/wp-json\/wp\/v2\/types\/product"}],"wp:featuredmedia":[{"embeddable":true,"href":"https:\/\/livrariadocampus.com.br\/loja\/wp-json\/wp\/v2\/media\/5915"}],"wp:attachment":[{"href":"https:\/\/livrariadocampus.com.br\/loja\/wp-json\/wp\/v2\/media?parent=5914"}],"wp:term":[{"taxonomy":"product_brand","embeddable":true,"href":"https:\/\/livrariadocampus.com.br\/loja\/wp-json\/wp\/v2\/product_brand?post=5914"},{"taxonomy":"product_cat","embeddable":true,"href":"https:\/\/livrariadocampus.com.br\/loja\/wp-json\/wp\/v2\/product_cat?post=5914"},{"taxonomy":"product_tag","embeddable":true,"href":"https:\/\/livrariadocampus.com.br\/loja\/wp-json\/wp\/v2\/product_tag?post=5914"}],"curies":[{"name":"wp","href":"https:\/\/api.w.org\/{rel}","templated":true}]}}