{"id":5911,"date":"2020-10-07T15:23:16","date_gmt":"2020-10-07T18:23:16","guid":{"rendered":"https:\/\/www.livrariadocampus.com.br\/?post_type=product&#038;p=5911"},"modified":"2022-05-12T11:56:32","modified_gmt":"2022-05-12T14:56:32","slug":"mapa-monitorizacao-ambulatorial-da-pressao-arterial-mrpa-mapa-5d-monitorizacao-residencial-da-pressao-arterial-2020-por-decio-mion-junior","status":"publish","type":"product","link":"https:\/\/livrariadocampus.com.br\/loja\/produto\/mapa-monitorizacao-ambulatorial-da-pressao-arterial-mrpa-mapa-5d-monitorizacao-residencial-da-pressao-arterial-2020-por-decio-mion-junior\/","title":{"rendered":"MAPA &#8211; Monitoriza\u00e7\u00e3o Ambulatorial da Press\u00e3o Arterial: MRPA &#8211; MAPA 5d- Monitoriza\u00e7\u00e3o Residencial da Press\u00e3o Arterial  2020 por D\u00e9cio Mion J\u00fanior"},"content":{"rendered":"<p>Os livros ensinam e educam. Em Medicina eles s\u00e3o importantes para difundir os conhecimentos e as novas tecnologias que s\u00e3o essenciais para os m\u00e9dicos exercerem a profiss\u00e3o com efici\u00eancia. Em hipertens\u00e3o \u00e9 importante conhecer-se o comportamento da press\u00e3o arterial nas 24 horas, se h\u00e1 ou n\u00e3o o esperado descenso durante o sono e para evitar a falsa hipertens\u00e3o mascarada e conhecer o efeito do avental branco. O presente MAPA e MRPA &#8211; MAPA 5d editado pelos competentes profissionais Fernando Nobre, D\u00e9cio Mion Jr, Wille Oigman, Audes Feitosa, Marco Mota e Weimar Sebba Barroso e que conta entre os colaboradores com outros conhecidos l\u00edderes da hipertens\u00e3o no Brasil, merece o nosso aplauso e, certamente, ser\u00e1 muito \u00fatil para todos que estudam e tratam a hipertens\u00e3o arterial. Parab\u00e9ns! Eduardo Moacir Krieger A monitoriza\u00e7\u00e3o ambulatorial da press\u00e3o arterial (MAPA) e monitoriza\u00e7\u00e3o residencial da pressa arterial (MRPA) promoveram ineg\u00e1vel avan\u00e7o no tratamento da hipertens\u00e3o arterial.Os editores da sexta edi\u00e7\u00e3o deste livro. pioneiramente introduziram a MAPA no Brasil. Possuem portanto todas as credenciais para mais uma edi\u00e7\u00e3o deste livro Os conceitos b\u00e1sicos da varia\u00e7\u00e3o press\u00f3rica e sua incorpora\u00e7\u00e3o na cl\u00ednica chegando a situa\u00e7\u00f5es espec\u00edficas s\u00e3o didaticamente abordadas. Livro indispens\u00e1vel para uma boa pr\u00e1tica cl\u00ednica moderna Artur Beltrame Ribeiro MAPA &#8211; Monitoriza\u00e7\u00e3o Ambulatorial da Press\u00e3o Arterial e MRPA &#8211; MAPA 5d, Monitoriza\u00e7\u00e3o Residencial da Press\u00e3o Arterial, reflete linha de tempo e trajet\u00f3ria invulgar na literatura m\u00e9dica brasileira, ora ao alcan\u00e7ar sua 6a edi\u00e7\u00e3o. Rar\u00edssimos s\u00e3o os livros t\u00e3o longevos; e que aqui testemunho como Diretor-M\u00e9dico com mais de 50 anos de pr\u00e1xis editorial. \u00c9 um cl\u00e1ssico para todos os interessados na investiga\u00e7\u00e3o, diagn\u00f3stico, tratamento e progn\u00f3stico da hipertens\u00e3o arterial. Com ineditismo conjuga, a um s\u00f3 tempo, a monitoriza\u00e7\u00e3o ambulatorial e a residencial da press\u00e3o arterial. Paulo Rzezinski, Diretor-M\u00e9dico, Editora Atheneu.<\/p>\n","protected":false},"excerpt":{"rendered":"<p>Os livros ensinam e educam. Em Medicina eles s\u00e3o importantes para difundir os conhecimentos e as novas tecnologias que s\u00e3o essenciais para os m\u00e9dicos exercerem a profiss\u00e3o com efici\u00eancia. Em hipertens\u00e3o \u00e9 importante conhecer-se o comportamento da press\u00e3o arterial nas 24 horas, se h\u00e1 ou n\u00e3o o esperado descenso durante o sono e para evitar&hellip;&nbsp;<a href=\"https:\/\/livrariadocampus.com.br\/loja\/produto\/mapa-monitorizacao-ambulatorial-da-pressao-arterial-mrpa-mapa-5d-monitorizacao-residencial-da-pressao-arterial-2020-por-decio-mion-junior\/\" class=\"\" rel=\"bookmark\">Continue a ler &raquo;<span class=\"screen-reader-text\">MAPA &#8211; Monitoriza\u00e7\u00e3o Ambulatorial da Press\u00e3o Arterial: MRPA &#8211; MAPA 5d- Monitoriza\u00e7\u00e3o Residencial da Press\u00e3o Arterial  2020 por D\u00e9cio Mion J\u00fanior<\/span><\/a><\/p>\n","protected":false},"featured_media":5912,"template":"","meta":{"neve_meta_sidebar":"","neve_meta_container":"","neve_meta_enable_content_width":"off","neve_meta_content_width":0,"neve_meta_title_alignment":"","neve_meta_author_avatar":"","neve_post_elements_order":"","neve_meta_disable_header":"","neve_meta_disable_footer":"","neve_meta_disable_title":"","_joinchat":[]},"product_brand":[],"product_cat":[65,104],"product_tag":[],"class_list":{"0":"post-5911","1":"product","2":"type-product","3":"status-publish","4":"has-post-thumbnail","6":"product_cat-cardiologia","7":"product_cat-clinica-medica-semiologia","9":"first","10":"instock","11":"shipping-taxable","12":"purchasable","13":"product-type-simple"},"jetpack_sharing_enabled":true,"_links":{"self":[{"href":"https:\/\/livrariadocampus.com.br\/loja\/wp-json\/wp\/v2\/product\/5911","targetHints":{"allow":["GET"]}}],"collection":[{"href":"https:\/\/livrariadocampus.com.br\/loja\/wp-json\/wp\/v2\/product"}],"about":[{"href":"https:\/\/livrariadocampus.com.br\/loja\/wp-json\/wp\/v2\/types\/product"}],"wp:featuredmedia":[{"embeddable":true,"href":"https:\/\/livrariadocampus.com.br\/loja\/wp-json\/wp\/v2\/media\/5912"}],"wp:attachment":[{"href":"https:\/\/livrariadocampus.com.br\/loja\/wp-json\/wp\/v2\/media?parent=5911"}],"wp:term":[{"taxonomy":"product_brand","embeddable":true,"href":"https:\/\/livrariadocampus.com.br\/loja\/wp-json\/wp\/v2\/product_brand?post=5911"},{"taxonomy":"product_cat","embeddable":true,"href":"https:\/\/livrariadocampus.com.br\/loja\/wp-json\/wp\/v2\/product_cat?post=5911"},{"taxonomy":"product_tag","embeddable":true,"href":"https:\/\/livrariadocampus.com.br\/loja\/wp-json\/wp\/v2\/product_tag?post=5911"}],"curies":[{"name":"wp","href":"https:\/\/api.w.org\/{rel}","templated":true}]}}