{"id":5902,"date":"2020-09-30T17:25:13","date_gmt":"2020-09-30T20:25:13","guid":{"rendered":"https:\/\/www.livrariadocampus.com.br\/?post_type=product&#038;p=5902"},"modified":"2020-09-30T17:25:13","modified_gmt":"2020-09-30T20:25:13","slug":"cancer-cutaneo-2018-por-ricardo-cavalcanti-ribeiro-paulo-m-hoff-omar-lupi","status":"publish","type":"product","link":"https:\/\/livrariadocampus.com.br\/loja\/produto\/cancer-cutaneo-2018-por-ricardo-cavalcanti-ribeiro-paulo-m-hoff-omar-lupi\/","title":{"rendered":"C\u00e2ncer Cut\u00e2neo  2018 por Ricardo Cavalcanti Ribeiro; Paulo M. Hoff Omar Lupi"},"content":{"rendered":"<p>&#8220;C\u00e2ncer Cut\u00e2neo&#8221;, como se sabe, \u00e9 patologia relevante em boa parte das popula\u00e7\u00f5es ocidentais. Apesar de sua menor taxa de mortalidade, sua incid\u00eancia e morbidade apresentam progressivo aumento.<br \/>\n&#8220;C\u00e2ncer Cut\u00e2neo&#8221; tem por proposta did\u00e1tica conhecer melhor suas causas, buscar medidas de preven\u00e7\u00e3o, m\u00e9todos de diagn\u00f3stico, abordagens cl\u00ednicas e terap\u00eauticas atuais.<br \/>\nO texto \u00e9 simples e objetivo, com informa\u00e7\u00f5es corretas e pr\u00e1ticas que de maneira f\u00e1cil e r\u00e1pida podem<\/p>\n","protected":false},"excerpt":{"rendered":"<p>&#8220;C\u00e2ncer Cut\u00e2neo&#8221;, como se sabe, \u00e9 patologia relevante em boa parte das popula\u00e7\u00f5es ocidentais. Apesar de sua menor taxa de mortalidade, sua incid\u00eancia e morbidade apresentam progressivo aumento. &#8220;C\u00e2ncer Cut\u00e2neo&#8221; tem por proposta did\u00e1tica conhecer melhor suas causas, buscar medidas de preven\u00e7\u00e3o, m\u00e9todos de diagn\u00f3stico, abordagens cl\u00ednicas e terap\u00eauticas atuais. O texto \u00e9 simples e&hellip;&nbsp;<a href=\"https:\/\/livrariadocampus.com.br\/loja\/produto\/cancer-cutaneo-2018-por-ricardo-cavalcanti-ribeiro-paulo-m-hoff-omar-lupi\/\" class=\"\" rel=\"bookmark\">Continue a ler &raquo;<span class=\"screen-reader-text\">C\u00e2ncer Cut\u00e2neo  2018 por Ricardo Cavalcanti Ribeiro; Paulo M. Hoff Omar Lupi<\/span><\/a><\/p>\n","protected":false},"featured_media":5903,"template":"","meta":{"neve_meta_sidebar":"","neve_meta_container":"","neve_meta_enable_content_width":"off","neve_meta_content_width":0,"neve_meta_title_alignment":"","neve_meta_author_avatar":"","neve_post_elements_order":"","neve_meta_disable_header":"","neve_meta_disable_footer":"","neve_meta_disable_title":"","_joinchat":[]},"product_brand":[],"product_cat":[61,232],"product_tag":[],"class_list":{"0":"post-5902","1":"product","2":"type-product","3":"status-publish","4":"has-post-thumbnail","6":"product_cat-dermatologia","7":"product_cat-patologia","9":"first","10":"instock","11":"sale","12":"shipping-taxable","13":"purchasable","14":"product-type-simple"},"jetpack_sharing_enabled":true,"_links":{"self":[{"href":"https:\/\/livrariadocampus.com.br\/loja\/wp-json\/wp\/v2\/product\/5902","targetHints":{"allow":["GET"]}}],"collection":[{"href":"https:\/\/livrariadocampus.com.br\/loja\/wp-json\/wp\/v2\/product"}],"about":[{"href":"https:\/\/livrariadocampus.com.br\/loja\/wp-json\/wp\/v2\/types\/product"}],"wp:featuredmedia":[{"embeddable":true,"href":"https:\/\/livrariadocampus.com.br\/loja\/wp-json\/wp\/v2\/media\/5903"}],"wp:attachment":[{"href":"https:\/\/livrariadocampus.com.br\/loja\/wp-json\/wp\/v2\/media?parent=5902"}],"wp:term":[{"taxonomy":"product_brand","embeddable":true,"href":"https:\/\/livrariadocampus.com.br\/loja\/wp-json\/wp\/v2\/product_brand?post=5902"},{"taxonomy":"product_cat","embeddable":true,"href":"https:\/\/livrariadocampus.com.br\/loja\/wp-json\/wp\/v2\/product_cat?post=5902"},{"taxonomy":"product_tag","embeddable":true,"href":"https:\/\/livrariadocampus.com.br\/loja\/wp-json\/wp\/v2\/product_tag?post=5902"}],"curies":[{"name":"wp","href":"https:\/\/api.w.org\/{rel}","templated":true}]}}