{"id":5897,"date":"2020-09-30T17:18:58","date_gmt":"2020-09-30T20:18:58","guid":{"rendered":"https:\/\/www.livrariadocampus.com.br\/?post_type=product&#038;p=5897"},"modified":"2024-09-24T16:09:50","modified_gmt":"2024-09-24T19:09:50","slug":"alergia-imunologia-aplicacao-clinica-por-antonio-abilio-motta-autor-jorge-kalil","status":"publish","type":"product","link":"https:\/\/livrariadocampus.com.br\/loja\/produto\/alergia-imunologia-aplicacao-clinica-por-antonio-abilio-motta-autor-jorge-kalil\/","title":{"rendered":"Alergia &amp; imunologia &#8211; aplica\u00e7\u00e3o cl\u00ednica por Antonio Ab\u00edlio Motta (Autor Jorge Kalil"},"content":{"rendered":"<p>Alergia e Imunologia: Aplica\u00e7\u00e3o Clinica tem sua origem na Disciplina de Imunologia Cl\u00ednica e Alergia da Faculdade de Medicina da Universidade de S\u00e3o Paulo &#8211; FMUSP, em conjunto com o Servi\u00e7o de Imunologia Cl\u00ednica e Alergia do Hospital das Cl\u00ednicas da Faculdade de Medicina da Universidade de S\u00e3o Paulo &#8211; ICHC-FMUSP. O livro tem por objetivo transmitir os principais conhecimentos sobre alergia e imunologia com base nas melhores evid\u00eancias m\u00e9dicas, sobretudo nas pesquisas cl\u00ednicas. Une, assim, aspectos conceituais e te\u00f3ricos aos de ordem eminentemente diagn\u00f3stico e terap\u00eauticos. Esse tipo de sistematiza\u00e7\u00e3o did\u00e1tica e o car\u00e1ter cient\u00edfico de seu conte\u00fado ser\u00e3o motivos de grande aceita\u00e7\u00e3o e estudo por parte de seus leitores. Alergia e Imunologia: Aplica\u00e7\u00e3o Cl\u00ednica apresente 1 Coordenador, 2 Editores, 22 Colaboradores, 12 partes, 30 cap\u00edtulos, num total de 450 p\u00e1ginas. \u00c9, pois, livro, destinado a Alergologistas Cl\u00ednicos, Pediatras e Residentes em Alergologia , Cl\u00ednica M\u00e9dica e Pediatria<\/p>\n","protected":false},"excerpt":{"rendered":"<p>Alergia e Imunologia: Aplica\u00e7\u00e3o Clinica tem sua origem na Disciplina de Imunologia Cl\u00ednica e Alergia da Faculdade de Medicina da Universidade de S\u00e3o Paulo &#8211; FMUSP, em conjunto com o Servi\u00e7o de Imunologia Cl\u00ednica e Alergia do Hospital das Cl\u00ednicas da Faculdade de Medicina da Universidade de S\u00e3o Paulo &#8211; ICHC-FMUSP. O livro tem por&hellip;&nbsp;<a href=\"https:\/\/livrariadocampus.com.br\/loja\/produto\/alergia-imunologia-aplicacao-clinica-por-antonio-abilio-motta-autor-jorge-kalil\/\" class=\"\" rel=\"bookmark\">Continue a ler &raquo;<span class=\"screen-reader-text\">Alergia &amp; imunologia &#8211; aplica\u00e7\u00e3o cl\u00ednica por Antonio Ab\u00edlio Motta (Autor Jorge Kalil<\/span><\/a><\/p>\n","protected":false},"featured_media":5898,"template":"","meta":{"neve_meta_sidebar":"","neve_meta_container":"","neve_meta_enable_content_width":"off","neve_meta_content_width":0,"neve_meta_title_alignment":"","neve_meta_author_avatar":"","neve_post_elements_order":"","neve_meta_disable_header":"","neve_meta_disable_footer":"","neve_meta_disable_title":"","_joinchat":[]},"product_brand":[],"product_cat":[61,57,182],"product_tag":[],"class_list":{"0":"post-5897","1":"product","2":"type-product","3":"status-publish","4":"has-post-thumbnail","6":"product_cat-dermatologia","7":"product_cat-doenca-infecciosas","8":"product_cat-pediatria-neonatologia","10":"first","11":"instock","12":"shipping-taxable","13":"purchasable","14":"product-type-simple"},"jetpack_sharing_enabled":true,"_links":{"self":[{"href":"https:\/\/livrariadocampus.com.br\/loja\/wp-json\/wp\/v2\/product\/5897","targetHints":{"allow":["GET"]}}],"collection":[{"href":"https:\/\/livrariadocampus.com.br\/loja\/wp-json\/wp\/v2\/product"}],"about":[{"href":"https:\/\/livrariadocampus.com.br\/loja\/wp-json\/wp\/v2\/types\/product"}],"wp:featuredmedia":[{"embeddable":true,"href":"https:\/\/livrariadocampus.com.br\/loja\/wp-json\/wp\/v2\/media\/5898"}],"wp:attachment":[{"href":"https:\/\/livrariadocampus.com.br\/loja\/wp-json\/wp\/v2\/media?parent=5897"}],"wp:term":[{"taxonomy":"product_brand","embeddable":true,"href":"https:\/\/livrariadocampus.com.br\/loja\/wp-json\/wp\/v2\/product_brand?post=5897"},{"taxonomy":"product_cat","embeddable":true,"href":"https:\/\/livrariadocampus.com.br\/loja\/wp-json\/wp\/v2\/product_cat?post=5897"},{"taxonomy":"product_tag","embeddable":true,"href":"https:\/\/livrariadocampus.com.br\/loja\/wp-json\/wp\/v2\/product_tag?post=5897"}],"curies":[{"name":"wp","href":"https:\/\/api.w.org\/{rel}","templated":true}]}}