{"id":5850,"date":"2020-09-30T14:27:59","date_gmt":"2020-09-30T17:27:59","guid":{"rendered":"https:\/\/www.livrariadocampus.com.br\/?post_type=product&#038;p=5850"},"modified":"2023-06-12T12:58:47","modified_gmt":"2023-06-12T15:58:47","slug":"atuacao-do-enfermeiro-na-atencao-primaria-a-saude-2017-por-sandra-rejane-soares-ferreira-lisiane-andreia-devinar-perico","status":"publish","type":"product","link":"https:\/\/livrariadocampus.com.br\/loja\/produto\/atuacao-do-enfermeiro-na-atencao-primaria-a-saude-2017-por-sandra-rejane-soares-ferreira-lisiane-andreia-devinar-perico\/","title":{"rendered":"Atua\u00e7\u00e3o do enfermeiro na aten\u00e7\u00e3o prim\u00e1ria a sa\u00fade \u2013  2017 por Sandra Rejane Soares Ferreira, Lisiane Andr\u00e9ia Devinar P\u00e9rico"},"content":{"rendered":"<p>Atua\u00e7\u00e3o do Enfermeiro na Aten\u00e7\u00e3o Prim\u00e1ria \u00e0 Sa\u00fade (APS) segue a Estrat\u00e9gia de Sa\u00fade da Fam\u00edlia (ESF), implantada no Brasil em 1994. Sua proposta did\u00e1tica \u00e9 a abordagem de quest\u00f5es te\u00f3rico-pr\u00e1ticas pr\u00f3prias da atua\u00e7\u00e3o do Enfermeiro nos servi\u00e7os de APS. Essas quest\u00f5es s\u00e3o de maior import\u00e2ncia para assistir \u00e0 popula\u00e7\u00e3o de modo qualificado e competente, e que aqui pontualmente s\u00e3o sintetizadas: \u2022 proatividade do Enfermeiro na constru\u00e7\u00e3o das Redes de Aten\u00e7\u00e3o \u00e0 Sa\u00fade; \u2022 gerenciamento das linhas de cuidado em todas as suas etapas; \u2022 participa\u00e7\u00e3o e envolvimento em propostas que se destinem a ampliar a universalidade do acesso \u00e0 sa\u00fade e que seja de qualidade;\u2022 qualifica\u00e7\u00e3o dos Enfermeiros, buscando o aprimoramento de sua linha de cuidados em n\u00edvel da excel\u00eancia. O livro est\u00e1 dividido em duas partes: 1. Princ\u00edpios para o Trabalho do Enfermeiro na Aten\u00e7\u00e3o Prim\u00e1ria \u00e0 Sa\u00fade \u2013 s\u00e3o as bases conceituais e operacionais para o trabalho do Enfermeiro e que, ao serem aplicadas na pr\u00e1tica, delimitam sua atua\u00e7\u00e3o. As bases s\u00e3o, pois, verdadeiros pontos de refer\u00eancia. 2. Atua\u00e7\u00e3o do Enfermeiro nas Necessidades em Sa\u00fade da Popula\u00e7\u00e3o na Aten\u00e7\u00e3o Prim\u00e1ria \u00e0 Sa\u00fade \u2013 \u00e9 a parte pr\u00e1tica propriamente dita. Apresenta exemplos de experi\u00eancias e aplica\u00e7\u00f5es do processo de enfermagem no dia a dia do seu trabalho. Cont\u00e9m protocolos de assist\u00eancia, que orientam passo a passo para a efetiva\u00e7\u00e3o da conduta mais adequada. Na realidade, s\u00e3o ferramentas e recursos de apoio \u00e0 pr\u00e1tica. Atua\u00e7\u00e3o do Enfermeiro na Aten\u00e7\u00e3o Prim\u00e1ria \u00e0 Sa\u00fade apresenta 3 Autoras, 30 Colaboradores, 2 Partes, 28 Cap\u00edtulos, num total de 690 p\u00e1ginas. Seu p\u00fablico-leitor est\u00e1 formado por Enfermeiros de atua\u00e7\u00e3o nas Unidades de APS, Docentes e Discentes dos cursos de gradua\u00e7\u00e3o em Enfermagem e todos os comprometidos com o desenvolvimento das Unidades de APS.<\/p>\n","protected":false},"excerpt":{"rendered":"<p>Atua\u00e7\u00e3o do Enfermeiro na Aten\u00e7\u00e3o Prim\u00e1ria \u00e0 Sa\u00fade (APS) segue a Estrat\u00e9gia de Sa\u00fade da Fam\u00edlia (ESF), implantada no Brasil em 1994. Sua proposta did\u00e1tica \u00e9 a abordagem de quest\u00f5es te\u00f3rico-pr\u00e1ticas pr\u00f3prias da atua\u00e7\u00e3o do Enfermeiro nos servi\u00e7os de APS. Essas quest\u00f5es s\u00e3o de maior import\u00e2ncia para assistir \u00e0 popula\u00e7\u00e3o de modo qualificado e competente,&hellip;&nbsp;<a href=\"https:\/\/livrariadocampus.com.br\/loja\/produto\/atuacao-do-enfermeiro-na-atencao-primaria-a-saude-2017-por-sandra-rejane-soares-ferreira-lisiane-andreia-devinar-perico\/\" class=\"\" rel=\"bookmark\">Continue a ler &raquo;<span class=\"screen-reader-text\">Atua\u00e7\u00e3o do enfermeiro na aten\u00e7\u00e3o prim\u00e1ria a sa\u00fade \u2013  2017 por Sandra Rejane Soares Ferreira, Lisiane Andr\u00e9ia Devinar P\u00e9rico<\/span><\/a><\/p>\n","protected":false},"featured_media":5851,"template":"","meta":{"neve_meta_sidebar":"","neve_meta_container":"","neve_meta_enable_content_width":"off","neve_meta_content_width":0,"neve_meta_title_alignment":"","neve_meta_author_avatar":"","neve_post_elements_order":"","neve_meta_disable_header":"","neve_meta_disable_footer":"","neve_meta_disable_title":"","_joinchat":[]},"product_brand":[],"product_cat":[68],"product_tag":[],"class_list":{"0":"post-5850","1":"product","2":"type-product","3":"status-publish","4":"has-post-thumbnail","6":"product_cat-enfermagem","8":"first","9":"outofstock","10":"sale","11":"shipping-taxable","12":"purchasable","13":"product-type-simple"},"jetpack_sharing_enabled":true,"_links":{"self":[{"href":"https:\/\/livrariadocampus.com.br\/loja\/wp-json\/wp\/v2\/product\/5850","targetHints":{"allow":["GET"]}}],"collection":[{"href":"https:\/\/livrariadocampus.com.br\/loja\/wp-json\/wp\/v2\/product"}],"about":[{"href":"https:\/\/livrariadocampus.com.br\/loja\/wp-json\/wp\/v2\/types\/product"}],"wp:featuredmedia":[{"embeddable":true,"href":"https:\/\/livrariadocampus.com.br\/loja\/wp-json\/wp\/v2\/media\/5851"}],"wp:attachment":[{"href":"https:\/\/livrariadocampus.com.br\/loja\/wp-json\/wp\/v2\/media?parent=5850"}],"wp:term":[{"taxonomy":"product_brand","embeddable":true,"href":"https:\/\/livrariadocampus.com.br\/loja\/wp-json\/wp\/v2\/product_brand?post=5850"},{"taxonomy":"product_cat","embeddable":true,"href":"https:\/\/livrariadocampus.com.br\/loja\/wp-json\/wp\/v2\/product_cat?post=5850"},{"taxonomy":"product_tag","embeddable":true,"href":"https:\/\/livrariadocampus.com.br\/loja\/wp-json\/wp\/v2\/product_tag?post=5850"}],"curies":[{"name":"wp","href":"https:\/\/api.w.org\/{rel}","templated":true}]}}