{"id":5848,"date":"2020-09-30T14:20:28","date_gmt":"2020-09-30T17:20:28","guid":{"rendered":"https:\/\/www.livrariadocampus.com.br\/?post_type=product&#038;p=5848"},"modified":"2023-06-12T12:59:10","modified_gmt":"2023-06-12T15:59:10","slug":"guia-pratico-do-farmaceutico-hospitalar-2019-por-wladimir-mendes-borges-filho-silvana-maria-de-almeida-aruana-romualdo","status":"publish","type":"product","link":"https:\/\/livrariadocampus.com.br\/loja\/produto\/guia-pratico-do-farmaceutico-hospitalar-2019-por-wladimir-mendes-borges-filho-silvana-maria-de-almeida-aruana-romualdo\/","title":{"rendered":"Guia Pr\u00e1tico do Farmac\u00eautico Hospitalar \u2013  2019 por Wladimir Mendes Borges Filho, Silvana Maria de Almeida, Aruana Romualdo"},"content":{"rendered":"<p>Reunimos aqui, em formato de quadros e tabelas, informa\u00e7\u00f5es para uma consulta r\u00e1pida sobre os mais diversos questionamentos do dia a dia da Farm\u00e1cia Hospitalar, como por exemplo, dilui\u00e7\u00e3o de medicamentos injet\u00e1veis, medicamentos que possuem lactose em sua composi\u00e7\u00e3o, presen\u00e7a de corantes, tipos de receitu\u00e1rios para medicamentos etc. O Guia neste formato tem o objetivo de servir de apoio t\u00e9cnico ao farmac\u00eautico e outros profissionais, que atuam no cuidado ao paciente, para tomada de decis\u00e3o na assist\u00eancia. Temos a pretens\u00e3o de que o Guia seja acess\u00edvel a todos os p\u00fablicos. Foi estruturado em cap\u00edtulos independentes, com informa\u00e7\u00f5es precisas e diretas. Temos a inten\u00e7\u00e3o de servir como uma refer\u00eancia de bolso, sem, no entanto, esgotar o assunto abordado.Seu p\u00fablico-alvo \u00e9 formado por Farmac\u00eauticos, sobretudo os que atuam na Farm\u00e1cia Hospitalar, estudantes de Farm\u00e1cia e os profissionais de Sa\u00fade que se interessam pelo assunto.<\/p>\n","protected":false},"excerpt":{"rendered":"<p>Reunimos aqui, em formato de quadros e tabelas, informa\u00e7\u00f5es para uma consulta r\u00e1pida sobre os mais diversos questionamentos do dia a dia da Farm\u00e1cia Hospitalar, como por exemplo, dilui\u00e7\u00e3o de medicamentos injet\u00e1veis, medicamentos que possuem lactose em sua composi\u00e7\u00e3o, presen\u00e7a de corantes, tipos de receitu\u00e1rios para medicamentos etc. O Guia neste formato tem o objetivo&hellip;&nbsp;<a href=\"https:\/\/livrariadocampus.com.br\/loja\/produto\/guia-pratico-do-farmaceutico-hospitalar-2019-por-wladimir-mendes-borges-filho-silvana-maria-de-almeida-aruana-romualdo\/\" class=\"\" rel=\"bookmark\">Continue a ler &raquo;<span class=\"screen-reader-text\">Guia Pr\u00e1tico do Farmac\u00eautico Hospitalar \u2013  2019 por Wladimir Mendes Borges Filho, Silvana Maria de Almeida, Aruana Romualdo<\/span><\/a><\/p>\n","protected":false},"featured_media":5849,"template":"","meta":{"neve_meta_sidebar":"","neve_meta_container":"","neve_meta_enable_content_width":"off","neve_meta_content_width":0,"neve_meta_title_alignment":"","neve_meta_author_avatar":"","neve_post_elements_order":"","neve_meta_disable_header":"","neve_meta_disable_footer":"","neve_meta_disable_title":"","_joinchat":[]},"product_brand":[],"product_cat":[15],"product_tag":[],"class_list":{"0":"post-5848","1":"product","2":"type-product","3":"status-publish","4":"has-post-thumbnail","6":"product_cat-outros","8":"first","9":"outofstock","10":"sale","11":"shipping-taxable","12":"purchasable","13":"product-type-simple"},"jetpack_sharing_enabled":true,"_links":{"self":[{"href":"https:\/\/livrariadocampus.com.br\/loja\/wp-json\/wp\/v2\/product\/5848","targetHints":{"allow":["GET"]}}],"collection":[{"href":"https:\/\/livrariadocampus.com.br\/loja\/wp-json\/wp\/v2\/product"}],"about":[{"href":"https:\/\/livrariadocampus.com.br\/loja\/wp-json\/wp\/v2\/types\/product"}],"wp:featuredmedia":[{"embeddable":true,"href":"https:\/\/livrariadocampus.com.br\/loja\/wp-json\/wp\/v2\/media\/5849"}],"wp:attachment":[{"href":"https:\/\/livrariadocampus.com.br\/loja\/wp-json\/wp\/v2\/media?parent=5848"}],"wp:term":[{"taxonomy":"product_brand","embeddable":true,"href":"https:\/\/livrariadocampus.com.br\/loja\/wp-json\/wp\/v2\/product_brand?post=5848"},{"taxonomy":"product_cat","embeddable":true,"href":"https:\/\/livrariadocampus.com.br\/loja\/wp-json\/wp\/v2\/product_cat?post=5848"},{"taxonomy":"product_tag","embeddable":true,"href":"https:\/\/livrariadocampus.com.br\/loja\/wp-json\/wp\/v2\/product_tag?post=5848"}],"curies":[{"name":"wp","href":"https:\/\/api.w.org\/{rel}","templated":true}]}}