{"id":5845,"date":"2020-09-30T14:10:48","date_gmt":"2020-09-30T17:10:48","guid":{"rendered":"https:\/\/www.livrariadocampus.com.br\/?post_type=product&#038;p=5845"},"modified":"2025-02-20T15:16:47","modified_gmt":"2025-02-20T18:16:47","slug":"manual-de-enfermagem-em-emergencias-2018-por-norma-takei-mendes-cassia-regina-vancini-campanharo","status":"publish","type":"product","link":"https:\/\/livrariadocampus.com.br\/loja\/produto\/manual-de-enfermagem-em-emergencias-2018-por-norma-takei-mendes-cassia-regina-vancini-campanharo\/","title":{"rendered":"Manual de Enfermagem em Emerg\u00eancias  \u2013 2018 por Norma Takei Mendes, C\u00e1ssia Regina Vancini Campanharo"},"content":{"rendered":"<p>&#8220;Manual de Enfermagem em Emerg\u00eancias&#8221;, ora em sua segunda edi\u00e7\u00e3o, encontra-se integralmente revisto e atualizado. Sua proposta did\u00e1tica mant\u00e9m-se inalterada, ou seja, transmitir conhecimentos te\u00f3ricos e pr\u00e1ticos quando da sua atua\u00e7\u00e3o de enfermeiros nas cr\u00edticas condi\u00e7\u00f5es de emerg\u00eancias. \u00c9 de conhecimento geral que os cursos de gradua\u00e7\u00e3o e muitos de p\u00f3s-gradua\u00e7\u00e3o\/lato sensu em enfermagem n\u00e3o oferecerem os conceitos, fundamentos e seus protocolos e normas destinados \u00e0 pr\u00e1tica e ao exerc\u00edcio, essenciais ao bom atendimento.Os editores do presente trabalho s\u00e3o enfermeiros Assistenciais, Docentes e M\u00e9dicos, detentores de vasto conhecimento e experiencia nas condi\u00e7\u00f5es de Urg\u00eancias e Emerg\u00eancias. Estende-se ao ensino das destrezas manuais e habilidades de a\u00e7\u00e3o, t\u00e3o pr\u00f3prias e especiais nesses momentos.Sem sombra de d\u00favida, o atendimento dos Enfermeiro \u00e9 fundamental e determinante para a seguran\u00e7a e qualidade do atendimento, bem como constitui ponte do acolhimento humanizado. &#8220;Manual de Enfermagem em Emerg\u00eancias&#8221;, 2\u00aa edi\u00e7\u00e3o, apresenta 7 Editores, 42 Colaboradores, 28 Cap\u00edtulos, num total de 496 p\u00e1ginas. Seu p\u00fablico-leitor \u00e9 formado por Enfermeiros especializados em Urg\u00eancias e Emerg\u00eancias, Enfermeiros Gerais, Residentes em Enfermagem e Estudantes de gradua\u00e7\u00e3o em Enfermagem.Curso de Enfermagem &#8211; ENFEM.<\/p>\n","protected":false},"excerpt":{"rendered":"<p>&#8220;Manual de Enfermagem em Emerg\u00eancias&#8221;, ora em sua segunda edi\u00e7\u00e3o, encontra-se integralmente revisto e atualizado. Sua proposta did\u00e1tica mant\u00e9m-se inalterada, ou seja, transmitir conhecimentos te\u00f3ricos e pr\u00e1ticos quando da sua atua\u00e7\u00e3o de enfermeiros nas cr\u00edticas condi\u00e7\u00f5es de emerg\u00eancias. \u00c9 de conhecimento geral que os cursos de gradua\u00e7\u00e3o e muitos de p\u00f3s-gradua\u00e7\u00e3o\/lato sensu em enfermagem n\u00e3o&hellip;&nbsp;<a href=\"https:\/\/livrariadocampus.com.br\/loja\/produto\/manual-de-enfermagem-em-emergencias-2018-por-norma-takei-mendes-cassia-regina-vancini-campanharo\/\" class=\"\" rel=\"bookmark\">Continue a ler &raquo;<span class=\"screen-reader-text\">Manual de Enfermagem em Emerg\u00eancias  \u2013 2018 por Norma Takei Mendes, C\u00e1ssia Regina Vancini Campanharo<\/span><\/a><\/p>\n","protected":false},"featured_media":5846,"template":"","meta":{"neve_meta_sidebar":"","neve_meta_container":"","neve_meta_enable_content_width":"off","neve_meta_content_width":0,"neve_meta_title_alignment":"","neve_meta_author_avatar":"","neve_post_elements_order":"","neve_meta_disable_header":"","neve_meta_disable_footer":"","neve_meta_disable_title":"","_joinchat":[]},"product_brand":[],"product_cat":[68],"product_tag":[],"class_list":{"0":"post-5845","1":"product","2":"type-product","3":"status-publish","4":"has-post-thumbnail","6":"product_cat-enfermagem","8":"first","9":"outofstock","10":"shipping-taxable","11":"purchasable","12":"product-type-simple"},"jetpack_sharing_enabled":true,"_links":{"self":[{"href":"https:\/\/livrariadocampus.com.br\/loja\/wp-json\/wp\/v2\/product\/5845","targetHints":{"allow":["GET"]}}],"collection":[{"href":"https:\/\/livrariadocampus.com.br\/loja\/wp-json\/wp\/v2\/product"}],"about":[{"href":"https:\/\/livrariadocampus.com.br\/loja\/wp-json\/wp\/v2\/types\/product"}],"wp:featuredmedia":[{"embeddable":true,"href":"https:\/\/livrariadocampus.com.br\/loja\/wp-json\/wp\/v2\/media\/5846"}],"wp:attachment":[{"href":"https:\/\/livrariadocampus.com.br\/loja\/wp-json\/wp\/v2\/media?parent=5845"}],"wp:term":[{"taxonomy":"product_brand","embeddable":true,"href":"https:\/\/livrariadocampus.com.br\/loja\/wp-json\/wp\/v2\/product_brand?post=5845"},{"taxonomy":"product_cat","embeddable":true,"href":"https:\/\/livrariadocampus.com.br\/loja\/wp-json\/wp\/v2\/product_cat?post=5845"},{"taxonomy":"product_tag","embeddable":true,"href":"https:\/\/livrariadocampus.com.br\/loja\/wp-json\/wp\/v2\/product_tag?post=5845"}],"curies":[{"name":"wp","href":"https:\/\/api.w.org\/{rel}","templated":true}]}}