{"id":5838,"date":"2020-09-30T12:03:40","date_gmt":"2020-09-30T15:03:40","guid":{"rendered":"https:\/\/www.livrariadocampus.com.br\/?post_type=product&#038;p=5838"},"modified":"2022-05-12T11:57:21","modified_gmt":"2022-05-12T14:57:21","slug":"aph-resgate-emergencia-em-trauma-2019-por-junia-junia-shizue-sueoka","status":"publish","type":"product","link":"https:\/\/livrariadocampus.com.br\/loja\/produto\/aph-resgate-emergencia-em-trauma-2019-por-junia-junia-shizue-sueoka\/","title":{"rendered":"APH &#8211; Resgate &#8211; Emerg\u00eancia em Trauma  2019 por J\u00fania J\u00fania Shizue Sueoka"},"content":{"rendered":"<p>Este livro, em sua primeira edi\u00e7\u00e3o, abrange aspectos do atendimento pr\u00e9-hospitalar desde o momento do in\u00edcio da ocorr\u00eancia, passando pelo atendimento \u00e0 v\u00edtima at\u00e9 sua chegada ao hospital, levando-se em conta os protocolos preconizados mundialmente, aliados \u00e0s particularidades da realidade brasileira. Al\u00e9m disso, tamb\u00e9m traz em seu escopo a preocupa\u00e7\u00e3o com o profissional de emerg\u00eancia e sua integra\u00e7\u00e3o com as equipes hospitalares. O objetivo \u00e9 que seja usado como um manual, um guia, para ajudar no bom atendimento de v\u00edtimas.<\/p>\n","protected":false},"excerpt":{"rendered":"<p>Este livro, em sua primeira edi\u00e7\u00e3o, abrange aspectos do atendimento pr\u00e9-hospitalar desde o momento do in\u00edcio da ocorr\u00eancia, passando pelo atendimento \u00e0 v\u00edtima at\u00e9 sua chegada ao hospital, levando-se em conta os protocolos preconizados mundialmente, aliados \u00e0s particularidades da realidade brasileira. Al\u00e9m disso, tamb\u00e9m traz em seu escopo a preocupa\u00e7\u00e3o com o profissional de emerg\u00eancia&hellip;&nbsp;<a href=\"https:\/\/livrariadocampus.com.br\/loja\/produto\/aph-resgate-emergencia-em-trauma-2019-por-junia-junia-shizue-sueoka\/\" class=\"\" rel=\"bookmark\">Continue a ler &raquo;<span class=\"screen-reader-text\">APH &#8211; Resgate &#8211; Emerg\u00eancia em Trauma  2019 por J\u00fania J\u00fania Shizue Sueoka<\/span><\/a><\/p>\n","protected":false},"featured_media":5839,"template":"","meta":{"neve_meta_sidebar":"","neve_meta_container":"","neve_meta_enable_content_width":"off","neve_meta_content_width":0,"neve_meta_title_alignment":"","neve_meta_author_avatar":"","neve_post_elements_order":"","neve_meta_disable_header":"","neve_meta_disable_footer":"","neve_meta_disable_title":"","_joinchat":[]},"product_brand":[],"product_cat":[104,54,68,132],"product_tag":[],"class_list":{"0":"post-5838","1":"product","2":"type-product","3":"status-publish","4":"has-post-thumbnail","6":"product_cat-clinica-medica-semiologia","7":"product_cat-emergencias-e-pronto-socorro","8":"product_cat-enfermagem","9":"product_cat-ortopedia-traumatologia","11":"first","12":"outofstock","13":"shipping-taxable","14":"product-type-simple"},"jetpack_sharing_enabled":true,"_links":{"self":[{"href":"https:\/\/livrariadocampus.com.br\/loja\/wp-json\/wp\/v2\/product\/5838","targetHints":{"allow":["GET"]}}],"collection":[{"href":"https:\/\/livrariadocampus.com.br\/loja\/wp-json\/wp\/v2\/product"}],"about":[{"href":"https:\/\/livrariadocampus.com.br\/loja\/wp-json\/wp\/v2\/types\/product"}],"wp:featuredmedia":[{"embeddable":true,"href":"https:\/\/livrariadocampus.com.br\/loja\/wp-json\/wp\/v2\/media\/5839"}],"wp:attachment":[{"href":"https:\/\/livrariadocampus.com.br\/loja\/wp-json\/wp\/v2\/media?parent=5838"}],"wp:term":[{"taxonomy":"product_brand","embeddable":true,"href":"https:\/\/livrariadocampus.com.br\/loja\/wp-json\/wp\/v2\/product_brand?post=5838"},{"taxonomy":"product_cat","embeddable":true,"href":"https:\/\/livrariadocampus.com.br\/loja\/wp-json\/wp\/v2\/product_cat?post=5838"},{"taxonomy":"product_tag","embeddable":true,"href":"https:\/\/livrariadocampus.com.br\/loja\/wp-json\/wp\/v2\/product_tag?post=5838"}],"curies":[{"name":"wp","href":"https:\/\/api.w.org\/{rel}","templated":true}]}}