{"id":5834,"date":"2020-09-30T11:52:31","date_gmt":"2020-09-30T14:52:31","guid":{"rendered":"https:\/\/www.livrariadocampus.com.br\/?post_type=product&#038;p=5834"},"modified":"2022-05-12T11:58:06","modified_gmt":"2022-05-12T14:58:06","slug":"manual-de-exame-fisico-2019-por-fernando-fernando-veiga","status":"publish","type":"product","link":"https:\/\/livrariadocampus.com.br\/loja\/produto\/manual-de-exame-fisico-2019-por-fernando-fernando-veiga\/","title":{"rendered":"Manual de Exame F\u00edsico  2019 por Fernando Fernando Veiga"},"content":{"rendered":"<p>Este livro, Manual de Exame F\u00edsico, enfocar\u00e1 o exame de cada sistema corporal, mas \u00e0 partir de um cen\u00e1rio com situa\u00e7\u00f5es realistas da pr\u00e1tica m\u00e9dica, ampliando o foco do exame, agu\u00e7ando a associa\u00e7\u00e3o e o pensamento cl\u00ednico, e a identifica\u00e7\u00e3o dos prov\u00e1veis problemas reais e potenciais presentes no paciente. Ser\u00e1, portanto, um livro ideal para o estudante de medicina na metodologia ativa PBL. Escrito por professores de medicina e enfermagem com muita experi\u00eancia em metodologia ativa, PBL, da Faculdade Santa Marcelina, o que traz seguran\u00e7a e assertividade aos alunos atuais de institui\u00e7\u00f5es PBL.<\/p>\n","protected":false},"excerpt":{"rendered":"<p>Este livro, Manual de Exame F\u00edsico, enfocar\u00e1 o exame de cada sistema corporal, mas \u00e0 partir de um cen\u00e1rio com situa\u00e7\u00f5es realistas da pr\u00e1tica m\u00e9dica, ampliando o foco do exame, agu\u00e7ando a associa\u00e7\u00e3o e o pensamento cl\u00ednico, e a identifica\u00e7\u00e3o dos prov\u00e1veis problemas reais e potenciais presentes no paciente. Ser\u00e1, portanto, um livro ideal para&hellip;&nbsp;<a href=\"https:\/\/livrariadocampus.com.br\/loja\/produto\/manual-de-exame-fisico-2019-por-fernando-fernando-veiga\/\" class=\"\" rel=\"bookmark\">Continue a ler &raquo;<span class=\"screen-reader-text\">Manual de Exame F\u00edsico  2019 por Fernando Fernando Veiga<\/span><\/a><\/p>\n","protected":false},"featured_media":5835,"template":"","meta":{"neve_meta_sidebar":"","neve_meta_container":"","neve_meta_enable_content_width":"off","neve_meta_content_width":0,"neve_meta_title_alignment":"","neve_meta_author_avatar":"","neve_post_elements_order":"","neve_meta_disable_header":"","neve_meta_disable_footer":"","neve_meta_disable_title":"","_joinchat":[]},"product_brand":[],"product_cat":[58,104],"product_tag":[],"class_list":{"0":"post-5834","1":"product","2":"type-product","3":"status-publish","4":"has-post-thumbnail","6":"product_cat-clinica-medica","7":"product_cat-clinica-medica-semiologia","9":"first","10":"instock","11":"shipping-taxable","12":"purchasable","13":"product-type-simple"},"jetpack_sharing_enabled":true,"_links":{"self":[{"href":"https:\/\/livrariadocampus.com.br\/loja\/wp-json\/wp\/v2\/product\/5834","targetHints":{"allow":["GET"]}}],"collection":[{"href":"https:\/\/livrariadocampus.com.br\/loja\/wp-json\/wp\/v2\/product"}],"about":[{"href":"https:\/\/livrariadocampus.com.br\/loja\/wp-json\/wp\/v2\/types\/product"}],"wp:featuredmedia":[{"embeddable":true,"href":"https:\/\/livrariadocampus.com.br\/loja\/wp-json\/wp\/v2\/media\/5835"}],"wp:attachment":[{"href":"https:\/\/livrariadocampus.com.br\/loja\/wp-json\/wp\/v2\/media?parent=5834"}],"wp:term":[{"taxonomy":"product_brand","embeddable":true,"href":"https:\/\/livrariadocampus.com.br\/loja\/wp-json\/wp\/v2\/product_brand?post=5834"},{"taxonomy":"product_cat","embeddable":true,"href":"https:\/\/livrariadocampus.com.br\/loja\/wp-json\/wp\/v2\/product_cat?post=5834"},{"taxonomy":"product_tag","embeddable":true,"href":"https:\/\/livrariadocampus.com.br\/loja\/wp-json\/wp\/v2\/product_tag?post=5834"}],"curies":[{"name":"wp","href":"https:\/\/api.w.org\/{rel}","templated":true}]}}