{"id":5818,"date":"2020-09-30T10:51:29","date_gmt":"2020-09-30T13:51:29","guid":{"rendered":"https:\/\/www.livrariadocampus.com.br\/?post_type=product&#038;p=5818"},"modified":"2022-05-12T11:59:15","modified_gmt":"2022-05-12T14:59:15","slug":"covid-19-guia-pratico-de-infectologia-por-alberto-dos-santos-de-lemos-2020","status":"publish","type":"product","link":"https:\/\/livrariadocampus.com.br\/loja\/produto\/covid-19-guia-pratico-de-infectologia-por-alberto-dos-santos-de-lemos-2020\/","title":{"rendered":"Covid-19: guia pr\u00e1tico de infectologia  por Alberto dos Santos de Lemos  2020"},"content":{"rendered":"<p>Esta publica\u00e7\u00e3o aborda, \u00e0 luz das evid\u00eancias cient\u00edficas dispon\u00edveis at\u00e9 o momento de sua cria\u00e7\u00e3o, pontos fundamentais para o manejo dos pacientes com COVID-19. Os cap\u00edtulos descrevem as caracter\u00edsticas do pat\u00f3geno e sua origem, as manifesta\u00e7\u00f5es cl\u00ednicas e a hist\u00f3ria natural da doen\u00e7a, os aspectos diagn\u00f3sticos e terap\u00eauticos, al\u00e9m de cuidados de biosseguran\u00e7a, dentro e fora do ambiente de assist\u00eancia \u00e0 sa\u00fade, e as perspectivas futuras no enfrentamento da pandemia.<\/p>\n","protected":false},"excerpt":{"rendered":"<p>Esta publica\u00e7\u00e3o aborda, \u00e0 luz das evid\u00eancias cient\u00edficas dispon\u00edveis at\u00e9 o momento de sua cria\u00e7\u00e3o, pontos fundamentais para o manejo dos pacientes com COVID-19. Os cap\u00edtulos descrevem as caracter\u00edsticas do pat\u00f3geno e sua origem, as manifesta\u00e7\u00f5es cl\u00ednicas e a hist\u00f3ria natural da doen\u00e7a, os aspectos diagn\u00f3sticos e terap\u00eauticos, al\u00e9m de cuidados de biosseguran\u00e7a, dentro e&hellip;&nbsp;<a href=\"https:\/\/livrariadocampus.com.br\/loja\/produto\/covid-19-guia-pratico-de-infectologia-por-alberto-dos-santos-de-lemos-2020\/\" class=\"\" rel=\"bookmark\">Continue a ler &raquo;<span class=\"screen-reader-text\">Covid-19: guia pr\u00e1tico de infectologia  por Alberto dos Santos de Lemos  2020<\/span><\/a><\/p>\n","protected":false},"featured_media":5821,"template":"","meta":{"neve_meta_sidebar":"","neve_meta_container":"","neve_meta_enable_content_width":"off","neve_meta_content_width":0,"neve_meta_title_alignment":"","neve_meta_author_avatar":"","neve_post_elements_order":"","neve_meta_disable_header":"","neve_meta_disable_footer":"","neve_meta_disable_title":"","_joinchat":[]},"product_brand":[],"product_cat":[104,57,202],"product_tag":[],"class_list":{"0":"post-5818","1":"product","2":"type-product","3":"status-publish","4":"has-post-thumbnail","6":"product_cat-clinica-medica-semiologia","7":"product_cat-doenca-infecciosas","8":"product_cat-educacao-em-valores","10":"first","11":"instock","12":"shipping-taxable","13":"purchasable","14":"product-type-simple"},"jetpack_sharing_enabled":true,"_links":{"self":[{"href":"https:\/\/livrariadocampus.com.br\/loja\/wp-json\/wp\/v2\/product\/5818","targetHints":{"allow":["GET"]}}],"collection":[{"href":"https:\/\/livrariadocampus.com.br\/loja\/wp-json\/wp\/v2\/product"}],"about":[{"href":"https:\/\/livrariadocampus.com.br\/loja\/wp-json\/wp\/v2\/types\/product"}],"wp:featuredmedia":[{"embeddable":true,"href":"https:\/\/livrariadocampus.com.br\/loja\/wp-json\/wp\/v2\/media\/5821"}],"wp:attachment":[{"href":"https:\/\/livrariadocampus.com.br\/loja\/wp-json\/wp\/v2\/media?parent=5818"}],"wp:term":[{"taxonomy":"product_brand","embeddable":true,"href":"https:\/\/livrariadocampus.com.br\/loja\/wp-json\/wp\/v2\/product_brand?post=5818"},{"taxonomy":"product_cat","embeddable":true,"href":"https:\/\/livrariadocampus.com.br\/loja\/wp-json\/wp\/v2\/product_cat?post=5818"},{"taxonomy":"product_tag","embeddable":true,"href":"https:\/\/livrariadocampus.com.br\/loja\/wp-json\/wp\/v2\/product_tag?post=5818"}],"curies":[{"name":"wp","href":"https:\/\/api.w.org\/{rel}","templated":true}]}}