{"id":5802,"date":"2020-09-29T17:00:10","date_gmt":"2020-09-29T20:00:10","guid":{"rendered":"https:\/\/www.livrariadocampus.com.br\/?post_type=product&#038;p=5802"},"modified":"2023-06-12T13:04:05","modified_gmt":"2023-06-12T16:04:05","slug":"feigenbaum-ecocardiografia-2012-por-william-f-armstrong","status":"publish","type":"product","link":"https:\/\/livrariadocampus.com.br\/loja\/produto\/feigenbaum-ecocardiografia-2012-por-william-f-armstrong\/","title":{"rendered":"Feigenbaum Ecocardiografia \u2013 2012 por William F. Armstrong"},"content":{"rendered":"<p>Essencial para a boa pr\u00e1tica da cardiologia!Armstrong | Feigenbaum Ecocardiografia, s\u00e9tima edi\u00e7\u00e3o, mant\u00e9m as caracter\u00edsticas principais que a consagraram: abordagem pr\u00e1tica, com \u00eanfase nas indica\u00e7\u00f5es comprovadas da ecocardiografia, e baseada em evid\u00eancias. Novidades dessa edi\u00e7\u00e3o:- Novos cap\u00edtulos sobre fun\u00e7\u00e3o diast\u00f3lica e miocardiopatia restritiva- Conte\u00fado revisado sobre o uso da ecocardiografia para a solu\u00e7\u00e3o de problemas cl\u00ednicos- Completa atualiza\u00e7\u00e3o das ilustra\u00e7\u00f5es e dos exemplos apresentados na obra- Diretrizes atualizadas de solicita\u00e7\u00e3o de ecocardiograma.<\/p>\n","protected":false},"excerpt":{"rendered":"<p>Essencial para a boa pr\u00e1tica da cardiologia!Armstrong | Feigenbaum Ecocardiografia, s\u00e9tima edi\u00e7\u00e3o, mant\u00e9m as caracter\u00edsticas principais que a consagraram: abordagem pr\u00e1tica, com \u00eanfase nas indica\u00e7\u00f5es comprovadas da ecocardiografia, e baseada em evid\u00eancias. Novidades dessa edi\u00e7\u00e3o:- Novos cap\u00edtulos sobre fun\u00e7\u00e3o diast\u00f3lica e miocardiopatia restritiva- Conte\u00fado revisado sobre o uso da ecocardiografia para a solu\u00e7\u00e3o de problemas&hellip;&nbsp;<a href=\"https:\/\/livrariadocampus.com.br\/loja\/produto\/feigenbaum-ecocardiografia-2012-por-william-f-armstrong\/\" class=\"\" rel=\"bookmark\">Continue a ler &raquo;<span class=\"screen-reader-text\">Feigenbaum Ecocardiografia \u2013 2012 por William F. Armstrong<\/span><\/a><\/p>\n","protected":false},"featured_media":5803,"template":"","meta":{"neve_meta_sidebar":"","neve_meta_container":"","neve_meta_enable_content_width":"off","neve_meta_content_width":0,"neve_meta_title_alignment":"","neve_meta_author_avatar":"","neve_post_elements_order":"","neve_meta_disable_header":"","neve_meta_disable_footer":"","neve_meta_disable_title":"","_joinchat":[]},"product_brand":[],"product_cat":[65],"product_tag":[],"class_list":{"0":"post-5802","1":"product","2":"type-product","3":"status-publish","4":"has-post-thumbnail","6":"product_cat-cardiologia","8":"first","9":"instock","10":"sale","11":"shipping-taxable","12":"purchasable","13":"product-type-simple"},"jetpack_sharing_enabled":true,"_links":{"self":[{"href":"https:\/\/livrariadocampus.com.br\/loja\/wp-json\/wp\/v2\/product\/5802","targetHints":{"allow":["GET"]}}],"collection":[{"href":"https:\/\/livrariadocampus.com.br\/loja\/wp-json\/wp\/v2\/product"}],"about":[{"href":"https:\/\/livrariadocampus.com.br\/loja\/wp-json\/wp\/v2\/types\/product"}],"wp:featuredmedia":[{"embeddable":true,"href":"https:\/\/livrariadocampus.com.br\/loja\/wp-json\/wp\/v2\/media\/5803"}],"wp:attachment":[{"href":"https:\/\/livrariadocampus.com.br\/loja\/wp-json\/wp\/v2\/media?parent=5802"}],"wp:term":[{"taxonomy":"product_brand","embeddable":true,"href":"https:\/\/livrariadocampus.com.br\/loja\/wp-json\/wp\/v2\/product_brand?post=5802"},{"taxonomy":"product_cat","embeddable":true,"href":"https:\/\/livrariadocampus.com.br\/loja\/wp-json\/wp\/v2\/product_cat?post=5802"},{"taxonomy":"product_tag","embeddable":true,"href":"https:\/\/livrariadocampus.com.br\/loja\/wp-json\/wp\/v2\/product_tag?post=5802"}],"curies":[{"name":"wp","href":"https:\/\/api.w.org\/{rel}","templated":true}]}}