{"id":5792,"date":"2020-09-29T16:18:03","date_gmt":"2020-09-29T19:18:03","guid":{"rendered":"https:\/\/www.livrariadocampus.com.br\/?post_type=product&#038;p=5792"},"modified":"2022-05-12T11:12:27","modified_gmt":"2022-05-12T14:12:27","slug":"marca-passo-competencias-clinicas-para-enfermeiros-2017-por-denise-viana-rodrigues-de-oliveira-andrea-cotait-ayoub","status":"publish","type":"product","link":"https:\/\/livrariadocampus.com.br\/loja\/produto\/marca-passo-competencias-clinicas-para-enfermeiros-2017-por-denise-viana-rodrigues-de-oliveira-andrea-cotait-ayoub\/","title":{"rendered":"Marca-passo &#8211; Compet\u00eancias cl\u00ednicas para enfermeiros 2017 &#8211; por Denise Viana Rodrigues de Oliveira, Andrea Cotait Ayoub"},"content":{"rendered":"<p>Marca-passo &#8211; Compet\u00eancias Cl\u00ednicas para Enfermeiros destina-se a transmitir os atuais e mais modernos conhecimentos sobre assist\u00eancia de enfermagem a pacientes portadores de dispositivo card\u00edaco eletr\u00f4nico implant\u00e1vel (DCEI). O livro \u00e9 abrangente. Seus cap\u00edtulos v\u00e3o desde o estudo do sistema de condu\u00e7\u00e3o el\u00e9trica e a eletrofisiologia as bradiarritmias e as taquiarritmias urg\u00eancias e emerg\u00eancias at\u00e9 a implanta\u00e7\u00e3o e manuten\u00e7\u00e3o do marca-passo. Preenche assim uma lacuna no mercado de enfermagem ressaltando o papel do profissional de enfermagem na especialidade que como se sabe \u00e9 a maior for\u00e7a de trabalho na \u00e1rea da Sa\u00fade em todo o territ\u00f3rio brasileiro e que se encontra \u00e0 frente da assist\u00eancia direta e gest\u00e3o do cuidado do paciente card\u00edaco.<\/p>\n","protected":false},"excerpt":{"rendered":"<p>Marca-passo &#8211; Compet\u00eancias Cl\u00ednicas para Enfermeiros destina-se a transmitir os atuais e mais modernos conhecimentos sobre assist\u00eancia de enfermagem a pacientes portadores de dispositivo card\u00edaco eletr\u00f4nico implant\u00e1vel (DCEI). O livro \u00e9 abrangente. Seus cap\u00edtulos v\u00e3o desde o estudo do sistema de condu\u00e7\u00e3o el\u00e9trica e a eletrofisiologia as bradiarritmias e as taquiarritmias urg\u00eancias e emerg\u00eancias at\u00e9&hellip;&nbsp;<a href=\"https:\/\/livrariadocampus.com.br\/loja\/produto\/marca-passo-competencias-clinicas-para-enfermeiros-2017-por-denise-viana-rodrigues-de-oliveira-andrea-cotait-ayoub\/\" class=\"\" rel=\"bookmark\">Continue a ler &raquo;<span class=\"screen-reader-text\">Marca-passo &#8211; Compet\u00eancias cl\u00ednicas para enfermeiros 2017 &#8211; por Denise Viana Rodrigues de Oliveira, Andrea Cotait Ayoub<\/span><\/a><\/p>\n","protected":false},"featured_media":5793,"template":"","meta":{"neve_meta_sidebar":"","neve_meta_container":"","neve_meta_enable_content_width":"off","neve_meta_content_width":0,"neve_meta_title_alignment":"","neve_meta_author_avatar":"","neve_post_elements_order":"","neve_meta_disable_header":"","neve_meta_disable_footer":"","neve_meta_disable_title":"","_joinchat":[]},"product_brand":[],"product_cat":[65,68],"product_tag":[],"class_list":{"0":"post-5792","1":"product","2":"type-product","3":"status-publish","4":"has-post-thumbnail","6":"product_cat-cardiologia","7":"product_cat-enfermagem","9":"first","10":"instock","11":"shipping-taxable","12":"purchasable","13":"product-type-simple"},"jetpack_sharing_enabled":true,"_links":{"self":[{"href":"https:\/\/livrariadocampus.com.br\/loja\/wp-json\/wp\/v2\/product\/5792","targetHints":{"allow":["GET"]}}],"collection":[{"href":"https:\/\/livrariadocampus.com.br\/loja\/wp-json\/wp\/v2\/product"}],"about":[{"href":"https:\/\/livrariadocampus.com.br\/loja\/wp-json\/wp\/v2\/types\/product"}],"wp:featuredmedia":[{"embeddable":true,"href":"https:\/\/livrariadocampus.com.br\/loja\/wp-json\/wp\/v2\/media\/5793"}],"wp:attachment":[{"href":"https:\/\/livrariadocampus.com.br\/loja\/wp-json\/wp\/v2\/media?parent=5792"}],"wp:term":[{"taxonomy":"product_brand","embeddable":true,"href":"https:\/\/livrariadocampus.com.br\/loja\/wp-json\/wp\/v2\/product_brand?post=5792"},{"taxonomy":"product_cat","embeddable":true,"href":"https:\/\/livrariadocampus.com.br\/loja\/wp-json\/wp\/v2\/product_cat?post=5792"},{"taxonomy":"product_tag","embeddable":true,"href":"https:\/\/livrariadocampus.com.br\/loja\/wp-json\/wp\/v2\/product_tag?post=5792"}],"curies":[{"name":"wp","href":"https:\/\/api.w.org\/{rel}","templated":true}]}}