{"id":5785,"date":"2020-09-29T15:55:52","date_gmt":"2020-09-29T18:55:52","guid":{"rendered":"https:\/\/www.livrariadocampus.com.br\/?post_type=product&#038;p=5785"},"modified":"2022-05-12T11:13:08","modified_gmt":"2022-05-12T14:13:08","slug":"o-eletrocardiograma-fundamentos-e-relevancia-na-pratica-medica-por-renato-de-souza-goncalves-eder-trezza","status":"publish","type":"product","link":"https:\/\/livrariadocampus.com.br\/loja\/produto\/o-eletrocardiograma-fundamentos-e-relevancia-na-pratica-medica-por-renato-de-souza-goncalves-eder-trezza\/","title":{"rendered":"O Eletrocardiograma &#8211; Fundamentos e Relev\u00e2ncia na Pr\u00e1tica M\u00e9dica &#8211; por Renato de Souza Goncalves, Eder Trezza"},"content":{"rendered":"<p>Esta obra vem simplificar o aprendizado na \u00e1rea de eletrocardiografia e demonstrar a suarelev\u00e2ncia no diagn\u00f3stico cl\u00ednico, apoiando-se nos seguintes pontos: \u2022\u00a0fundamentos explanados de forma simples e linear;\u2022\u00a0apresenta\u00e7\u00e3o dos crit\u00e9rios de maneira breve e atualizada;\u2022\u00a0vasta ilustra\u00e7\u00e3o, com tra\u00e7ados eletrocardiogr\u00e1ficos exemplificando os conceitos introduzidos e sua import\u00e2ncia na pr\u00e1tica m\u00e9dica.<\/p>\n","protected":false},"excerpt":{"rendered":"<p>Esta obra vem simplificar o aprendizado na \u00e1rea de eletrocardiografia e demonstrar a suarelev\u00e2ncia no diagn\u00f3stico cl\u00ednico, apoiando-se nos seguintes pontos: \u2022\u00a0fundamentos explanados de forma simples e linear;\u2022\u00a0apresenta\u00e7\u00e3o dos crit\u00e9rios de maneira breve e atualizada;\u2022\u00a0vasta ilustra\u00e7\u00e3o, com tra\u00e7ados eletrocardiogr\u00e1ficos exemplificando os conceitos introduzidos e sua import\u00e2ncia na pr\u00e1tica m\u00e9dica.<\/p>\n","protected":false},"featured_media":5786,"template":"","meta":{"neve_meta_sidebar":"","neve_meta_container":"","neve_meta_enable_content_width":"off","neve_meta_content_width":0,"neve_meta_title_alignment":"","neve_meta_author_avatar":"","neve_post_elements_order":"","neve_meta_disable_header":"","neve_meta_disable_footer":"","neve_meta_disable_title":"","_joinchat":[]},"product_brand":[],"product_cat":[65,58],"product_tag":[],"class_list":{"0":"post-5785","1":"product","2":"type-product","3":"status-publish","4":"has-post-thumbnail","6":"product_cat-cardiologia","7":"product_cat-clinica-medica","9":"first","10":"instock","11":"shipping-taxable","12":"purchasable","13":"product-type-simple"},"jetpack_sharing_enabled":true,"_links":{"self":[{"href":"https:\/\/livrariadocampus.com.br\/loja\/wp-json\/wp\/v2\/product\/5785","targetHints":{"allow":["GET"]}}],"collection":[{"href":"https:\/\/livrariadocampus.com.br\/loja\/wp-json\/wp\/v2\/product"}],"about":[{"href":"https:\/\/livrariadocampus.com.br\/loja\/wp-json\/wp\/v2\/types\/product"}],"wp:featuredmedia":[{"embeddable":true,"href":"https:\/\/livrariadocampus.com.br\/loja\/wp-json\/wp\/v2\/media\/5786"}],"wp:attachment":[{"href":"https:\/\/livrariadocampus.com.br\/loja\/wp-json\/wp\/v2\/media?parent=5785"}],"wp:term":[{"taxonomy":"product_brand","embeddable":true,"href":"https:\/\/livrariadocampus.com.br\/loja\/wp-json\/wp\/v2\/product_brand?post=5785"},{"taxonomy":"product_cat","embeddable":true,"href":"https:\/\/livrariadocampus.com.br\/loja\/wp-json\/wp\/v2\/product_cat?post=5785"},{"taxonomy":"product_tag","embeddable":true,"href":"https:\/\/livrariadocampus.com.br\/loja\/wp-json\/wp\/v2\/product_tag?post=5785"}],"curies":[{"name":"wp","href":"https:\/\/api.w.org\/{rel}","templated":true}]}}