{"id":5783,"date":"2020-09-29T15:47:24","date_gmt":"2020-09-29T18:47:24","guid":{"rendered":"https:\/\/www.livrariadocampus.com.br\/?post_type=product&#038;p=5783"},"modified":"2023-06-12T13:04:53","modified_gmt":"2023-06-12T16:04:53","slug":"metodo-pratico-e-objetivo-para-aprender-eletrocardiograma-2019-por-ricardo-casalino-sanches-de-moraes","status":"publish","type":"product","link":"https:\/\/livrariadocampus.com.br\/loja\/produto\/metodo-pratico-e-objetivo-para-aprender-eletrocardiograma-2019-por-ricardo-casalino-sanches-de-moraes\/","title":{"rendered":"M\u00e9todo pr\u00e1tico e objetivo para aprender eletrocardiograma \u2013 2019 por Ricardo Casalino Sanches de Moraes"},"content":{"rendered":"<p>M\u00e9todo Pr\u00e1tico e Objetivo para Aprender Eletrocardiograma tem por proposta simplificar e originalmente estabelecer m\u00e9todo para leitura e interpreta\u00e7\u00e3o do ECG. O leitor, a partir desse conceito, seguir\u00e1 a cartilha para ler o ECG, sempre sob a mesma metodologia. A repeti\u00e7\u00e3o desse m\u00e9todo criar\u00e1 habilidades na leitura do tra\u00e7ado, de modo \u00e1gil, correto e facilitador. Os cap\u00edtulos do livro apresentam uma s\u00e9rie de doen\u00e7as em que o ECG \u00e9 uma ferramenta importante para o diagn\u00f3stico. No final, inseriu-se um Caderno de Exerc\u00edcios, com v\u00e1rios exames. Isso, de modo a testar, estimular e consolidar o aprendizado. M\u00e9todo Pr\u00e1tico e Objetivo para Aprender Eletrocardiograma apresenta 1 Editor, 11 Colaboradores, 16 cap\u00edtulos, em um total de 228 p\u00e1ginas. Seu p\u00fablico-alvo \u00e9 formado por cardiologistas, cl\u00ednicos, intensivistas, emergencistas, residentes em Cardiologia, Cl\u00ednica M\u00e9dica e Medicina Intensiva.<\/p>\n","protected":false},"excerpt":{"rendered":"<p>M\u00e9todo Pr\u00e1tico e Objetivo para Aprender Eletrocardiograma tem por proposta simplificar e originalmente estabelecer m\u00e9todo para leitura e interpreta\u00e7\u00e3o do ECG. O leitor, a partir desse conceito, seguir\u00e1 a cartilha para ler o ECG, sempre sob a mesma metodologia. A repeti\u00e7\u00e3o desse m\u00e9todo criar\u00e1 habilidades na leitura do tra\u00e7ado, de modo \u00e1gil, correto e facilitador.&hellip;&nbsp;<a href=\"https:\/\/livrariadocampus.com.br\/loja\/produto\/metodo-pratico-e-objetivo-para-aprender-eletrocardiograma-2019-por-ricardo-casalino-sanches-de-moraes\/\" class=\"\" rel=\"bookmark\">Continue a ler &raquo;<span class=\"screen-reader-text\">M\u00e9todo pr\u00e1tico e objetivo para aprender eletrocardiograma \u2013 2019 por Ricardo Casalino Sanches de Moraes<\/span><\/a><\/p>\n","protected":false},"featured_media":5784,"template":"","meta":{"neve_meta_sidebar":"","neve_meta_container":"","neve_meta_enable_content_width":"off","neve_meta_content_width":0,"neve_meta_title_alignment":"","neve_meta_author_avatar":"","neve_post_elements_order":"","neve_meta_disable_header":"","neve_meta_disable_footer":"","neve_meta_disable_title":"","_joinchat":[]},"product_brand":[],"product_cat":[65,58],"product_tag":[],"class_list":{"0":"post-5783","1":"product","2":"type-product","3":"status-publish","4":"has-post-thumbnail","6":"product_cat-cardiologia","7":"product_cat-clinica-medica","9":"first","10":"outofstock","11":"shipping-taxable","12":"product-type-simple"},"jetpack_sharing_enabled":true,"_links":{"self":[{"href":"https:\/\/livrariadocampus.com.br\/loja\/wp-json\/wp\/v2\/product\/5783","targetHints":{"allow":["GET"]}}],"collection":[{"href":"https:\/\/livrariadocampus.com.br\/loja\/wp-json\/wp\/v2\/product"}],"about":[{"href":"https:\/\/livrariadocampus.com.br\/loja\/wp-json\/wp\/v2\/types\/product"}],"wp:featuredmedia":[{"embeddable":true,"href":"https:\/\/livrariadocampus.com.br\/loja\/wp-json\/wp\/v2\/media\/5784"}],"wp:attachment":[{"href":"https:\/\/livrariadocampus.com.br\/loja\/wp-json\/wp\/v2\/media?parent=5783"}],"wp:term":[{"taxonomy":"product_brand","embeddable":true,"href":"https:\/\/livrariadocampus.com.br\/loja\/wp-json\/wp\/v2\/product_brand?post=5783"},{"taxonomy":"product_cat","embeddable":true,"href":"https:\/\/livrariadocampus.com.br\/loja\/wp-json\/wp\/v2\/product_cat?post=5783"},{"taxonomy":"product_tag","embeddable":true,"href":"https:\/\/livrariadocampus.com.br\/loja\/wp-json\/wp\/v2\/product_tag?post=5783"}],"curies":[{"name":"wp","href":"https:\/\/api.w.org\/{rel}","templated":true}]}}