{"id":5781,"date":"2020-09-29T13:36:56","date_gmt":"2020-09-29T16:36:56","guid":{"rendered":"https:\/\/www.livrariadocampus.com.br\/?post_type=product&#038;p=5781"},"modified":"2022-05-12T11:14:34","modified_gmt":"2022-05-12T14:14:34","slug":"radiologia-abdominal-para-o-clinico-de-pequenos-animais-blaik","status":"publish","type":"product","link":"https:\/\/livrariadocampus.com.br\/loja\/produto\/radiologia-abdominal-para-o-clinico-de-pequenos-animais-blaik\/","title":{"rendered":"Radiologia Abdominal para o Cl\u00ednico de Pequenos Animais &#8211; Blaik"},"content":{"rendered":"<p>As radiografias s\u00e3o m\u00e9todos simples e r\u00e1pidos para o exame e diagn\u00f3stico de muitos sintomas e doen\u00e7as. Entretanto, sua interpreta\u00e7\u00e3o pode ser dificultada pela falta de contraste entre o \u00f3rg\u00e3o examinado e outras estruturas do corpo. Em Radiologia Abdominal para o Cl\u00ednico de Pequenos Animais, o veterin\u00e1rio encontrar\u00e1 dicas e informa\u00e7\u00f5es \u00fateis para analisar de modo minucioso todos os detalhes de uma radiografia, transformando esta imagem plana em preto e branco numa imagem tridimensional. Numa linguagem simples e direta, o profissional encontrar\u00e1 uma apresenta\u00e7\u00e3o concisa de todo o conte\u00fado abdominal, al\u00e9m da descri\u00e7\u00e3o de estudos especiais como contraste, duplo contraste, b\u00e1rio e esofagograma. As altera\u00e7\u00f5es radiogr\u00e1ficas que refletem uma doen\u00e7a e as anomalias mais comuns s\u00e3o apresentadas e explicadas, tornando a obra essencial para quem busca informa\u00e7\u00f5es seguras aliadas a uma consulta \u00e1gil e f\u00e1cil.<\/p>\n","protected":false},"excerpt":{"rendered":"<p>As radiografias s\u00e3o m\u00e9todos simples e r\u00e1pidos para o exame e diagn\u00f3stico de muitos sintomas e doen\u00e7as. Entretanto, sua interpreta\u00e7\u00e3o pode ser dificultada pela falta de contraste entre o \u00f3rg\u00e3o examinado e outras estruturas do corpo. Em Radiologia Abdominal para o Cl\u00ednico de Pequenos Animais, o veterin\u00e1rio encontrar\u00e1 dicas e informa\u00e7\u00f5es \u00fateis para analisar de&hellip;&nbsp;<a href=\"https:\/\/livrariadocampus.com.br\/loja\/produto\/radiologia-abdominal-para-o-clinico-de-pequenos-animais-blaik\/\" class=\"\" rel=\"bookmark\">Continue a ler &raquo;<span class=\"screen-reader-text\">Radiologia Abdominal para o Cl\u00ednico de Pequenos Animais &#8211; Blaik<\/span><\/a><\/p>\n","protected":false},"featured_media":5782,"template":"","meta":{"neve_meta_sidebar":"","neve_meta_container":"","neve_meta_enable_content_width":"off","neve_meta_content_width":0,"neve_meta_title_alignment":"","neve_meta_author_avatar":"","neve_post_elements_order":"","neve_meta_disable_header":"","neve_meta_disable_footer":"","neve_meta_disable_title":"","_joinchat":[]},"product_brand":[],"product_cat":[253],"product_tag":[],"class_list":{"0":"post-5781","1":"product","2":"type-product","3":"status-publish","4":"has-post-thumbnail","6":"product_cat-veterinaria-e-zootecnia","8":"first","9":"instock","10":"shipping-taxable","11":"purchasable","12":"product-type-simple"},"jetpack_sharing_enabled":true,"_links":{"self":[{"href":"https:\/\/livrariadocampus.com.br\/loja\/wp-json\/wp\/v2\/product\/5781","targetHints":{"allow":["GET"]}}],"collection":[{"href":"https:\/\/livrariadocampus.com.br\/loja\/wp-json\/wp\/v2\/product"}],"about":[{"href":"https:\/\/livrariadocampus.com.br\/loja\/wp-json\/wp\/v2\/types\/product"}],"wp:featuredmedia":[{"embeddable":true,"href":"https:\/\/livrariadocampus.com.br\/loja\/wp-json\/wp\/v2\/media\/5782"}],"wp:attachment":[{"href":"https:\/\/livrariadocampus.com.br\/loja\/wp-json\/wp\/v2\/media?parent=5781"}],"wp:term":[{"taxonomy":"product_brand","embeddable":true,"href":"https:\/\/livrariadocampus.com.br\/loja\/wp-json\/wp\/v2\/product_brand?post=5781"},{"taxonomy":"product_cat","embeddable":true,"href":"https:\/\/livrariadocampus.com.br\/loja\/wp-json\/wp\/v2\/product_cat?post=5781"},{"taxonomy":"product_tag","embeddable":true,"href":"https:\/\/livrariadocampus.com.br\/loja\/wp-json\/wp\/v2\/product_tag?post=5781"}],"curies":[{"name":"wp","href":"https:\/\/api.w.org\/{rel}","templated":true}]}}