{"id":5777,"date":"2020-09-29T13:21:31","date_gmt":"2020-09-29T16:21:31","guid":{"rendered":"https:\/\/www.livrariadocampus.com.br\/?post_type=product&#038;p=5777"},"modified":"2022-05-12T11:15:32","modified_gmt":"2022-05-12T14:15:32","slug":"dermatologia-para-o-clinico-de-pequenos-animais-portugues-capa-dura","status":"publish","type":"product","link":"https:\/\/livrariadocampus.com.br\/loja\/produto\/dermatologia-para-o-clinico-de-pequenos-animais-portugues-capa-dura\/","title":{"rendered":"Dermatologia Para O Clinico De Pequenos Animais (Portugu\u00eas) Capa dura"},"content":{"rendered":"<p>Esta obra fornece orienta\u00e7\u00f5es pr\u00e1ticas precisas e diretas para o diagn\u00f3stico e tratamento de doen\u00e7as da pele que mais freq\u00fcentemente se apresentam no exerc\u00edcio da veterin\u00e1ria.Descreve tamb\u00e9m exames dermatol\u00f3gicos raros e complexos e esclarece passo a passo os exames diagn\u00f3sticos comumente realizados.O texto \u00e9 acompanhado por grande quantidade de ilustra\u00e7\u00f5es coloridas que facilitam a identifica\u00e7\u00e3o de les\u00f5es e por tabelas esquematizadas que tornam r\u00e1pido o acesso a diagn\u00f3sticos importantes e informa\u00e7\u00f5es sobre tratamentos.<\/p>\n","protected":false},"excerpt":{"rendered":"<p>Esta obra fornece orienta\u00e7\u00f5es pr\u00e1ticas precisas e diretas para o diagn\u00f3stico e tratamento de doen\u00e7as da pele que mais freq\u00fcentemente se apresentam no exerc\u00edcio da veterin\u00e1ria.Descreve tamb\u00e9m exames dermatol\u00f3gicos raros e complexos e esclarece passo a passo os exames diagn\u00f3sticos comumente realizados.O texto \u00e9 acompanhado por grande quantidade de ilustra\u00e7\u00f5es coloridas que facilitam a identifica\u00e7\u00e3o&hellip;&nbsp;<a href=\"https:\/\/livrariadocampus.com.br\/loja\/produto\/dermatologia-para-o-clinico-de-pequenos-animais-portugues-capa-dura\/\" class=\"\" rel=\"bookmark\">Continue a ler &raquo;<span class=\"screen-reader-text\">Dermatologia Para O Clinico De Pequenos Animais (Portugu\u00eas) Capa dura<\/span><\/a><\/p>\n","protected":false},"featured_media":5778,"template":"","meta":{"neve_meta_sidebar":"","neve_meta_container":"","neve_meta_enable_content_width":"off","neve_meta_content_width":0,"neve_meta_title_alignment":"","neve_meta_author_avatar":"","neve_post_elements_order":"","neve_meta_disable_header":"","neve_meta_disable_footer":"","neve_meta_disable_title":"","_joinchat":[]},"product_brand":[],"product_cat":[253],"product_tag":[],"class_list":{"0":"post-5777","1":"product","2":"type-product","3":"status-publish","4":"has-post-thumbnail","6":"product_cat-veterinaria-e-zootecnia","8":"first","9":"instock","10":"shipping-taxable","11":"purchasable","12":"product-type-simple"},"jetpack_sharing_enabled":true,"_links":{"self":[{"href":"https:\/\/livrariadocampus.com.br\/loja\/wp-json\/wp\/v2\/product\/5777","targetHints":{"allow":["GET"]}}],"collection":[{"href":"https:\/\/livrariadocampus.com.br\/loja\/wp-json\/wp\/v2\/product"}],"about":[{"href":"https:\/\/livrariadocampus.com.br\/loja\/wp-json\/wp\/v2\/types\/product"}],"wp:featuredmedia":[{"embeddable":true,"href":"https:\/\/livrariadocampus.com.br\/loja\/wp-json\/wp\/v2\/media\/5778"}],"wp:attachment":[{"href":"https:\/\/livrariadocampus.com.br\/loja\/wp-json\/wp\/v2\/media?parent=5777"}],"wp:term":[{"taxonomy":"product_brand","embeddable":true,"href":"https:\/\/livrariadocampus.com.br\/loja\/wp-json\/wp\/v2\/product_brand?post=5777"},{"taxonomy":"product_cat","embeddable":true,"href":"https:\/\/livrariadocampus.com.br\/loja\/wp-json\/wp\/v2\/product_cat?post=5777"},{"taxonomy":"product_tag","embeddable":true,"href":"https:\/\/livrariadocampus.com.br\/loja\/wp-json\/wp\/v2\/product_tag?post=5777"}],"curies":[{"name":"wp","href":"https:\/\/api.w.org\/{rel}","templated":true}]}}