{"id":5775,"date":"2020-09-29T13:16:17","date_gmt":"2020-09-29T16:16:17","guid":{"rendered":"https:\/\/www.livrariadocampus.com.br\/?post_type=product&#038;p=5775"},"modified":"2023-06-12T13:07:49","modified_gmt":"2023-06-12T16:07:49","slug":"manual-de-tecnicas-em-necropsia-medico-legal-por-luiz-carlos-l-prestes-junior-autor","status":"publish","type":"product","link":"https:\/\/livrariadocampus.com.br\/loja\/produto\/manual-de-tecnicas-em-necropsia-medico-legal-por-luiz-carlos-l-prestes-junior-autor\/","title":{"rendered":"Manual de T\u00e9cnicas em Necropsia M\u00e9dico-Legal  por Luiz Carlos L. Prestes Junior (Autor)"},"content":{"rendered":"<p>Manual de T\u00e9cnica s em necropsia m\u00e9dico-legal pretende ser uma fonte de consulta para o estudo das T\u00e9cnica s de necropsia e ao preparo para concursos neste campo, al\u00e9m de constituir aux\u00edlio \u00e0queles que militam nas \u00e1reas da medicina, do direito e das ci\u00eancias criminais conexas.<\/p>\n","protected":false},"excerpt":{"rendered":"<p>Manual de T\u00e9cnica s em necropsia m\u00e9dico-legal pretende ser uma fonte de consulta para o estudo das T\u00e9cnica s de necropsia e ao preparo para concursos neste campo, al\u00e9m de constituir aux\u00edlio \u00e0queles que militam nas \u00e1reas da medicina, do direito e das ci\u00eancias criminais conexas.<\/p>\n","protected":false},"featured_media":5776,"template":"","meta":{"neve_meta_sidebar":"","neve_meta_container":"","neve_meta_enable_content_width":"off","neve_meta_content_width":0,"neve_meta_title_alignment":"","neve_meta_author_avatar":"","neve_post_elements_order":"","neve_meta_disable_header":"","neve_meta_disable_footer":"","neve_meta_disable_title":"","_joinchat":[]},"product_brand":[],"product_cat":[232],"product_tag":[],"class_list":{"0":"post-5775","1":"product","2":"type-product","3":"status-publish","4":"has-post-thumbnail","6":"product_cat-patologia","8":"first","9":"instock","10":"sale","11":"shipping-taxable","12":"purchasable","13":"product-type-simple"},"jetpack_sharing_enabled":true,"_links":{"self":[{"href":"https:\/\/livrariadocampus.com.br\/loja\/wp-json\/wp\/v2\/product\/5775","targetHints":{"allow":["GET"]}}],"collection":[{"href":"https:\/\/livrariadocampus.com.br\/loja\/wp-json\/wp\/v2\/product"}],"about":[{"href":"https:\/\/livrariadocampus.com.br\/loja\/wp-json\/wp\/v2\/types\/product"}],"wp:featuredmedia":[{"embeddable":true,"href":"https:\/\/livrariadocampus.com.br\/loja\/wp-json\/wp\/v2\/media\/5776"}],"wp:attachment":[{"href":"https:\/\/livrariadocampus.com.br\/loja\/wp-json\/wp\/v2\/media?parent=5775"}],"wp:term":[{"taxonomy":"product_brand","embeddable":true,"href":"https:\/\/livrariadocampus.com.br\/loja\/wp-json\/wp\/v2\/product_brand?post=5775"},{"taxonomy":"product_cat","embeddable":true,"href":"https:\/\/livrariadocampus.com.br\/loja\/wp-json\/wp\/v2\/product_cat?post=5775"},{"taxonomy":"product_tag","embeddable":true,"href":"https:\/\/livrariadocampus.com.br\/loja\/wp-json\/wp\/v2\/product_tag?post=5775"}],"curies":[{"name":"wp","href":"https:\/\/api.w.org\/{rel}","templated":true}]}}