{"id":5767,"date":"2020-09-29T12:28:47","date_gmt":"2020-09-29T15:28:47","guid":{"rendered":"https:\/\/www.livrariadocampus.com.br\/?post_type=product&#038;p=5767"},"modified":"2024-01-15T12:13:06","modified_gmt":"2024-01-15T15:13:06","slug":"manual-de-doencas-da-pele-do-cao-e-do-gato-sue-paterson-2-ed-2010","status":"publish","type":"product","link":"https:\/\/livrariadocampus.com.br\/loja\/produto\/manual-de-doencas-da-pele-do-cao-e-do-gato-sue-paterson-2-ed-2010\/","title":{"rendered":"Manual De Doencas Da Pele Do Cao E Do Gato SUE PATERSON 2 ED 2010"},"content":{"rendered":"<p>Com abordagem de todas as doen\u00e7as cut\u00e2neas comuns tanto no c\u00e3o quanto no gato, o texto confere particular aten\u00e7\u00e3o \u00e0s diferen\u00e7as entre as duas esp\u00e9cies. Cada cap\u00edtulo enfoca um tipo diferente de doen\u00e7a de pele, com descri\u00e7\u00f5es das apresenta\u00e7\u00f5es cl\u00ednicas e um guia de testes diagn\u00f3sticos para cada uma delas. \u00c9 uma obra que certamente ajudar\u00e1 os cl\u00ednicos a prestar um atendimento r\u00e1pido e seguro tanto nas doen\u00e7as comuns quanto naquelas que necessitam de cuidado de um especialista.<\/p>\n<p>Ideal para o cl\u00ednico geral e para os estudantes de medicina veterin\u00e1ria. De interesse tamb\u00e9m para os enfermeiros veterin\u00e1rios, bem como para tratadores e criadores de c\u00e3es e gatos.<\/p>\n","protected":false},"excerpt":{"rendered":"<p>Com abordagem de todas as doen\u00e7as cut\u00e2neas comuns tanto no c\u00e3o quanto no gato, o texto confere particular aten\u00e7\u00e3o \u00e0s diferen\u00e7as entre as duas esp\u00e9cies. Cada cap\u00edtulo enfoca um tipo diferente de doen\u00e7a de pele, com descri\u00e7\u00f5es das apresenta\u00e7\u00f5es cl\u00ednicas e um guia de testes diagn\u00f3sticos para cada uma delas. \u00c9 uma obra que certamente&hellip;&nbsp;<a href=\"https:\/\/livrariadocampus.com.br\/loja\/produto\/manual-de-doencas-da-pele-do-cao-e-do-gato-sue-paterson-2-ed-2010\/\" class=\"\" rel=\"bookmark\">Continue a ler &raquo;<span class=\"screen-reader-text\">Manual De Doencas Da Pele Do Cao E Do Gato SUE PATERSON 2 ED 2010<\/span><\/a><\/p>\n","protected":false},"featured_media":5768,"template":"","meta":{"neve_meta_sidebar":"","neve_meta_container":"","neve_meta_enable_content_width":"off","neve_meta_content_width":0,"neve_meta_title_alignment":"","neve_meta_author_avatar":"","neve_post_elements_order":"","neve_meta_disable_header":"","neve_meta_disable_footer":"","neve_meta_disable_title":"","_joinchat":[]},"product_brand":[],"product_cat":[253],"product_tag":[],"class_list":{"0":"post-5767","1":"product","2":"type-product","3":"status-publish","4":"has-post-thumbnail","6":"product_cat-veterinaria-e-zootecnia","8":"first","9":"instock","10":"shipping-taxable","11":"purchasable","12":"product-type-simple"},"jetpack_sharing_enabled":true,"_links":{"self":[{"href":"https:\/\/livrariadocampus.com.br\/loja\/wp-json\/wp\/v2\/product\/5767","targetHints":{"allow":["GET"]}}],"collection":[{"href":"https:\/\/livrariadocampus.com.br\/loja\/wp-json\/wp\/v2\/product"}],"about":[{"href":"https:\/\/livrariadocampus.com.br\/loja\/wp-json\/wp\/v2\/types\/product"}],"wp:featuredmedia":[{"embeddable":true,"href":"https:\/\/livrariadocampus.com.br\/loja\/wp-json\/wp\/v2\/media\/5768"}],"wp:attachment":[{"href":"https:\/\/livrariadocampus.com.br\/loja\/wp-json\/wp\/v2\/media?parent=5767"}],"wp:term":[{"taxonomy":"product_brand","embeddable":true,"href":"https:\/\/livrariadocampus.com.br\/loja\/wp-json\/wp\/v2\/product_brand?post=5767"},{"taxonomy":"product_cat","embeddable":true,"href":"https:\/\/livrariadocampus.com.br\/loja\/wp-json\/wp\/v2\/product_cat?post=5767"},{"taxonomy":"product_tag","embeddable":true,"href":"https:\/\/livrariadocampus.com.br\/loja\/wp-json\/wp\/v2\/product_tag?post=5767"}],"curies":[{"name":"wp","href":"https:\/\/api.w.org\/{rel}","templated":true}]}}