{"id":5723,"date":"2020-09-28T16:52:42","date_gmt":"2020-09-28T19:52:42","guid":{"rendered":"https:\/\/www.livrariadocampus.com.br\/?post_type=product&#038;p=5723"},"modified":"2023-06-12T14:18:32","modified_gmt":"2023-06-12T17:18:32","slug":"a-economia-da-natureza-portugues-2016-por-rick-relyea-autor-robert-ricklefs-autor","status":"publish","type":"product","link":"https:\/\/livrariadocampus.com.br\/loja\/produto\/a-economia-da-natureza-portugues-2016-por-rick-relyea-autor-robert-ricklefs-autor\/","title":{"rendered":"A Economia da Natureza (Portugu\u00eas)  2016 por Rick Relyea  (Autor), Robert Ricklefs (Autor)"},"content":{"rendered":"<p>Desde que A Economia da Natureza foi lan\u00e7ada em 1976,\u00a0tem conquistado seguidores fortes e leais. Esta s\u00e9tima edi\u00e7\u00e3o\u00a0conta com a nova colabora\u00e7\u00e3o de Rick Relya. Quando\u00a0conversamos pela primeira vez a respeito do livro, em 2009,\u00a0imediatamente ficou claro que t\u00ednhamos uma vis\u00e3o semelhante\u00a0sobre manter tudo o que foi bem-sucedido na edi\u00e7\u00e3o\u00a0anterior enquanto faz\u00edamos a atualiza\u00e7\u00e3o. Realizamos uma\u00a0ampla pesquisa na \u00e1rea para nos certificar do que n\u00e3o poderia\u00a0faltar em um comp\u00eandio; portanto, esta edi\u00e7\u00e3o \u00e9 o resultado\u00a0de um esfor\u00e7o de quatro anos para oferecer ao leitor\u00a0uma obra de excel\u00eancia e completamente nova.<\/p>\n","protected":false},"excerpt":{"rendered":"<p>Desde que A Economia da Natureza foi lan\u00e7ada em 1976,\u00a0tem conquistado seguidores fortes e leais. Esta s\u00e9tima edi\u00e7\u00e3o\u00a0conta com a nova colabora\u00e7\u00e3o de Rick Relya. Quando\u00a0conversamos pela primeira vez a respeito do livro, em 2009,\u00a0imediatamente ficou claro que t\u00ednhamos uma vis\u00e3o semelhante\u00a0sobre manter tudo o que foi bem-sucedido na edi\u00e7\u00e3o\u00a0anterior enquanto faz\u00edamos a atualiza\u00e7\u00e3o. Realizamos&hellip;&nbsp;<a href=\"https:\/\/livrariadocampus.com.br\/loja\/produto\/a-economia-da-natureza-portugues-2016-por-rick-relyea-autor-robert-ricklefs-autor\/\" class=\"\" rel=\"bookmark\">Continue a ler &raquo;<span class=\"screen-reader-text\">A Economia da Natureza (Portugu\u00eas)  2016 por Rick Relyea  (Autor), Robert Ricklefs (Autor)<\/span><\/a><\/p>\n","protected":false},"featured_media":5724,"template":"","meta":{"neve_meta_sidebar":"","neve_meta_container":"","neve_meta_enable_content_width":"off","neve_meta_content_width":0,"neve_meta_title_alignment":"","neve_meta_author_avatar":"","neve_post_elements_order":"","neve_meta_disable_header":"","neve_meta_disable_footer":"","neve_meta_disable_title":"","_joinchat":[]},"product_brand":[],"product_cat":[80,142,135,185],"product_tag":[],"class_list":{"0":"post-5723","1":"product","2":"type-product","3":"status-publish","4":"has-post-thumbnail","6":"product_cat-biologia","7":"product_cat-ecologia","8":"product_cat-economia","9":"product_cat-zoologia","11":"first","12":"instock","13":"sale","14":"shipping-taxable","15":"purchasable","16":"product-type-simple"},"jetpack_sharing_enabled":true,"_links":{"self":[{"href":"https:\/\/livrariadocampus.com.br\/loja\/wp-json\/wp\/v2\/product\/5723","targetHints":{"allow":["GET"]}}],"collection":[{"href":"https:\/\/livrariadocampus.com.br\/loja\/wp-json\/wp\/v2\/product"}],"about":[{"href":"https:\/\/livrariadocampus.com.br\/loja\/wp-json\/wp\/v2\/types\/product"}],"wp:featuredmedia":[{"embeddable":true,"href":"https:\/\/livrariadocampus.com.br\/loja\/wp-json\/wp\/v2\/media\/5724"}],"wp:attachment":[{"href":"https:\/\/livrariadocampus.com.br\/loja\/wp-json\/wp\/v2\/media?parent=5723"}],"wp:term":[{"taxonomy":"product_brand","embeddable":true,"href":"https:\/\/livrariadocampus.com.br\/loja\/wp-json\/wp\/v2\/product_brand?post=5723"},{"taxonomy":"product_cat","embeddable":true,"href":"https:\/\/livrariadocampus.com.br\/loja\/wp-json\/wp\/v2\/product_cat?post=5723"},{"taxonomy":"product_tag","embeddable":true,"href":"https:\/\/livrariadocampus.com.br\/loja\/wp-json\/wp\/v2\/product_tag?post=5723"}],"curies":[{"name":"wp","href":"https:\/\/api.w.org\/{rel}","templated":true}]}}