{"id":5721,"date":"2020-09-28T16:47:53","date_gmt":"2020-09-28T19:47:53","guid":{"rendered":"https:\/\/www.livrariadocampus.com.br\/?post_type=product&#038;p=5721"},"modified":"2024-09-23T15:57:49","modified_gmt":"2024-09-23T18:57:49","slug":"vertebrados-anatomia-comparada-funcao-e-evolucao-2011-por-kenneth-v-kardong-autor","status":"publish","type":"product","link":"https:\/\/livrariadocampus.com.br\/loja\/produto\/vertebrados-anatomia-comparada-funcao-e-evolucao-2011-por-kenneth-v-kardong-autor\/","title":{"rendered":"Vertebrados. Anatomia Comparada, Fun\u00e7\u00e3o e Evolu\u00e7\u00e3o  2011 por Kenneth V Kardong (Autor)"},"content":{"rendered":"<p>Uma profus\u00e3o de informa\u00e7\u00f5es novas enriquece a disciplina de biologia dos vertebrados, incluindo diversas informa\u00e7\u00f5es provenientes da biologia molecular, genes Hox e genomas, evolu\u00e7\u00e3o e desenvolvimento, biomec\u00e2nica, fisiologia experimental e novos f\u00f3sseis surpreendentes. A quinta edi\u00e7\u00e3o de Vertebrados \u0096 Anatomia Comparada, Fun\u00e7\u00e3o e Evolu\u00e7\u00e3o tem por objetivo torn\u00e1-las mais compreens\u00edveis, a fim de ajudar e incentivar os estudantes a pensarem criticamente sobre a import\u00e2ncia funcional e evolutiva d a anatomia apresentada e explorada.<\/p>\n","protected":false},"excerpt":{"rendered":"<p>Uma profus\u00e3o de informa\u00e7\u00f5es novas enriquece a disciplina de biologia dos vertebrados, incluindo diversas informa\u00e7\u00f5es provenientes da biologia molecular, genes Hox e genomas, evolu\u00e7\u00e3o e desenvolvimento, biomec\u00e2nica, fisiologia experimental e novos f\u00f3sseis surpreendentes. A quinta edi\u00e7\u00e3o de Vertebrados \u0096 Anatomia Comparada, Fun\u00e7\u00e3o e Evolu\u00e7\u00e3o tem por objetivo torn\u00e1-las mais compreens\u00edveis, a fim de ajudar e&hellip;&nbsp;<a href=\"https:\/\/livrariadocampus.com.br\/loja\/produto\/vertebrados-anatomia-comparada-funcao-e-evolucao-2011-por-kenneth-v-kardong-autor\/\" class=\"\" rel=\"bookmark\">Continue a ler &raquo;<span class=\"screen-reader-text\">Vertebrados. Anatomia Comparada, Fun\u00e7\u00e3o e Evolu\u00e7\u00e3o  2011 por Kenneth V Kardong (Autor)<\/span><\/a><\/p>\n","protected":false},"featured_media":5722,"template":"","meta":{"neve_meta_sidebar":"","neve_meta_container":"","neve_meta_enable_content_width":"off","neve_meta_content_width":0,"neve_meta_title_alignment":"","neve_meta_author_avatar":"","neve_post_elements_order":"","neve_meta_disable_header":"","neve_meta_disable_footer":"","neve_meta_disable_title":"","_joinchat":[]},"product_brand":[],"product_cat":[80,239,185],"product_tag":[],"class_list":{"0":"post-5721","1":"product","2":"type-product","3":"status-publish","4":"has-post-thumbnail","6":"product_cat-biologia","7":"product_cat-ciencias-exatas","8":"product_cat-zoologia","10":"first","11":"instock","12":"shipping-taxable","13":"purchasable","14":"product-type-simple"},"jetpack_sharing_enabled":true,"_links":{"self":[{"href":"https:\/\/livrariadocampus.com.br\/loja\/wp-json\/wp\/v2\/product\/5721","targetHints":{"allow":["GET"]}}],"collection":[{"href":"https:\/\/livrariadocampus.com.br\/loja\/wp-json\/wp\/v2\/product"}],"about":[{"href":"https:\/\/livrariadocampus.com.br\/loja\/wp-json\/wp\/v2\/types\/product"}],"wp:featuredmedia":[{"embeddable":true,"href":"https:\/\/livrariadocampus.com.br\/loja\/wp-json\/wp\/v2\/media\/5722"}],"wp:attachment":[{"href":"https:\/\/livrariadocampus.com.br\/loja\/wp-json\/wp\/v2\/media?parent=5721"}],"wp:term":[{"taxonomy":"product_brand","embeddable":true,"href":"https:\/\/livrariadocampus.com.br\/loja\/wp-json\/wp\/v2\/product_brand?post=5721"},{"taxonomy":"product_cat","embeddable":true,"href":"https:\/\/livrariadocampus.com.br\/loja\/wp-json\/wp\/v2\/product_cat?post=5721"},{"taxonomy":"product_tag","embeddable":true,"href":"https:\/\/livrariadocampus.com.br\/loja\/wp-json\/wp\/v2\/product_tag?post=5721"}],"curies":[{"name":"wp","href":"https:\/\/api.w.org\/{rel}","templated":true}]}}