{"id":5719,"date":"2020-09-28T16:41:36","date_gmt":"2020-09-28T19:41:36","guid":{"rendered":"https:\/\/www.livrariadocampus.com.br\/?post_type=product&#038;p=5719"},"modified":"2024-01-17T11:48:30","modified_gmt":"2024-01-17T14:48:30","slug":"fisiologia-vegetal-portugues-capa-comum-2008-por-kerbauy-autor","status":"publish","type":"product","link":"https:\/\/livrariadocampus.com.br\/loja\/produto\/fisiologia-vegetal-portugues-capa-comum-2008-por-kerbauy-autor\/","title":{"rendered":"Fisiologia Vegetal (Portugu\u00eas) Capa comum \u2013 2008 por Kerbauy (Autor)"},"content":{"rendered":"<p>Este livro est\u00e1 calcado em tr\u00eas processos din\u00e2micos: o crescimento, o metabolismo e a reprodu\u00e7\u00e3o. Na abordagem de cada um deles, poder\u00e1 ser verificado o quanto t\u00eam contribu\u00eddo a F\u00edsica, a Bioqu\u00edmica e a Biologia Molecular para a compreens\u00e3o dos processos fundamentais do desenvolvimento das plantas. Nesta edi\u00e7\u00e3o foram inclu\u00eddos novos conhecimentos oriundos das experi\u00eancias e pesquisas em Fisiologia Vegetal. Quinze cap\u00edtulos foram atualizados e\/ou modificados porinteiro, e dois novos cap\u00edtulos foram agora inclu\u00eddos: Parede Celular e Frutifica\u00e7\u00e3o e Amadurecimento.<\/p>\n","protected":false},"excerpt":{"rendered":"<p>Este livro est\u00e1 calcado em tr\u00eas processos din\u00e2micos: o crescimento, o metabolismo e a reprodu\u00e7\u00e3o. Na abordagem de cada um deles, poder\u00e1 ser verificado o quanto t\u00eam contribu\u00eddo a F\u00edsica, a Bioqu\u00edmica e a Biologia Molecular para a compreens\u00e3o dos processos fundamentais do desenvolvimento das plantas. Nesta edi\u00e7\u00e3o foram inclu\u00eddos novos conhecimentos oriundos das experi\u00eancias&hellip;&nbsp;<a href=\"https:\/\/livrariadocampus.com.br\/loja\/produto\/fisiologia-vegetal-portugues-capa-comum-2008-por-kerbauy-autor\/\" class=\"\" rel=\"bookmark\">Continue a ler &raquo;<span class=\"screen-reader-text\">Fisiologia Vegetal (Portugu\u00eas) Capa comum \u2013 2008 por Kerbauy (Autor)<\/span><\/a><\/p>\n","protected":false},"featured_media":5720,"template":"","meta":{"neve_meta_sidebar":"","neve_meta_container":"","neve_meta_enable_content_width":"off","neve_meta_content_width":0,"neve_meta_title_alignment":"","neve_meta_author_avatar":"","neve_post_elements_order":"","neve_meta_disable_header":"","neve_meta_disable_footer":"","neve_meta_disable_title":"","_joinchat":[]},"product_brand":[],"product_cat":[80,239,97],"product_tag":[],"class_list":{"0":"post-5719","1":"product","2":"type-product","3":"status-publish","4":"has-post-thumbnail","6":"product_cat-biologia","7":"product_cat-ciencias-exatas","8":"product_cat-fisiologia","10":"first","11":"outofstock","12":"shipping-taxable","13":"purchasable","14":"product-type-simple"},"jetpack_sharing_enabled":true,"_links":{"self":[{"href":"https:\/\/livrariadocampus.com.br\/loja\/wp-json\/wp\/v2\/product\/5719","targetHints":{"allow":["GET"]}}],"collection":[{"href":"https:\/\/livrariadocampus.com.br\/loja\/wp-json\/wp\/v2\/product"}],"about":[{"href":"https:\/\/livrariadocampus.com.br\/loja\/wp-json\/wp\/v2\/types\/product"}],"wp:featuredmedia":[{"embeddable":true,"href":"https:\/\/livrariadocampus.com.br\/loja\/wp-json\/wp\/v2\/media\/5720"}],"wp:attachment":[{"href":"https:\/\/livrariadocampus.com.br\/loja\/wp-json\/wp\/v2\/media?parent=5719"}],"wp:term":[{"taxonomy":"product_brand","embeddable":true,"href":"https:\/\/livrariadocampus.com.br\/loja\/wp-json\/wp\/v2\/product_brand?post=5719"},{"taxonomy":"product_cat","embeddable":true,"href":"https:\/\/livrariadocampus.com.br\/loja\/wp-json\/wp\/v2\/product_cat?post=5719"},{"taxonomy":"product_tag","embeddable":true,"href":"https:\/\/livrariadocampus.com.br\/loja\/wp-json\/wp\/v2\/product_tag?post=5719"}],"curies":[{"name":"wp","href":"https:\/\/api.w.org\/{rel}","templated":true}]}}