{"id":5717,"date":"2020-09-28T16:16:48","date_gmt":"2020-09-28T19:16:48","guid":{"rendered":"https:\/\/www.livrariadocampus.com.br\/?post_type=product&#038;p=5717"},"modified":"2024-01-17T11:48:48","modified_gmt":"2024-01-17T14:48:48","slug":"biologia-de-campbell-portugues-por-jane-b-reece-autor-steven-a-wasserman-autor-lisa-a-urry","status":"publish","type":"product","link":"https:\/\/livrariadocampus.com.br\/loja\/produto\/biologia-de-campbell-portugues-por-jane-b-reece-autor-steven-a-wasserman-autor-lisa-a-urry\/","title":{"rendered":"Biologia de Campbell (Portugu\u00eas) por Jane B. Reece  (Autor), Steven A. Wasserman (Autor), Lisa A. Urry"},"content":{"rendered":"<p>Traduzido em diversas l\u00ednguas e utilizado por milh\u00f5es de estudantes,\u00a0Biologia de Campbell tem sido a principal refer\u00eancia acad\u00eamica das ci\u00eancias\u00a0biol\u00f3gicas h\u00e1 mais de 25 anos. O sucesso desta obra se deve tanto \u00e0 vis\u00e3o\u00a0cient\u00edfica e pedag\u00f3gica de Neil Campbell quanto \u00e0s in\u00fameras contribui\u00e7\u00f5es\u00a0da comunidade acad\u00eamica internacional, que ajudou a moldar e aperfei\u00e7oar\u00a0um livro cl\u00e1ssico para os padr\u00f5es de ensino atuais.<\/p>\n","protected":false},"excerpt":{"rendered":"<p>Traduzido em diversas l\u00ednguas e utilizado por milh\u00f5es de estudantes,\u00a0Biologia de Campbell tem sido a principal refer\u00eancia acad\u00eamica das ci\u00eancias\u00a0biol\u00f3gicas h\u00e1 mais de 25 anos. O sucesso desta obra se deve tanto \u00e0 vis\u00e3o\u00a0cient\u00edfica e pedag\u00f3gica de Neil Campbell quanto \u00e0s in\u00fameras contribui\u00e7\u00f5es\u00a0da comunidade acad\u00eamica internacional, que ajudou a moldar e aperfei\u00e7oar\u00a0um livro cl\u00e1ssico para&hellip;&nbsp;<a href=\"https:\/\/livrariadocampus.com.br\/loja\/produto\/biologia-de-campbell-portugues-por-jane-b-reece-autor-steven-a-wasserman-autor-lisa-a-urry\/\" class=\"\" rel=\"bookmark\">Continue a ler &raquo;<span class=\"screen-reader-text\">Biologia de Campbell (Portugu\u00eas) por Jane B. Reece  (Autor), Steven A. Wasserman (Autor), Lisa A. Urry<\/span><\/a><\/p>\n","protected":false},"featured_media":5718,"template":"","meta":{"neve_meta_sidebar":"","neve_meta_container":"","neve_meta_enable_content_width":"off","neve_meta_content_width":0,"neve_meta_title_alignment":"","neve_meta_author_avatar":"","neve_post_elements_order":"","neve_meta_disable_header":"","neve_meta_disable_footer":"","neve_meta_disable_title":"","_joinchat":[]},"product_brand":[],"product_cat":[80,53,239],"product_tag":[],"class_list":{"0":"post-5717","1":"product","2":"type-product","3":"status-publish","4":"has-post-thumbnail","6":"product_cat-biologia","7":"product_cat-botanica","8":"product_cat-ciencias-exatas","10":"first","11":"instock","12":"shipping-taxable","13":"purchasable","14":"product-type-simple"},"jetpack_sharing_enabled":true,"_links":{"self":[{"href":"https:\/\/livrariadocampus.com.br\/loja\/wp-json\/wp\/v2\/product\/5717","targetHints":{"allow":["GET"]}}],"collection":[{"href":"https:\/\/livrariadocampus.com.br\/loja\/wp-json\/wp\/v2\/product"}],"about":[{"href":"https:\/\/livrariadocampus.com.br\/loja\/wp-json\/wp\/v2\/types\/product"}],"wp:featuredmedia":[{"embeddable":true,"href":"https:\/\/livrariadocampus.com.br\/loja\/wp-json\/wp\/v2\/media\/5718"}],"wp:attachment":[{"href":"https:\/\/livrariadocampus.com.br\/loja\/wp-json\/wp\/v2\/media?parent=5717"}],"wp:term":[{"taxonomy":"product_brand","embeddable":true,"href":"https:\/\/livrariadocampus.com.br\/loja\/wp-json\/wp\/v2\/product_brand?post=5717"},{"taxonomy":"product_cat","embeddable":true,"href":"https:\/\/livrariadocampus.com.br\/loja\/wp-json\/wp\/v2\/product_cat?post=5717"},{"taxonomy":"product_tag","embeddable":true,"href":"https:\/\/livrariadocampus.com.br\/loja\/wp-json\/wp\/v2\/product_tag?post=5717"}],"curies":[{"name":"wp","href":"https:\/\/api.w.org\/{rel}","templated":true}]}}