{"id":5713,"date":"2020-09-28T16:11:39","date_gmt":"2020-09-28T19:11:39","guid":{"rendered":"https:\/\/www.livrariadocampus.com.br\/?post_type=product&#038;p=5713"},"modified":"2024-01-17T11:49:03","modified_gmt":"2024-01-17T14:49:03","slug":"biologia-vegetal-portugues-capa-comum-2014-por-raven-autor","status":"publish","type":"product","link":"https:\/\/livrariadocampus.com.br\/loja\/produto\/biologia-vegetal-portugues-capa-comum-2014-por-raven-autor\/","title":{"rendered":"Biologia Vegetal (Portugu\u00eas) Capa comum \u2013   por Raven (Autor)"},"content":{"rendered":"<p>Mais que uma nova edi\u00e7\u00e3o, um novo livro! A nova edi\u00e7\u00e3o de Raven | Biologia Vegetal reflete o trabalho extensivo dos autores para trazer aos leitores os avan\u00e7os que t\u00eam sido realizados em todas as \u00e1reas da Biologia Vegetal. Ocorreram progressos importantes na \u00e1rea da bot\u00e2nica que v\u00e3o desde os novos detalhes moleculares em fotoss\u00edntese at\u00e9 as grandes diferen\u00e7as nas rela\u00e7\u00f5es taxon\u00f4micas que t\u00eam sido mostradas pela compara\u00e7\u00e3o das sequ\u00eancias de DNA e RNA, al\u00e9m dos avan\u00e7os em gen\u00f4mica e engenharia gen\u00e9tica e o aprimoramento da compreens\u00e3o da anatomia e fisiologia das plantas. Esta edi\u00e7\u00e3o da obra passou pela mais importante revis\u00e3o de sua hist\u00f3ria, sendo cada t\u00f3pico analisado em detalhe, revisto e atualizado quando necess\u00e1rio. Caracter\u00edsticas importantes: A narrativa foi aprimorada, de modo a esclarecer e a expandir as discuss\u00f5es sobre cada assunto Os termos novos foram definidos cuidadosamente\u00a0 Foram adicionados novos diagramas, fotografias e micrografias eletr\u00f4nicas Cada cap\u00edtulo agora se inicia com uma fotografia atrativa e uma legenda informativa que relata o conte\u00fado do cap\u00edtulo. Acompanhe as nossas publica\u00e7\u00f5es, cadastre-se e receba as informa\u00e7\u00f5es por e-mail (Clique aqui!).<\/p>\n","protected":false},"excerpt":{"rendered":"<p>Mais que uma nova edi\u00e7\u00e3o, um novo livro! A nova edi\u00e7\u00e3o de Raven | Biologia Vegetal reflete o trabalho extensivo dos autores para trazer aos leitores os avan\u00e7os que t\u00eam sido realizados em todas as \u00e1reas da Biologia Vegetal. Ocorreram progressos importantes na \u00e1rea da bot\u00e2nica que v\u00e3o desde os novos detalhes moleculares em fotoss\u00edntese&hellip;&nbsp;<a href=\"https:\/\/livrariadocampus.com.br\/loja\/produto\/biologia-vegetal-portugues-capa-comum-2014-por-raven-autor\/\" class=\"\" rel=\"bookmark\">Continue a ler &raquo;<span class=\"screen-reader-text\">Biologia Vegetal (Portugu\u00eas) Capa comum \u2013   por Raven (Autor)<\/span><\/a><\/p>\n","protected":false},"featured_media":5716,"template":"","meta":{"neve_meta_sidebar":"","neve_meta_container":"","neve_meta_enable_content_width":"off","neve_meta_content_width":0,"neve_meta_title_alignment":"","neve_meta_author_avatar":"","neve_post_elements_order":"","neve_meta_disable_header":"","neve_meta_disable_footer":"","neve_meta_disable_title":"","_joinchat":[]},"product_brand":[],"product_cat":[80,53,239,142],"product_tag":[],"class_list":{"0":"post-5713","1":"product","2":"type-product","3":"status-publish","4":"has-post-thumbnail","6":"product_cat-biologia","7":"product_cat-botanica","8":"product_cat-ciencias-exatas","9":"product_cat-ecologia","11":"first","12":"instock","13":"shipping-taxable","14":"purchasable","15":"product-type-simple"},"jetpack_sharing_enabled":true,"_links":{"self":[{"href":"https:\/\/livrariadocampus.com.br\/loja\/wp-json\/wp\/v2\/product\/5713","targetHints":{"allow":["GET"]}}],"collection":[{"href":"https:\/\/livrariadocampus.com.br\/loja\/wp-json\/wp\/v2\/product"}],"about":[{"href":"https:\/\/livrariadocampus.com.br\/loja\/wp-json\/wp\/v2\/types\/product"}],"wp:featuredmedia":[{"embeddable":true,"href":"https:\/\/livrariadocampus.com.br\/loja\/wp-json\/wp\/v2\/media\/5716"}],"wp:attachment":[{"href":"https:\/\/livrariadocampus.com.br\/loja\/wp-json\/wp\/v2\/media?parent=5713"}],"wp:term":[{"taxonomy":"product_brand","embeddable":true,"href":"https:\/\/livrariadocampus.com.br\/loja\/wp-json\/wp\/v2\/product_brand?post=5713"},{"taxonomy":"product_cat","embeddable":true,"href":"https:\/\/livrariadocampus.com.br\/loja\/wp-json\/wp\/v2\/product_cat?post=5713"},{"taxonomy":"product_tag","embeddable":true,"href":"https:\/\/livrariadocampus.com.br\/loja\/wp-json\/wp\/v2\/product_tag?post=5713"}],"curies":[{"name":"wp","href":"https:\/\/api.w.org\/{rel}","templated":true}]}}