{"id":5709,"date":"2020-09-28T15:58:45","date_gmt":"2020-09-28T18:58:45","guid":{"rendered":"https:\/\/www.livrariadocampus.com.br\/?post_type=product&#038;p=5709"},"modified":"2024-01-15T12:15:41","modified_gmt":"2024-01-15T15:15:41","slug":"insetos-fundamentos-da-entomologia-2017-por-cranston-autor-gullan-autor","status":"publish","type":"product","link":"https:\/\/livrariadocampus.com.br\/loja\/produto\/insetos-fundamentos-da-entomologia-2017-por-cranston-autor-gullan-autor\/","title":{"rendered":"Insetos &#8211; Fundamentos da Entomologia  2017 por Cranston (Autor), Gullan (Autor)"},"content":{"rendered":"<p>Insetos | Fundamentos da Entomologia apresenta um excelente conte\u00fado, fundamentado em evid\u00eancias cient\u00edficas, tendo a entomologia como ponto central na teoria e na pr\u00e1tica de estudos evolutivos e ecol\u00f3gicos. Indispens\u00e1vel como texto principal para os estudantes de entomologia, \u00e9 tamb\u00e9m literatura \u00fatil nos cursos de gradua\u00e7\u00e3o e p\u00f3s-gradua\u00e7\u00e3o nas \u00e1reas de ecologia, agricultura, pesca e engenharia florestal, paleontologia, zoologia e ci\u00eancias m\u00e9dicas e veterin\u00e1rias. Atualizada com base nas mais recentes pesquisas na \u00e1rea, esta quinta edi\u00e7\u00e3o foi inteiramente revisada e passou por diversos aprimoramentos, entre os quais se destacam a inclus\u00e3o de novos boxes e primorosas ilustra\u00e7\u00f5es feitas \u00e0 m\u00e3o, a criteriosa revis\u00e3o dos taxoboxes, que proporcionam informa\u00e7\u00f5es concisas sobre todos os aspectos de cada um dos 28 agrupamentos (ordens) principais de insetos \u2013 al\u00e9m das tr\u00eas ordens de hex\u00e1podes n\u00e3o insetos \u2013, a intensa atualiza\u00e7\u00e3o do cap\u00edtulo Sistem\u00e1tica dos Insetos | Filogenia e Classifica\u00e7\u00e3o e a inclus\u00e3o do cap\u00edtulo Insetos em um Mundo em Mudan\u00e7a, que aborda as respostas dos insetos e suas consequ\u00eancias em rela\u00e7\u00e3o \u00e0s mudan\u00e7as clim\u00e1ticas e \u00e0s altera\u00e7\u00f5es globais decorrentes da atividade humana em rela\u00e7\u00e3o \u00e0 distribui\u00e7\u00e3o dos insetos.<\/p>\n","protected":false},"excerpt":{"rendered":"<p>Insetos | Fundamentos da Entomologia apresenta um excelente conte\u00fado, fundamentado em evid\u00eancias cient\u00edficas, tendo a entomologia como ponto central na teoria e na pr\u00e1tica de estudos evolutivos e ecol\u00f3gicos. Indispens\u00e1vel como texto principal para os estudantes de entomologia, \u00e9 tamb\u00e9m literatura \u00fatil nos cursos de gradua\u00e7\u00e3o e p\u00f3s-gradua\u00e7\u00e3o nas \u00e1reas de ecologia, agricultura, pesca e&hellip;&nbsp;<a href=\"https:\/\/livrariadocampus.com.br\/loja\/produto\/insetos-fundamentos-da-entomologia-2017-por-cranston-autor-gullan-autor\/\" class=\"\" rel=\"bookmark\">Continue a ler &raquo;<span class=\"screen-reader-text\">Insetos &#8211; Fundamentos da Entomologia  2017 por Cranston (Autor), Gullan (Autor)<\/span><\/a><\/p>\n","protected":false},"featured_media":5710,"template":"","meta":{"neve_meta_sidebar":"","neve_meta_container":"","neve_meta_enable_content_width":"off","neve_meta_content_width":0,"neve_meta_title_alignment":"","neve_meta_author_avatar":"","neve_post_elements_order":"","neve_meta_disable_header":"","neve_meta_disable_footer":"","neve_meta_disable_title":"","_joinchat":[]},"product_brand":[],"product_cat":[80,179,239,185],"product_tag":[],"class_list":{"0":"post-5709","1":"product","2":"type-product","3":"status-publish","4":"has-post-thumbnail","6":"product_cat-biologia","7":"product_cat-biotecnologia","8":"product_cat-ciencias-exatas","9":"product_cat-zoologia","11":"first","12":"instock","13":"shipping-taxable","14":"purchasable","15":"product-type-simple"},"jetpack_sharing_enabled":true,"_links":{"self":[{"href":"https:\/\/livrariadocampus.com.br\/loja\/wp-json\/wp\/v2\/product\/5709","targetHints":{"allow":["GET"]}}],"collection":[{"href":"https:\/\/livrariadocampus.com.br\/loja\/wp-json\/wp\/v2\/product"}],"about":[{"href":"https:\/\/livrariadocampus.com.br\/loja\/wp-json\/wp\/v2\/types\/product"}],"wp:featuredmedia":[{"embeddable":true,"href":"https:\/\/livrariadocampus.com.br\/loja\/wp-json\/wp\/v2\/media\/5710"}],"wp:attachment":[{"href":"https:\/\/livrariadocampus.com.br\/loja\/wp-json\/wp\/v2\/media?parent=5709"}],"wp:term":[{"taxonomy":"product_brand","embeddable":true,"href":"https:\/\/livrariadocampus.com.br\/loja\/wp-json\/wp\/v2\/product_brand?post=5709"},{"taxonomy":"product_cat","embeddable":true,"href":"https:\/\/livrariadocampus.com.br\/loja\/wp-json\/wp\/v2\/product_cat?post=5709"},{"taxonomy":"product_tag","embeddable":true,"href":"https:\/\/livrariadocampus.com.br\/loja\/wp-json\/wp\/v2\/product_tag?post=5709"}],"curies":[{"name":"wp","href":"https:\/\/api.w.org\/{rel}","templated":true}]}}